{"id":2359,"date":"2023-10-19T13:03:09","date_gmt":"2023-10-19T18:03:09","guid":{"rendered":"https:\/\/q1dapyf5zv.onrocket.site\/?page_id=2359"},"modified":"2025-10-22T17:43:11","modified_gmt":"2025-10-22T23:43:11","slug":"juridico-fiscal","status":"publish","type":"page","link":"https:\/\/taxid.mx\/english\/juridico-fiscal\/","title":{"rendered":"CORPORATE LEGAL"},"content":{"rendered":"<p>[et_pb_section fb_built=\u00bb1&#8243; admin_label=\u00bbHeader\u00bb _builder_version=\u00bb4.16&#8243; background_enable_color=\u00bboff\u00bb background_color_gradient_start=\u00bbrgba(31,54,92,0.8)\u00bb background_color_gradient_end=\u00bb#1f365c\u00bb background_image=\u00bbhttps:\/\/taxid.mx\/wp-content\/uploads\/2021\/12\/fiscal-1.jpg\u00bb parallax=\u00bbon\u00bb custom_padding=\u00bb0vw|||||\u00bb global_colors_info=\u00bb{%22gcid-de1296c5-99a5-4fcc-8402-ea0b10abe181%22:%91%22background_color%22%93}\u00bb][et_pb_row column_structure=\u00bb1_2,1_2&#8243; _builder_version=\u00bb4.16&#8243; z_index=\u00bb1&#8243; global_colors_info=\u00bb{}\u00bb][et_pb_column type=\u00bb1_2&#8243; _builder_version=\u00bb4.16&#8243; global_colors_info=\u00bb{}\u00bb][et_pb_text _builder_version=\u00bb4.16&#8243; text_font=\u00bb||||||||\u00bb text_font_size=\u00bb16px\u00bb header_font=\u00bbOverpass|900|||||||\u00bb header_font_size=\u00bb48px\u00bb header_2_font_size=\u00bb17px\u00bb background_layout=\u00bbdark\u00bb width=\u00bb100%\u00bb custom_margin=\u00bb|-131px||||\u00bb header_font_size_tablet=\u00bb54px\u00bb header_font_size_phone=\u00bb32px\u00bb header_font_size_last_edited=\u00bbon|desktop\u00bb header_text_shadow_style=\u00bbpreset2&#8243; locked=\u00bboff\u00bb global_colors_info=\u00bb{}\u00bb]<\/p>\n<h1>LEGAL CORPORATIVO<\/h1>\n<p>La seguridad de cumplir con nuestras obligaciones legales es una gran preocupaci\u00f3n entre due\u00f1os de empresas, accionistas y directores. Las contingencias legales pueden afectar la operaci\u00f3n o incluso comprometer la estabilidad y reputaci\u00f3n de la empresa.<\/p>\n<p>Nuestro equipo de colaboradores expertos realizar\u00e1 un diagn\u00f3stico legal inicial para identificar las obligaciones corporativas que, por ley, tu empresa debe cumplir, desde la correcta elaboraci\u00f3n de actas de asamblea hasta la actualizaci\u00f3n de contratos y acuerdos internos.<\/p>\n<p>Ases\u00f3rate con profesionales de confianza y asegura la solidez legal de tu empresa. Agenda tu primera asesor\u00eda gratuita y comienza a proteger tu negocio con nosotros.<\/p>\n<p>[\/et_pb_text][\/et_pb_column][et_pb_column type=\u00bb1_2&#8243; _builder_version=\u00bb4.16&#8243; global_colors_info=\u00bb{}\u00bb][et_pb_image src=\u00bbhttps:\/\/taxid.mx\/wp-content\/uploads\/2021\/12\/13@3x.png\u00bb title_text=\u00bb13@3x\u00bb align=\u00bbcenter\u00bb _builder_version=\u00bb4.16&#8243; _module_preset=\u00bbdefault\u00bb width=\u00bb63.1%\u00bb global_colors_info=\u00bb{}\u00bb][\/et_pb_image][\/et_pb_column][\/et_pb_row][et_pb_row _builder_version=\u00bb4.16&#8243; z_index=\u00bb0&#8243; width=\u00bb100%\u00bb max_width=\u00bbnone\u00bb global_colors_info=\u00bb{}\u00bb][et_pb_column type=\u00bb4_4&#8243; _builder_version=\u00bb4.16&#8243; global_colors_info=\u00bb{}\u00bb][et_pb_image show_bottom_space=\u00bboff\u00bb force_fullwidth=\u00bbon\u00bb _builder_version=\u00bb4.16&#8243; custom_margin=\u00bb-49vw||-2px|||\u00bb global_colors_info=\u00bb{}\u00bb][\/et_pb_image][\/et_pb_column][\/et_pb_row][\/et_pb_section][et_pb_section fb_built=\u00bb1&#8243; disabled_on=\u00bboff|off|off\u00bb admin_label=\u00bbSecci\u00f3n\u00bb _builder_version=\u00bb4.17.4&#8243; _module_preset=\u00bbdefault\u00bb background_color=\u00bb#FFFFFF\u00bb custom_padding=\u00bb30px||30px||false|false\u00bb global_module=\u00bb1032&#8243; saved_tabs=\u00bball\u00bb locked=\u00bboff\u00bb collapsed=\u00bboff\u00bb global_colors_info=\u00bb{}\u00bb][et_pb_row _builder_version=\u00bb4.17.4&#8243; _module_preset=\u00bbdefault\u00bb max_width=\u00bb610px\u00bb custom_padding=\u00bb4px||4px||false|false\u00bb global_colors_info=\u00bb{}\u00bb][et_pb_column type=\u00bb4_4&#8243; _builder_version=\u00bb4.16&#8243; _module_preset=\u00bbdefault\u00bb global_colors_info=\u00bb{}\u00bb][et_pb_text _builder_version=\u00bb4.17.4&#8243; _module_preset=\u00bbdefault\u00bb header_font=\u00bb|700|||||||\u00bb header_text_color=\u00bb#1f365c\u00bb text_orientation=\u00bbcenter\u00bb animation_style=\u00bbfade\u00bb animation_direction=\u00bbleft\u00bb global_colors_info=\u00bb{}\u00bb]<\/p>\n<h1>AGENDA ONLINE TU PRIMER ASESOR\u00cdA GRATUITA CON UN EXPERTO\u00a0<\/h1>\n<div>\n<div class=\"bgn-wf-row\">\n<div class=\"bgn-wf-row\"><\/div>\n<\/div>\n<\/div>\n<p>[\/et_pb_text][divi_step_booking booking_params=\u00bbon\u00bb categories=\u00bb3&#8243; employees=\u00bb1&#8243; _builder_version=\u00bb4.17.4&#8243; _module_preset=\u00bbdefault\u00bb global_colors_info=\u00bb{}\u00bb][\/divi_step_booking][\/et_pb_column][\/et_pb_row][\/et_pb_section][et_pb_section fb_built=\u00bb1&#8243; _builder_version=\u00bb4.16&#8243; _module_preset=\u00bbdefault\u00bb background_enable_color=\u00bboff\u00bb background_image=\u00bbhttps:\/\/taxid.mx\/wp-content\/uploads\/2021\/12\/Recurso-50-1.png\u00bb custom_padding=\u00bb||154px|||\u00bb global_colors_info=\u00bb{}\u00bb][et_pb_row _builder_version=\u00bb4.16&#8243; _module_preset=\u00bbdefault\u00bb global_colors_info=\u00bb{}\u00bb][et_pb_column type=\u00bb4_4&#8243; _builder_version=\u00bb4.16&#8243; _module_preset=\u00bbdefault\u00bb global_colors_info=\u00bb{}\u00bb][et_pb_text _builder_version=\u00bb4.16&#8243; _module_preset=\u00bbdefault\u00bb global_colors_info=\u00bb{}\u00bb]<\/p>\n<h1 style=\"text-align: center;\"><span style=\"color: #ffffff;\"><strong>SERVICIOS LEGALES CORPORATIVOS<\/strong><\/span><\/h1>\n<p>[\/et_pb_text][\/et_pb_column][\/et_pb_row][et_pb_row column_structure=\u00bb1_5,1_5,1_5,1_5,1_5&#8243; _builder_version=\u00bb4.16&#8243; _module_preset=\u00bbdefault\u00bb width=\u00bb87.1%\u00bb global_colors_info=\u00bb{}\u00bb][et_pb_column type=\u00bb1_5&#8243; _builder_version=\u00bb4.16&#8243; _module_preset=\u00bbdefault\u00bb global_colors_info=\u00bb{}\u00bb][et_pb_blurb title=\u00bbACTAS DE ASAMBLEA\u00bb image=\u00bbhttps:\/\/taxid.mx\/wp-content\/uploads\/2021\/12\/1.png\u00bb _builder_version=\u00bb4.16&#8243; _module_preset=\u00bbdefault\u00bb header_text_align=\u00bbcenter\u00bb header_text_color=\u00bb#FFFFFF\u00bb body_text_color=\u00bb#FFFFFF\u00bb custom_margin=\u00bb|-37px||||\u00bb global_colors_info=\u00bb{}\u00bb]<\/p>\n<p>\u00a0Elaboramos actas para reuniones ordinarias y extraordinarias, ajustadas a las necesidades espec\u00edficas de cada empresa y cumpliendo con la normativa vigente.<\/p>\n<p>[\/et_pb_blurb][\/et_pb_column][et_pb_column type=\u00bb1_5&#8243; _builder_version=\u00bb4.16&#8243; _module_preset=\u00bbdefault\u00bb global_colors_info=\u00bb{}\u00bb][et_pb_blurb title=\u00bbCONTRATOS \u00bb image=\u00bbhttps:\/\/taxid.mx\/wp-content\/uploads\/2021\/12\/2.png\u00bb _builder_version=\u00bb4.16&#8243; _module_preset=\u00bbdefault\u00bb header_text_align=\u00bbcenter\u00bb header_text_color=\u00bb#FFFFFF\u00bb body_text_color=\u00bb#FFFFFF\u00bb custom_padding=\u00bb||0px|||\u00bb global_colors_info=\u00bb{}\u00bb]<\/p>\n<p>Nuestros contratos est\u00e1n dise\u00f1ados para minimizar riesgos y proporcionar claridad en cada compromiso, fortaleciendo la seguridad jur\u00eddica de tus operaciones.<\/p>\n<p>[\/et_pb_blurb][\/et_pb_column][et_pb_column type=\u00bb1_5&#8243; _builder_version=\u00bb4.16&#8243; _module_preset=\u00bbdefault\u00bb global_colors_info=\u00bb{}\u00bb][et_pb_blurb title=\u00bbFECHA CIERTA \u00bb image=\u00bbhttps:\/\/taxid.mx\/wp-content\/uploads\/2021\/12\/3.1.png\u00bb _builder_version=\u00bb4.16&#8243; _module_preset=\u00bbdefault\u00bb header_text_align=\u00bbcenter\u00bb header_text_color=\u00bb#FFFFFF\u00bb body_text_color=\u00bb#FFFFFF\u00bb global_colors_info=\u00bb{}\u00bb]<\/p>\n<p>\u00a0\u00a0Una vez identificados y evaluados los riesgos se deber\u00e1n redactar e implementar pol\u00edticas relacionadas con el cumplimiento fiscal.<\/p>\n<p>[\/et_pb_blurb][\/et_pb_column][et_pb_column type=\u00bb1_5&#8243; _builder_version=\u00bb4.16&#8243; _module_preset=\u00bbdefault\u00bb global_colors_info=\u00bb{}\u00bb][et_pb_blurb title=\u00bbAVISOS DE PRIVACIDAD \u00bb image=\u00bbhttps:\/\/taxid.mx\/wp-content\/uploads\/2021\/12\/4-1.png\u00bb _builder_version=\u00bb4.16&#8243; _module_preset=\u00bbdefault\u00bb header_text_align=\u00bbcenter\u00bb header_text_color=\u00bb#FFFFFF\u00bb body_text_color=\u00bb#FFFFFF\u00bb global_colors_info=\u00bb{}\u00bb]<\/p>\n<p>Nuestro servicio de Avisos de Privacidad garantiza que tu empresa cumpla con la normativa de protecci\u00f3n de datos, brindando transparencia y seguridad a todos los involucrados.<\/p>\n<p>[\/et_pb_blurb][\/et_pb_column][et_pb_column type=\u00bb1_5&#8243; _builder_version=\u00bb4.16&#8243; _module_preset=\u00bbdefault\u00bb global_colors_info=\u00bb{}\u00bb][et_pb_blurb title=\u00bbASESOR\u00cdA ESPECIALIZADA\u00bb image=\u00bbhttps:\/\/taxid.mx\/wp-content\/uploads\/2021\/12\/5.png\u00bb _builder_version=\u00bb4.16&#8243; _module_preset=\u00bbdefault\u00bb header_text_align=\u00bbcenter\u00bb header_text_color=\u00bb#FFFFFF\u00bb body_text_color=\u00bb#FFFFFF\u00bb global_colors_info=\u00bb{}\u00bb]<\/p>\n<p>Trabajamos de la mano contigo para identificar y abordar tus necesidades legales, asegurando que todas tus decisiones est\u00e9n respaldadas por un an\u00e1lisis exhaustivo y estrategias alineadas con los objetivos de tu empresa. \u00a0<\/p>\n<p>&nbsp;<\/p>\n<p>[\/et_pb_blurb][\/et_pb_column][\/et_pb_row][\/et_pb_section]<\/p>\n<span class=\"et_bloom_bottom_trigger\"><\/span>","protected":false},"excerpt":{"rendered":"<p>LEGAL CORPORATIVO La seguridad de cumplir con nuestras obligaciones legales es una gran preocupaci\u00f3n entre due\u00f1os de empresas, accionistas y directores. Las contingencias legales pueden afectar la operaci\u00f3n o incluso comprometer la estabilidad y reputaci\u00f3n de la empresa. Nuestro equipo de colaboradores expertos realizar\u00e1 un diagn\u00f3stico legal inicial para identificar las obligaciones corporativas que, por [&hellip;]<\/p>\n","protected":false},"author":3,"featured_media":0,"parent":0,"menu_order":0,"comment_status":"closed","ping_status":"closed","template":"","meta":{"_et_pb_use_builder":"on","_et_pb_old_content":"","_et_gb_content_width":"","_joinchat":[],"footnotes":""},"class_list":["post-2359","page","type-page","status-publish","hentry"],"yoast_head":"<!-- This site is optimized with the Yoast SEO plugin v27.5 - https:\/\/yoast.com\/product\/yoast-seo-wordpress\/ -->\n<title>LEGAL CORPORATIVO - TAX ID<\/title>\n<meta name=\"description\" content=\"Asesor\u00eda legal corporativa: actas de asamblea, contratos, cumplimiento normativo y m\u00e1s. Protege tu negocio con respaldo legal experto.\" \/>\n<meta name=\"robots\" content=\"index, follow, max-snippet:-1, max-image-preview:large, max-video-preview:-1\" \/>\n<link rel=\"canonical\" href=\"https:\/\/taxid.mx\/english\/juridico-fiscal\/\" \/>\n<meta property=\"og:locale\" content=\"en_US\" \/>\n<meta property=\"og:type\" content=\"article\" \/>\n<meta property=\"og:title\" content=\"LEGAL CORPORATIVO - TAX ID\" \/>\n<meta property=\"og:description\" content=\"Asesor\u00eda legal corporativa: actas de asamblea, contratos, cumplimiento normativo y m\u00e1s. Protege tu negocio con respaldo legal experto.\" \/>\n<meta property=\"og:url\" content=\"https:\/\/taxid.mx\/english\/juridico-fiscal\/\" \/>\n<meta property=\"og:site_name\" content=\"TAX ID\" \/>\n<meta property=\"article:modified_time\" content=\"2025-10-22T23:43:11+00:00\" \/>\n<meta name=\"twitter:card\" content=\"summary_large_image\" \/>\n<meta name=\"twitter:label1\" content=\"Est. reading time\" \/>\n\t<meta name=\"twitter:data1\" content=\"5 minutes\" \/>\n<script type=\"application\/ld+json\" class=\"yoast-schema-graph\">{\"@context\":\"https:\\\/\\\/schema.org\",\"@graph\":[{\"@type\":\"WebPage\",\"@id\":\"https:\\\/\\\/taxid.mx\\\/juridico-fiscal\\\/\",\"url\":\"https:\\\/\\\/taxid.mx\\\/juridico-fiscal\\\/\",\"name\":\"LEGAL CORPORATIVO - TAX ID\",\"isPartOf\":{\"@id\":\"https:\\\/\\\/taxid.mx\\\/#website\"},\"datePublished\":\"2023-10-19T18:03:09+00:00\",\"dateModified\":\"2025-10-22T23:43:11+00:00\",\"description\":\"Asesor\u00eda legal corporativa: actas de asamblea, contratos, cumplimiento normativo y m\u00e1s. Protege tu negocio con respaldo legal experto.\",\"breadcrumb\":{\"@id\":\"https:\\\/\\\/taxid.mx\\\/juridico-fiscal\\\/#breadcrumb\"},\"inLanguage\":\"en-US\",\"potentialAction\":[{\"@type\":\"ReadAction\",\"target\":[\"https:\\\/\\\/taxid.mx\\\/juridico-fiscal\\\/\"]}]},{\"@type\":\"BreadcrumbList\",\"@id\":\"https:\\\/\\\/taxid.mx\\\/juridico-fiscal\\\/#breadcrumb\",\"itemListElement\":[{\"@type\":\"ListItem\",\"position\":1,\"name\":\"Portada\",\"item\":\"https:\\\/\\\/taxid.mx\\\/\"},{\"@type\":\"ListItem\",\"position\":2,\"name\":\"LEGAL CORPORATIVO\"}]},{\"@type\":\"WebSite\",\"@id\":\"https:\\\/\\\/taxid.mx\\\/#website\",\"url\":\"https:\\\/\\\/taxid.mx\\\/\",\"name\":\"TAX ID\",\"description\":\"Despacho de contadores en M\u00e9xico\",\"potentialAction\":[{\"@type\":\"SearchAction\",\"target\":{\"@type\":\"EntryPoint\",\"urlTemplate\":\"https:\\\/\\\/taxid.mx\\\/?s={search_term_string}\"},\"query-input\":{\"@type\":\"PropertyValueSpecification\",\"valueRequired\":true,\"valueName\":\"search_term_string\"}}],\"inLanguage\":\"en-US\"}]}<\/script>\n<!-- \/ Yoast SEO plugin. -->","yoast_head_json":{"title":"CORPORATE LEGAL - TAX ID","description":"Corporate legal advice: meeting minutes, contracts, regulatory compliance, and more. Protect your business with expert legal support.","robots":{"index":"index","follow":"follow","max-snippet":"max-snippet:-1","max-image-preview":"max-image-preview:large","max-video-preview":"max-video-preview:-1"},"canonical":"https:\/\/taxid.mx\/english\/juridico-fiscal\/","og_locale":"en_US","og_type":"article","og_title":"LEGAL CORPORATIVO - TAX ID","og_description":"Asesor\u00eda legal corporativa: actas de asamblea, contratos, cumplimiento normativo y m\u00e1s. Protege tu negocio con respaldo legal experto.","og_url":"https:\/\/taxid.mx\/english\/juridico-fiscal\/","og_site_name":"TAX ID","article_modified_time":"2025-10-22T23:43:11+00:00","twitter_card":"summary_large_image","twitter_misc":{"Est. reading time":"5 minutes"},"schema":{"@context":"https:\/\/schema.org","@graph":[{"@type":"WebPage","@id":"https:\/\/taxid.mx\/juridico-fiscal\/","url":"https:\/\/taxid.mx\/juridico-fiscal\/","name":"CORPORATE LEGAL - TAX ID","isPartOf":{"@id":"https:\/\/taxid.mx\/#website"},"datePublished":"2023-10-19T18:03:09+00:00","dateModified":"2025-10-22T23:43:11+00:00","description":"Corporate legal advice: meeting minutes, contracts, regulatory compliance, and more. Protect your business with expert legal support.","breadcrumb":{"@id":"https:\/\/taxid.mx\/juridico-fiscal\/#breadcrumb"},"inLanguage":"en-US","potentialAction":[{"@type":"ReadAction","target":["https:\/\/taxid.mx\/juridico-fiscal\/"]}]},{"@type":"BreadcrumbList","@id":"https:\/\/taxid.mx\/juridico-fiscal\/#breadcrumb","itemListElement":[{"@type":"ListItem","position":1,"name":"Portada","item":"https:\/\/taxid.mx\/"},{"@type":"ListItem","position":2,"name":"LEGAL CORPORATIVO"}]},{"@type":"WebSite","@id":"https:\/\/taxid.mx\/#website","url":"https:\/\/taxid.mx\/","name":"TAX-ID","description":"Accounting firm in Mexico","potentialAction":[{"@type":"SearchAction","target":{"@type":"EntryPoint","urlTemplate":"https:\/\/taxid.mx\/?s={search_term_string}"},"query-input":{"@type":"PropertyValueSpecification","valueRequired":true,"valueName":"search_term_string"}}],"inLanguage":"en-US"}]}},"_links":{"self":[{"href":"https:\/\/taxid.mx\/english\/wp-json\/wp\/v2\/pages\/2359","targetHints":{"allow":["GET"]}}],"collection":[{"href":"https:\/\/taxid.mx\/english\/wp-json\/wp\/v2\/pages"}],"about":[{"href":"https:\/\/taxid.mx\/english\/wp-json\/wp\/v2\/types\/page"}],"author":[{"embeddable":true,"href":"https:\/\/taxid.mx\/english\/wp-json\/wp\/v2\/users\/3"}],"replies":[{"embeddable":true,"href":"https:\/\/taxid.mx\/english\/wp-json\/wp\/v2\/comments?post=2359"}],"version-history":[{"count":1,"href":"https:\/\/taxid.mx\/english\/wp-json\/wp\/v2\/pages\/2359\/revisions"}],"predecessor-version":[{"id":6496,"href":"https:\/\/taxid.mx\/english\/wp-json\/wp\/v2\/pages\/2359\/revisions\/6496"}],"wp:attachment":[{"href":"https:\/\/taxid.mx\/english\/wp-json\/wp\/v2\/media?parent=2359"}],"curies":[{"name":"wp","href":"https:\/\/api.w.org\/{rel}","templated":true}]}}