{"id":3,"date":"2021-08-20T18:58:06","date_gmt":"2021-08-20T18:58:06","guid":{"rendered":"https:\/\/q1dapyf5zv.onrocket.site\/?page_id=3"},"modified":"2024-08-09T16:46:42","modified_gmt":"2024-08-09T21:46:42","slug":"privacy-policy","status":"publish","type":"page","link":"https:\/\/taxid.mx\/english\/privacy-policy\/","title":{"rendered":"Privacy Policy"},"content":{"rendered":"<h2 class=\"wp-block-heading\"><strong>Tax Services Studio SC Privacy Policy<\/strong><\/h2>\n\n\n\n<p><strong>Last Update Date:<\/strong> August 9, 2024<\/p>\n\n\n\n<p><strong>1. Information We Collect<\/strong><\/p>\n\n\n\n<p>We collect the following personal information when you make a purchase:<\/p>\n\n\n\n<ul class=\"wp-block-list\">\n<li>Full name.<\/li>\n\n\n\n<li>Email address.<\/li>\n\n\n\n<li>Contact information, such as phone number.<\/li>\n<\/ul>\n\n\n\n<p><strong>2. Use of Information<\/strong><\/p>\n\n\n\n<p>The personal information we collect is used exclusively for the following purposes:<\/p>\n\n\n\n<ul class=\"wp-block-list\">\n<li>Contact you in relation to our services.<\/li>\n\n\n\n<li>Send documents and communications related to our services.<\/li>\n<\/ul>\n\n\n\n<p><strong>3. Cookies and Tracking Technologies<\/strong><\/p>\n\n\n\n<p>Our Site uses cookies and third-party tracking technologies, including Facebook, Instagram, Google Analytics, and Google Tag Manager, to collect data about user activity and improve your online experience. Cookies allow us to:<\/p>\n\n\n\n<ul class=\"wp-block-list\">\n<li>Analyze website traffic and improve its functionality.<\/li>\n\n\n\n<li>Personalize the user experience on the Site.<\/li>\n\n\n\n<li>Offer personalized ads on third-party platforms.<\/li>\n<\/ul>\n\n\n\n<p><strong>4. Sharing of Personal Data<\/strong><\/p>\n\n\n\n<p>We do not share, sell or transfer your personal information to third parties.<\/p>\n\n\n\n<p><strong>5. Changes to this Privacy Policy<\/strong><\/p>\n\n\n\n<p>We may update this privacy policy periodically to reflect changes in our privacy practices. We will notify you of any significant changes through our Site or by other appropriate means.<\/p>\n\n\n\n<p><strong>6. Payment Processing<\/strong><\/p>\n\n\n\n<p>Credit or debit card payments are managed by Mercado Pago and Paypal. It is important to note that we do not store or have access to your banking or credit card information. All financial information is managed directly by Paypal and Mercadopago, who have high security standards to protect your data.<\/p>\n\n\n\n<p><strong>7. Contact<\/strong><\/p>\n\n\n\n<p>If you have questions or concerns about our privacy policy, you can contact us at:<\/p>\n\n\n\n<ul class=\"wp-block-list\">\n<li><strong>Email:<\/strong> info@taxid.mx<\/li>\n<\/ul>\n\n\n\n<p><strong>Address:<\/strong> Eca Do Queiros 5147, Col. Jardines Universidad, CP: 45110, Zapopan, Jalisco.<\/p>\n\n\n\n<p><\/p>\n\n\n\n<p><\/p>\n\n\n\n<p><\/p>\n\n\n\n<p><\/p>\n\n\n\n<p><\/p>\n\n\n\n<p><\/p>\n<span class=\"et_bloom_bottom_trigger\"><\/span>","protected":false},"excerpt":{"rendered":"<p>Pol\u00edticas de Privacidad de Tax Services Studio SC Fecha de \u00faltima actualizaci\u00f3n: 9 de agosto 2024 1. Informaci\u00f3n que Recopilamos Recopilamos la siguiente informaci\u00f3n personal cuando usted realiza una compra: 2. Uso de la Informaci\u00f3n La informaci\u00f3n personal que recopilamos se utiliza exclusivamente para los siguientes fines: 3. Cookies y Tecnolog\u00edas de Seguimiento Nuestro Sitio [&hellip;]<\/p>\n","protected":false},"author":2,"featured_media":0,"parent":0,"menu_order":0,"comment_status":"closed","ping_status":"open","template":"","meta":{"_et_pb_use_builder":"","_et_pb_old_content":"","_et_gb_content_width":"1080","_joinchat":[],"footnotes":""},"class_list":["post-3","page","type-page","status-publish","hentry"],"yoast_head":"<!-- This site is optimized with the Yoast SEO plugin v27.3 - https:\/\/yoast.com\/product\/yoast-seo-wordpress\/ -->\n<title>Politicas de privacidad - TAX ID<\/title>\n<meta name=\"robots\" content=\"index, follow, max-snippet:-1, max-image-preview:large, max-video-preview:-1\" \/>\n<link rel=\"canonical\" href=\"https:\/\/taxid.mx\/english\/privacy-policy\/\" \/>\n<meta property=\"og:locale\" content=\"en_US\" \/>\n<meta property=\"og:type\" content=\"article\" \/>\n<meta property=\"og:title\" content=\"Politicas de privacidad - TAX ID\" \/>\n<meta property=\"og:description\" content=\"Pol\u00edticas de Privacidad de Tax Services Studio SC Fecha de \u00faltima actualizaci\u00f3n: 9 de agosto 2024 1. Informaci\u00f3n que Recopilamos Recopilamos la siguiente informaci\u00f3n personal cuando usted realiza una compra: 2. Uso de la Informaci\u00f3n La informaci\u00f3n personal que recopilamos se utiliza exclusivamente para los siguientes fines: 3. Cookies y Tecnolog\u00edas de Seguimiento Nuestro Sitio [&hellip;]\" \/>\n<meta property=\"og:url\" content=\"https:\/\/taxid.mx\/english\/privacy-policy\/\" \/>\n<meta property=\"og:site_name\" content=\"TAX ID\" \/>\n<meta property=\"article:modified_time\" content=\"2024-08-09T21:46:42+00:00\" \/>\n<meta name=\"twitter:card\" content=\"summary_large_image\" \/>\n<meta name=\"twitter:label1\" content=\"Est. reading time\" \/>\n\t<meta name=\"twitter:data1\" content=\"2 minutes\" \/>\n<script type=\"application\/ld+json\" class=\"yoast-schema-graph\">{\"@context\":\"https:\\\/\\\/schema.org\",\"@graph\":[{\"@type\":\"WebPage\",\"@id\":\"https:\\\/\\\/taxid.mx\\\/privacy-policy\\\/\",\"url\":\"https:\\\/\\\/taxid.mx\\\/privacy-policy\\\/\",\"name\":\"Politicas de privacidad - TAX ID\",\"isPartOf\":{\"@id\":\"https:\\\/\\\/taxid.mx\\\/#website\"},\"datePublished\":\"2021-08-20T18:58:06+00:00\",\"dateModified\":\"2024-08-09T21:46:42+00:00\",\"breadcrumb\":{\"@id\":\"https:\\\/\\\/taxid.mx\\\/privacy-policy\\\/#breadcrumb\"},\"inLanguage\":\"en-US\",\"potentialAction\":[{\"@type\":\"ReadAction\",\"target\":[\"https:\\\/\\\/taxid.mx\\\/privacy-policy\\\/\"]}]},{\"@type\":\"BreadcrumbList\",\"@id\":\"https:\\\/\\\/taxid.mx\\\/privacy-policy\\\/#breadcrumb\",\"itemListElement\":[{\"@type\":\"ListItem\",\"position\":1,\"name\":\"Portada\",\"item\":\"https:\\\/\\\/taxid.mx\\\/\"},{\"@type\":\"ListItem\",\"position\":2,\"name\":\"Politicas de privacidad\"}]},{\"@type\":\"WebSite\",\"@id\":\"https:\\\/\\\/taxid.mx\\\/#website\",\"url\":\"https:\\\/\\\/taxid.mx\\\/\",\"name\":\"TAX ID\",\"description\":\"Despacho de contadores en M\u00e9xico\",\"potentialAction\":[{\"@type\":\"SearchAction\",\"target\":{\"@type\":\"EntryPoint\",\"urlTemplate\":\"https:\\\/\\\/taxid.mx\\\/?s={search_term_string}\"},\"query-input\":{\"@type\":\"PropertyValueSpecification\",\"valueRequired\":true,\"valueName\":\"search_term_string\"}}],\"inLanguage\":\"en-US\"}]}<\/script>\n<!-- \/ Yoast SEO plugin. -->","yoast_head_json":{"title":"Politicas de privacidad - TAX ID","robots":{"index":"index","follow":"follow","max-snippet":"max-snippet:-1","max-image-preview":"max-image-preview:large","max-video-preview":"max-video-preview:-1"},"canonical":"https:\/\/taxid.mx\/english\/privacy-policy\/","og_locale":"en_US","og_type":"article","og_title":"Politicas de privacidad - TAX ID","og_description":"Pol\u00edticas de Privacidad de Tax Services Studio SC Fecha de \u00faltima actualizaci\u00f3n: 9 de agosto 2024 1. Informaci\u00f3n que Recopilamos Recopilamos la siguiente informaci\u00f3n personal cuando usted realiza una compra: 2. Uso de la Informaci\u00f3n La informaci\u00f3n personal que recopilamos se utiliza exclusivamente para los siguientes fines: 3. Cookies y Tecnolog\u00edas de Seguimiento Nuestro Sitio [&hellip;]","og_url":"https:\/\/taxid.mx\/english\/privacy-policy\/","og_site_name":"TAX ID","article_modified_time":"2024-08-09T21:46:42+00:00","twitter_card":"summary_large_image","twitter_misc":{"Est. reading time":"2 minutes"},"schema":{"@context":"https:\/\/schema.org","@graph":[{"@type":"WebPage","@id":"https:\/\/taxid.mx\/privacy-policy\/","url":"https:\/\/taxid.mx\/privacy-policy\/","name":"Politicas de privacidad - TAX ID","isPartOf":{"@id":"https:\/\/taxid.mx\/#website"},"datePublished":"2021-08-20T18:58:06+00:00","dateModified":"2024-08-09T21:46:42+00:00","breadcrumb":{"@id":"https:\/\/taxid.mx\/privacy-policy\/#breadcrumb"},"inLanguage":"en-US","potentialAction":[{"@type":"ReadAction","target":["https:\/\/taxid.mx\/privacy-policy\/"]}]},{"@type":"BreadcrumbList","@id":"https:\/\/taxid.mx\/privacy-policy\/#breadcrumb","itemListElement":[{"@type":"ListItem","position":1,"name":"Portada","item":"https:\/\/taxid.mx\/"},{"@type":"ListItem","position":2,"name":"Politicas de privacidad"}]},{"@type":"WebSite","@id":"https:\/\/taxid.mx\/#website","url":"https:\/\/taxid.mx\/","name":"TAX-ID","description":"Accounting firm in Mexico","potentialAction":[{"@type":"SearchAction","target":{"@type":"EntryPoint","urlTemplate":"https:\/\/taxid.mx\/?s={search_term_string}"},"query-input":{"@type":"PropertyValueSpecification","valueRequired":true,"valueName":"search_term_string"}}],"inLanguage":"en-US"}]}},"_links":{"self":[{"href":"https:\/\/taxid.mx\/english\/wp-json\/wp\/v2\/pages\/3","targetHints":{"allow":["GET"]}}],"collection":[{"href":"https:\/\/taxid.mx\/english\/wp-json\/wp\/v2\/pages"}],"about":[{"href":"https:\/\/taxid.mx\/english\/wp-json\/wp\/v2\/types\/page"}],"author":[{"embeddable":true,"href":"https:\/\/taxid.mx\/english\/wp-json\/wp\/v2\/users\/2"}],"replies":[{"embeddable":true,"href":"https:\/\/taxid.mx\/english\/wp-json\/wp\/v2\/comments?post=3"}],"version-history":[{"count":0,"href":"https:\/\/taxid.mx\/english\/wp-json\/wp\/v2\/pages\/3\/revisions"}],"wp:attachment":[{"href":"https:\/\/taxid.mx\/english\/wp-json\/wp\/v2\/media?parent=3"}],"curies":[{"name":"wp","href":"https:\/\/api.w.org\/{rel}","templated":true}]}}