{"id":93,"date":"2021-12-14T17:14:25","date_gmt":"2021-12-14T17:14:25","guid":{"rendered":"https:\/\/q1dapyf5zv.onrocket.site\/?page_id=93"},"modified":"2023-01-04T17:11:30","modified_gmt":"2023-01-04T17:11:30","slug":"devolucion-de-impuestos","status":"publish","type":"page","link":"https:\/\/taxid.mx\/english\/devolucion-de-impuestos\/","title":{"rendered":"TAX RETURNS"},"content":{"rendered":"<p>[et_pb_section fb_built=\u00bb1&#8243; admin_label=\u00bbHeader\u00bb _builder_version=\u00bb4.16&#8243; background_color_gradient_start=\u00bbrgba(31,54,92,0.8)\u00bb background_color_gradient_end=\u00bb#1f365c\u00bb background_image=\u00bbhttps:\/\/taxid.mx\/wp-content\/uploads\/2021\/12\/impuestos.jpg\u00bb parallax=\u00bbon\u00bb min_height=\u00bb394.9px\u00bb custom_padding=\u00bb2vw|||||\u00bb global_colors_info=\u00bb{}\u00bb][et_pb_row column_structure=\u00bb1_2,1_2&#8243; _builder_version=\u00bb4.16&#8243; z_index=\u00bb1&#8243; global_colors_info=\u00bb{}\u00bb][et_pb_column type=\u00bb1_2&#8243; _builder_version=\u00bb4.16&#8243; global_colors_info=\u00bb{}\u00bb][et_pb_text _builder_version=\u00bb4.16&#8243; text_font=\u00bb||||||||\u00bb text_font_size=\u00bb18px\u00bb header_font=\u00bbOverpass|900|||||||\u00bb header_font_size=\u00bb48px\u00bb header_2_font_size=\u00bb16px\u00bb background_layout=\u00bbdark\u00bb custom_padding=\u00bb46px|||||\u00bb header_font_size_tablet=\u00bb54px\u00bb header_font_size_phone=\u00bb32px\u00bb header_font_size_last_edited=\u00bbon|desktop\u00bb header_text_shadow_style=\u00bbpreset2&#8243; locked=\u00bboff\u00bb global_colors_info=\u00bb{}\u00bb]<\/p>\n<h1>DEVOLUCI\u00d3N DE IMPUESTOS<\/h1>\n<h2>Los profesionales te ayudar\u00e1n a solicitar y dar seguimiento de tus devoluciones de IVA para personas morales, as\u00ed como contestar cualquier informaci\u00f3n que requiera la autoridad tributaria posterior a la solicitud.<\/h2>\n<p>[\/et_pb_text][\/et_pb_column][et_pb_column type=\u00bb1_2&#8243; _builder_version=\u00bb4.16&#8243; global_colors_info=\u00bb{}\u00bb][et_pb_image src=\u00bbhttps:\/\/taxid.mx\/wp-content\/uploads\/2021\/12\/14@3x.png\u00bb title_text=\u00bb14@3x\u00bb align=\u00bbcenter\u00bb _builder_version=\u00bb4.16&#8243; _module_preset=\u00bbdefault\u00bb width=\u00bb56%\u00bb global_colors_info=\u00bb{}\u00bb][\/et_pb_image][\/et_pb_column][\/et_pb_row][et_pb_row _builder_version=\u00bb4.16&#8243; z_index=\u00bb0&#8243; width=\u00bb100%\u00bb max_width=\u00bbnone\u00bb global_colors_info=\u00bb{}\u00bb][et_pb_column type=\u00bb4_4&#8243; _builder_version=\u00bb4.16&#8243; global_colors_info=\u00bb{}\u00bb][et_pb_image show_bottom_space=\u00bboff\u00bb force_fullwidth=\u00bbon\u00bb _builder_version=\u00bb4.16&#8243; custom_margin=\u00bb-117vw||-2px|||\u00bb global_colors_info=\u00bb{}\u00bb][\/et_pb_image][\/et_pb_column][\/et_pb_row][\/et_pb_section][et_pb_section fb_built=\u00bb1&#8243; _builder_version=\u00bb4.17.4&#8243; _module_preset=\u00bbdefault\u00bb background_color=\u00bb#FFFFFF\u00bb custom_padding=\u00bb30px||30px||false|false\u00bb global_module=\u00bb1032&#8243; saved_tabs=\u00bball\u00bb locked=\u00bboff\u00bb global_colors_info=\u00bb{}\u00bb][et_pb_row _builder_version=\u00bb4.17.4&#8243; _module_preset=\u00bbdefault\u00bb max_width=\u00bb610px\u00bb custom_padding=\u00bb4px||4px||false|false\u00bb global_colors_info=\u00bb{}\u00bb][et_pb_column type=\u00bb4_4&#8243; _builder_version=\u00bb4.16&#8243; _module_preset=\u00bbdefault\u00bb global_colors_info=\u00bb{}\u00bb][et_pb_text _builder_version=\u00bb4.17.4&#8243; _module_preset=\u00bbdefault\u00bb header_font=\u00bb|700|||||||\u00bb header_text_color=\u00bb#1f365c\u00bb text_orientation=\u00bbcenter\u00bb animation_style=\u00bbfade\u00bb animation_direction=\u00bbleft\u00bb global_colors_info=\u00bb{}\u00bb]<\/p>\n<h1>OBT\u00c9N TU PRIMER ASESOR\u00cdA GRATUITA Y UN 10% DE DESCUENTO*<\/h1>\n<div>\n<div class=\"bgn-wf-row\">\n<div class=\"bgn-wf-row\"><\/div>\n<\/div>\n<\/div>\n<p>[\/et_pb_text][et_pb_contact_form captcha=\u00bboff\u00bb email=\u00bbcontacto.taxid@gmail.com, hgalicia@taxid.mx, raul@fi01.com.mx, fbecerra@taxid.mx\u00bb custom_message=\u00bbNUEVO PROSPECTO||et_pb_line_break_holder||||et_pb_line_break_holder||%%Nombre%%||et_pb_line_break_holder||%%Email%%||et_pb_line_break_holder||%%Lada_internacional%%||et_pb_line_break_holder||%%Tel\u00e9fono%%||et_pb_line_break_holder||||et_pb_line_break_holder||\u00bb use_redirect=\u00bbon\u00bb redirect_url=\u00bbhttps:\/\/taxid.mx\/gracias\/\u00bb submit_button_text=\u00bbAgendar\u00bb _builder_version=\u00bb4.17.4&#8243; _module_preset=\u00bbdefault\u00bb _unique_id=\u00bba3e25005-dafc-4194-a906-fb504025984c\u00bb custom_button=\u00bbon\u00bb button_text_color=\u00bbgcid-7f17c2a0-5e6a-42b1-a62a-b225a6054f0f\u00bb button_bg_color=\u00bbgcid-4e348dc0-5f07-4e4c-9527-094b68d47cb6&#8243; button_border_width=\u00bb0px\u00bb button_border_radius=\u00bb10px\u00bb button_custom_margin=\u00bb16px||||false|false\u00bb button_custom_padding=\u00bb|266px||266px|false|true\u00bb button_custom_padding_tablet=\u00bb\u00bb button_custom_padding_phone=\u00bb|15px||15px|false|true\u00bb button_custom_padding_last_edited=\u00bbon|desktop\u00bb global_colors_info=\u00bb{%22gcid-4e348dc0-5f07-4e4c-9527-094b68d47cb6%22:%91%22button_bg_color%22%93,%22gcid-7f17c2a0-5e6a-42b1-a62a-b225a6054f0f%22:%91%22button_text_color%22%93}\u00bb][et_pb_contact_field field_id=\u00bbNombre\u00bb field_title=\u00bbNombre y Apellido\u00bb _builder_version=\u00bb4.17.4&#8243; form_field_background_color=\u00bbRGBA(255,255,255,0)\u00bb form_field_text_color=\u00bb#1f365c\u00bb border_radii=\u00bbon|10px|10px|10px|10px\u00bb box_shadow_style=\u00bbpreset1&#8243; box_shadow_color=\u00bb#1f365c\u00bb global_colors_info=\u00bb{}\u00bb button_text_size__hover_enabled=\u00bboff\u00bb button_one_text_size__hover_enabled=\u00bboff\u00bb button_two_text_size__hover_enabled=\u00bboff\u00bb button_text_color__hover_enabled=\u00bboff\u00bb button_one_text_color__hover_enabled=\u00bboff\u00bb button_two_text_color__hover_enabled=\u00bboff\u00bb button_border_width__hover_enabled=\u00bboff\u00bb button_one_border_width__hover_enabled=\u00bboff\u00bb button_two_border_width__hover_enabled=\u00bboff\u00bb button_border_color__hover_enabled=\u00bboff\u00bb button_one_border_color__hover_enabled=\u00bboff\u00bb button_two_border_color__hover_enabled=\u00bboff\u00bb button_border_radius__hover_enabled=\u00bboff\u00bb button_one_border_radius__hover_enabled=\u00bboff\u00bb button_two_border_radius__hover_enabled=\u00bboff\u00bb button_letter_spacing__hover_enabled=\u00bboff\u00bb button_one_letter_spacing__hover_enabled=\u00bboff\u00bb button_two_letter_spacing__hover_enabled=\u00bboff\u00bb button_bg_color__hover_enabled=\u00bboff\u00bb button_one_bg_color__hover_enabled=\u00bboff\u00bb button_two_bg_color__hover_enabled=\u00bboff\u00bb][\/et_pb_contact_field][et_pb_contact_field field_id=\u00bbEmail\u00bb field_title=\u00bbDirecci\u00f3n de correo electr\u00f3nico\u00bb field_type=\u00bbemail\u00bb _builder_version=\u00bb4.17.4&#8243; form_field_background_color=\u00bbRGBA(255,255,255,0)\u00bb form_field_text_color=\u00bb#1f365c\u00bb border_radii=\u00bbon|10px|10px|10px|10px\u00bb box_shadow_style=\u00bbpreset1&#8243; box_shadow_color=\u00bb#1f365c\u00bb global_colors_info=\u00bb{}\u00bb button_text_size__hover_enabled=\u00bboff\u00bb button_one_text_size__hover_enabled=\u00bboff\u00bb button_two_text_size__hover_enabled=\u00bboff\u00bb button_text_color__hover_enabled=\u00bboff\u00bb button_one_text_color__hover_enabled=\u00bboff\u00bb button_two_text_color__hover_enabled=\u00bboff\u00bb button_border_width__hover_enabled=\u00bboff\u00bb button_one_border_width__hover_enabled=\u00bboff\u00bb button_two_border_width__hover_enabled=\u00bboff\u00bb button_border_color__hover_enabled=\u00bboff\u00bb button_one_border_color__hover_enabled=\u00bboff\u00bb button_two_border_color__hover_enabled=\u00bboff\u00bb button_border_radius__hover_enabled=\u00bboff\u00bb button_one_border_radius__hover_enabled=\u00bboff\u00bb button_two_border_radius__hover_enabled=\u00bboff\u00bb button_letter_spacing__hover_enabled=\u00bboff\u00bb button_one_letter_spacing__hover_enabled=\u00bboff\u00bb button_two_letter_spacing__hover_enabled=\u00bboff\u00bb button_bg_color__hover_enabled=\u00bboff\u00bb button_one_bg_color__hover_enabled=\u00bboff\u00bb button_two_bg_color__hover_enabled=\u00bboff\u00bb][\/et_pb_contact_field][et_pb_contact_field field_id=\u00bbLada_internacional\u00bb field_title=\u00bbLada internacional\u00bb _builder_version=\u00bb4.17.4&#8243; form_field_background_color=\u00bbRGBA(255,255,255,0)\u00bb form_field_text_color=\u00bb#1f365c\u00bb border_radii=\u00bbon|10px|10px|10px|10px\u00bb box_shadow_style=\u00bbpreset1&#8243; box_shadow_color=\u00bb#1f365c\u00bb global_colors_info=\u00bb{}\u00bb button_text_size__hover_enabled=\u00bboff\u00bb button_one_text_size__hover_enabled=\u00bboff\u00bb button_two_text_size__hover_enabled=\u00bboff\u00bb button_text_color__hover_enabled=\u00bboff\u00bb button_one_text_color__hover_enabled=\u00bboff\u00bb button_two_text_color__hover_enabled=\u00bboff\u00bb button_border_width__hover_enabled=\u00bboff\u00bb button_one_border_width__hover_enabled=\u00bboff\u00bb button_two_border_width__hover_enabled=\u00bboff\u00bb button_border_color__hover_enabled=\u00bboff\u00bb button_one_border_color__hover_enabled=\u00bboff\u00bb button_two_border_color__hover_enabled=\u00bboff\u00bb button_border_radius__hover_enabled=\u00bboff\u00bb button_one_border_radius__hover_enabled=\u00bboff\u00bb button_two_border_radius__hover_enabled=\u00bboff\u00bb button_letter_spacing__hover_enabled=\u00bboff\u00bb button_one_letter_spacing__hover_enabled=\u00bboff\u00bb button_two_letter_spacing__hover_enabled=\u00bboff\u00bb button_bg_color__hover_enabled=\u00bboff\u00bb button_one_bg_color__hover_enabled=\u00bboff\u00bb button_two_bg_color__hover_enabled=\u00bboff\u00bb][\/et_pb_contact_field][et_pb_contact_field field_id=\u00bbTel\u00e9fono\u00bb field_title=\u00bbTel\u00e9fono\u00bb _builder_version=\u00bb4.17.4&#8243; form_field_background_color=\u00bbRGBA(255,255,255,0)\u00bb form_field_text_color=\u00bb#1f365c\u00bb border_radii=\u00bbon|10px|10px|10px|10px\u00bb box_shadow_style=\u00bbpreset1&#8243; box_shadow_color=\u00bb#1f365c\u00bb global_colors_info=\u00bb{}\u00bb button_text_size__hover_enabled=\u00bboff\u00bb button_one_text_size__hover_enabled=\u00bboff\u00bb button_two_text_size__hover_enabled=\u00bboff\u00bb button_text_color__hover_enabled=\u00bboff\u00bb button_one_text_color__hover_enabled=\u00bboff\u00bb button_two_text_color__hover_enabled=\u00bboff\u00bb button_border_width__hover_enabled=\u00bboff\u00bb button_one_border_width__hover_enabled=\u00bboff\u00bb button_two_border_width__hover_enabled=\u00bboff\u00bb button_border_color__hover_enabled=\u00bboff\u00bb button_one_border_color__hover_enabled=\u00bboff\u00bb button_two_border_color__hover_enabled=\u00bboff\u00bb button_border_radius__hover_enabled=\u00bboff\u00bb button_one_border_radius__hover_enabled=\u00bboff\u00bb button_two_border_radius__hover_enabled=\u00bboff\u00bb button_letter_spacing__hover_enabled=\u00bboff\u00bb button_one_letter_spacing__hover_enabled=\u00bboff\u00bb button_two_letter_spacing__hover_enabled=\u00bboff\u00bb button_bg_color__hover_enabled=\u00bboff\u00bb button_one_bg_color__hover_enabled=\u00bboff\u00bb button_two_bg_color__hover_enabled=\u00bboff\u00bb][\/et_pb_contact_field][\/et_pb_contact_form][\/et_pb_column][\/et_pb_row][\/et_pb_section][et_pb_section fb_built=\u00bb1&#8243; _builder_version=\u00bb4.16&#8243; _module_preset=\u00bbdefault\u00bb custom_margin=\u00bb-16px|||||\u00bb custom_padding=\u00bb0px|||||\u00bb global_colors_info=\u00bb{}\u00bb][et_pb_row _builder_version=\u00bb4.16&#8243; _module_preset=\u00bbdefault\u00bb custom_padding=\u00bb4px|||||\u00bb global_colors_info=\u00bb{}\u00bb][et_pb_column type=\u00bb4_4&#8243; _builder_version=\u00bb4.16&#8243; _module_preset=\u00bbdefault\u00bb global_colors_info=\u00bb{}\u00bb][et_pb_text _builder_version=\u00bb4.16&#8243; _module_preset=\u00bbdefault\u00bb header_text_align=\u00bbcenter\u00bb global_colors_info=\u00bb{}\u00bb]<\/p>\n<h1><strong>C\u00d3MO FUNCIONA<\/strong><\/h1>\n<p>[\/et_pb_text][\/et_pb_column][\/et_pb_row][et_pb_row column_structure=\u00bb1_2,1_2&#8243; _builder_version=\u00bb4.16&#8243; _module_preset=\u00bbdefault\u00bb global_colors_info=\u00bb{}\u00bb][et_pb_column type=\u00bb1_2&#8243; _builder_version=\u00bb4.16&#8243; _module_preset=\u00bbdefault\u00bb global_colors_info=\u00bb{}\u00bb][et_pb_blurb title=\u00bbPRIMER PASO\u00bb image=\u00bbhttps:\/\/taxid.mx\/wp-content\/uploads\/2021\/12\/Mesa-de-trabajo-4@2x.png\u00bb _builder_version=\u00bb4.16&#8243; _module_preset=\u00bbdefault\u00bb header_text_align=\u00bbcenter\u00bb body_text_align=\u00bbcenter\u00bb global_colors_info=\u00bb{}\u00bb]<\/p>\n<p>Realizar una revisi\u00f3n de los saldos que se pretenden solicitar para verificar su existencia y posibilidad de recuperaci\u00f3n.<\/p>\n<p>[\/et_pb_blurb][\/et_pb_column][et_pb_column type=\u00bb1_2&#8243; _builder_version=\u00bb4.16&#8243; _module_preset=\u00bbdefault\u00bb global_colors_info=\u00bb{}\u00bb][et_pb_blurb title=\u00bbSEGUNDO PASO\u00bb image=\u00bbhttps:\/\/taxid.mx\/wp-content\/uploads\/2021\/12\/Mesa-de-trabajo-4@2x.png\u00bb _builder_version=\u00bb4.16&#8243; _module_preset=\u00bbdefault\u00bb header_text_align=\u00bbcenter\u00bb body_text_align=\u00bbcenter\u00bb global_colors_info=\u00bb{}\u00bb]<\/p>\n<p>Se realizan los papeles de trabajo necesarios y se env\u00eda la solicitud de devoluci\u00f3n. El \u00faltimo paso es en el caso de que la autoridad requiera informaci\u00f3n adicional correspondiente al saldo a favor solicitado.<\/p>\n<p>[\/et_pb_blurb][\/et_pb_column][\/et_pb_row][\/et_pb_section][et_pb_section fb_built=\u00bb1&#8243; _builder_version=\u00bb4.16&#8243; _module_preset=\u00bbdefault\u00bb background_enable_color=\u00bboff\u00bb background_image=\u00bbhttps:\/\/taxid.mx\/wp-content\/uploads\/2021\/12\/Recurso-50.png\u00bb custom_padding=\u00bb||154px|||\u00bb global_colors_info=\u00bb{}\u00bb][et_pb_row _builder_version=\u00bb4.16&#8243; _module_preset=\u00bbdefault\u00bb global_colors_info=\u00bb{}\u00bb][et_pb_column type=\u00bb4_4&#8243; _builder_version=\u00bb4.16&#8243; _module_preset=\u00bbdefault\u00bb global_colors_info=\u00bb{}\u00bb][et_pb_text _builder_version=\u00bb4.16&#8243; _module_preset=\u00bbdefault\u00bb global_colors_info=\u00bb{}\u00bb]<\/p>\n<h1 style=\"text-align: center;\"><span style=\"color: #ffffff;\"><strong>PASO A PASO<\/strong><\/span><\/h1>\n<p>[\/et_pb_text][\/et_pb_column][\/et_pb_row][et_pb_row column_structure=\u00bb1_5,1_5,1_5,1_5,1_5&#8243; _builder_version=\u00bb4.16&#8243; _module_preset=\u00bbdefault\u00bb global_colors_info=\u00bb{}\u00bb][et_pb_column type=\u00bb1_5&#8243; _builder_version=\u00bb4.16&#8243; _module_preset=\u00bbdefault\u00bb global_colors_info=\u00bb{}\u00bb][et_pb_blurb title=\u00bbREVISI\u00d3N DE SALDOS A FAVOR\u00bb image=\u00bbhttps:\/\/taxid.mx\/wp-content\/uploads\/2021\/12\/1.png\u00bb _builder_version=\u00bb4.16&#8243; _module_preset=\u00bbdefault\u00bb header_text_align=\u00bbcenter\u00bb header_text_color=\u00bb#FFFFFF\u00bb body_text_color=\u00bb#FFFFFF\u00bb global_colors_info=\u00bb{}\u00bb]<\/p>\n<p>Nuestros profesionales revisar\u00e1n la existencia y procedencia antes de realizar la solicitud de devoluci\u00f3n de saldos a favor de impuestos<\/p>\n<p>[\/et_pb_blurb][\/et_pb_column][et_pb_column type=\u00bb1_5&#8243; _builder_version=\u00bb4.16&#8243; _module_preset=\u00bbdefault\u00bb global_colors_info=\u00bb{}\u00bb][et_pb_blurb title=\u00bbELABORACI\u00d3N DE PAPELES DE TRABAJO\u00bb image=\u00bbhttps:\/\/taxid.mx\/wp-content\/uploads\/2021\/12\/2.png\u00bb _builder_version=\u00bb4.16&#8243; _module_preset=\u00bbdefault\u00bb header_text_align=\u00bbcenter\u00bb header_text_color=\u00bb#FFFFFF\u00bb body_text_color=\u00bb#FFFFFF\u00bb global_colors_info=\u00bb{}\u00bb]<\/p>\n<p>Se realizar\u00e1n los papeles de trabajo necesarios y documentaci\u00f3n que nuestros profesionales consideren necesaria.<\/p>\n<p>[\/et_pb_blurb][\/et_pb_column][et_pb_column type=\u00bb1_5&#8243; _builder_version=\u00bb4.16&#8243; _module_preset=\u00bbdefault\u00bb global_colors_info=\u00bb{}\u00bb][et_pb_blurb title=\u00bbINGRESOS DE SOLICITUD ANTE AUTORIDADES FISCALES\u00bb image=\u00bbhttps:\/\/taxid.mx\/wp-content\/uploads\/2021\/12\/3.1.png\u00bb _builder_version=\u00bb4.16&#8243; _module_preset=\u00bbdefault\u00bb header_text_align=\u00bbcenter\u00bb header_text_color=\u00bb#FFFFFF\u00bb body_text_color=\u00bb#FFFFFF\u00bb global_colors_info=\u00bb{}\u00bb]<\/p>\n<p>La solicitud es ingresada por los medios que pone a nuestra disposici\u00f3n el Servicio de Administraci\u00f3n Tributaria.<\/p>\n<p>[\/et_pb_blurb][\/et_pb_column][et_pb_column type=\u00bb1_5&#8243; _builder_version=\u00bb4.16&#8243; _module_preset=\u00bbdefault\u00bb global_colors_info=\u00bb{}\u00bb][et_pb_blurb title=\u00bbCONTESTACI\u00d3N DE REQUERIMIENTOS POR PARTE DE LA AUTORIDAD<br \/>\n\u00bb image=\u00bbhttps:\/\/taxid.mx\/wp-content\/uploads\/2021\/12\/4-1.png\u00bb _builder_version=\u00bb4.16&#8243; _module_preset=\u00bbdefault\u00bb header_text_align=\u00bbcenter\u00bb header_text_color=\u00bb#FFFFFF\u00bb body_text_color=\u00bb#FFFFFF\u00bb global_colors_info=\u00bb{}\u00bb]<\/p>\n<p>En caso de que la autoridad requiera informaci\u00f3n adicional nuestros profesionales se encargaran de recopilarla y presentarla ante las autoridades.<\/p>\n<p>[\/et_pb_blurb][\/et_pb_column][et_pb_column type=\u00bb1_5&#8243; _builder_version=\u00bb4.16&#8243; _module_preset=\u00bbdefault\u00bb global_colors_info=\u00bb{}\u00bb][et_pb_blurb title=\u00bbSEGUIMIENTO DE LA SOLICITUD<br \/>\nDE DEVOLUCI\u00d3N\u00bb image=\u00bbhttps:\/\/taxid.mx\/wp-content\/uploads\/2021\/12\/5.png\u00bb _builder_version=\u00bb4.16&#8243; _module_preset=\u00bbdefault\u00bb header_text_align=\u00bbcenter\u00bb header_text_color=\u00bb#FFFFFF\u00bb body_text_color=\u00bb#FFFFFF\u00bb global_colors_info=\u00bb{}\u00bb]<\/p>\n<p>Un profesional de nuestro equipo dar\u00e1 seguimiento puntual a la solicitud de devoluci\u00f3n de saldos a favor de impuestos y te mantendr\u00e1 actualizado.<\/p>\n<p>[\/et_pb_blurb][\/et_pb_column][\/et_pb_row][\/et_pb_section]<\/p>\n<span class=\"et_bloom_bottom_trigger\"><\/span>","protected":false},"excerpt":{"rendered":"<p>DEVOLUCI\u00d3N DE IMPUESTOS Los profesionales te ayudar\u00e1n a solicitar y dar seguimiento de tus devoluciones de IVA para personas morales, as\u00ed como contestar cualquier informaci\u00f3n que requiera la autoridad tributaria posterior a la solicitud.OBT\u00c9N TU PRIMER ASESOR\u00cdA GRATUITA Y UN 10% DE DESCUENTO* C\u00d3MO FUNCIONARealizar una revisi\u00f3n de los saldos que se pretenden solicitar para [&hellip;]<\/p>\n","protected":false},"author":2,"featured_media":0,"parent":0,"menu_order":0,"comment_status":"closed","ping_status":"closed","template":"","meta":{"_et_pb_use_builder":"on","_et_pb_old_content":"","_et_gb_content_width":"","_joinchat":[],"footnotes":""},"class_list":["post-93","page","type-page","status-publish","hentry"],"yoast_head":"<!-- This site is optimized with the Yoast SEO plugin v27.5 - https:\/\/yoast.com\/product\/yoast-seo-wordpress\/ -->\n<title>DEVOLUCI\u00d3N DE IMPUESTOS - TAX ID<\/title>\n<meta name=\"robots\" content=\"index, follow, max-snippet:-1, max-image-preview:large, max-video-preview:-1\" \/>\n<link rel=\"canonical\" href=\"https:\/\/taxid.mx\/english\/devolucion-de-impuestos\/\" \/>\n<meta property=\"og:locale\" content=\"en_US\" \/>\n<meta property=\"og:type\" content=\"article\" \/>\n<meta property=\"og:title\" content=\"DEVOLUCI\u00d3N DE IMPUESTOS - TAX ID\" \/>\n<meta property=\"og:description\" content=\"DEVOLUCI\u00d3N DE IMPUESTOS Los profesionales te ayudar\u00e1n a solicitar y dar seguimiento de tus devoluciones de IVA para personas morales, as\u00ed como contestar cualquier informaci\u00f3n que requiera la autoridad tributaria posterior a la solicitud.OBT\u00c9N TU PRIMER ASESOR\u00cdA GRATUITA Y UN 10% DE DESCUENTO* C\u00d3MO FUNCIONARealizar una revisi\u00f3n de los saldos que se pretenden solicitar para [&hellip;]\" \/>\n<meta property=\"og:url\" content=\"https:\/\/taxid.mx\/english\/devolucion-de-impuestos\/\" \/>\n<meta property=\"og:site_name\" content=\"TAX ID\" \/>\n<meta property=\"article:modified_time\" content=\"2023-01-04T17:11:30+00:00\" \/>\n<meta name=\"twitter:card\" content=\"summary_large_image\" \/>\n<meta name=\"twitter:label1\" content=\"Est. reading time\" \/>\n\t<meta name=\"twitter:data1\" content=\"10 minutes\" \/>\n<script type=\"application\/ld+json\" class=\"yoast-schema-graph\">{\"@context\":\"https:\\\/\\\/schema.org\",\"@graph\":[{\"@type\":\"WebPage\",\"@id\":\"https:\\\/\\\/taxid.mx\\\/devolucion-de-impuestos\\\/\",\"url\":\"https:\\\/\\\/taxid.mx\\\/devolucion-de-impuestos\\\/\",\"name\":\"DEVOLUCI\u00d3N DE IMPUESTOS - TAX ID\",\"isPartOf\":{\"@id\":\"https:\\\/\\\/taxid.mx\\\/#website\"},\"datePublished\":\"2021-12-14T17:14:25+00:00\",\"dateModified\":\"2023-01-04T17:11:30+00:00\",\"breadcrumb\":{\"@id\":\"https:\\\/\\\/taxid.mx\\\/devolucion-de-impuestos\\\/#breadcrumb\"},\"inLanguage\":\"en-US\",\"potentialAction\":[{\"@type\":\"ReadAction\",\"target\":[\"https:\\\/\\\/taxid.mx\\\/devolucion-de-impuestos\\\/\"]}]},{\"@type\":\"BreadcrumbList\",\"@id\":\"https:\\\/\\\/taxid.mx\\\/devolucion-de-impuestos\\\/#breadcrumb\",\"itemListElement\":[{\"@type\":\"ListItem\",\"position\":1,\"name\":\"Portada\",\"item\":\"https:\\\/\\\/taxid.mx\\\/\"},{\"@type\":\"ListItem\",\"position\":2,\"name\":\"DEVOLUCI\u00d3N DE IMPUESTOS\"}]},{\"@type\":\"WebSite\",\"@id\":\"https:\\\/\\\/taxid.mx\\\/#website\",\"url\":\"https:\\\/\\\/taxid.mx\\\/\",\"name\":\"TAX ID\",\"description\":\"Despacho de contadores en M\u00e9xico\",\"potentialAction\":[{\"@type\":\"SearchAction\",\"target\":{\"@type\":\"EntryPoint\",\"urlTemplate\":\"https:\\\/\\\/taxid.mx\\\/?s={search_term_string}\"},\"query-input\":{\"@type\":\"PropertyValueSpecification\",\"valueRequired\":true,\"valueName\":\"search_term_string\"}}],\"inLanguage\":\"en-US\"}]}<\/script>\n<!-- \/ Yoast SEO plugin. -->","yoast_head_json":{"title":"TAX REFUND - TAX ID","robots":{"index":"index","follow":"follow","max-snippet":"max-snippet:-1","max-image-preview":"max-image-preview:large","max-video-preview":"max-video-preview:-1"},"canonical":"https:\/\/taxid.mx\/english\/devolucion-de-impuestos\/","og_locale":"en_US","og_type":"article","og_title":"DEVOLUCI\u00d3N DE IMPUESTOS - TAX ID","og_description":"DEVOLUCI\u00d3N DE IMPUESTOS Los profesionales te ayudar\u00e1n a solicitar y dar seguimiento de tus devoluciones de IVA para personas morales, as\u00ed como contestar cualquier informaci\u00f3n que requiera la autoridad tributaria posterior a la solicitud.OBT\u00c9N TU PRIMER ASESOR\u00cdA GRATUITA Y UN 10% DE DESCUENTO* C\u00d3MO FUNCIONARealizar una revisi\u00f3n de los saldos que se pretenden solicitar para [&hellip;]","og_url":"https:\/\/taxid.mx\/english\/devolucion-de-impuestos\/","og_site_name":"TAX ID","article_modified_time":"2023-01-04T17:11:30+00:00","twitter_card":"summary_large_image","twitter_misc":{"Est. reading time":"10 minutes"},"schema":{"@context":"https:\/\/schema.org","@graph":[{"@type":"WebPage","@id":"https:\/\/taxid.mx\/devolucion-de-impuestos\/","url":"https:\/\/taxid.mx\/devolucion-de-impuestos\/","name":"TAX REFUND - TAX ID","isPartOf":{"@id":"https:\/\/taxid.mx\/#website"},"datePublished":"2021-12-14T17:14:25+00:00","dateModified":"2023-01-04T17:11:30+00:00","breadcrumb":{"@id":"https:\/\/taxid.mx\/devolucion-de-impuestos\/#breadcrumb"},"inLanguage":"en-US","potentialAction":[{"@type":"ReadAction","target":["https:\/\/taxid.mx\/devolucion-de-impuestos\/"]}]},{"@type":"BreadcrumbList","@id":"https:\/\/taxid.mx\/devolucion-de-impuestos\/#breadcrumb","itemListElement":[{"@type":"ListItem","position":1,"name":"Portada","item":"https:\/\/taxid.mx\/"},{"@type":"ListItem","position":2,"name":"DEVOLUCI\u00d3N DE IMPUESTOS"}]},{"@type":"WebSite","@id":"https:\/\/taxid.mx\/#website","url":"https:\/\/taxid.mx\/","name":"TAX-ID","description":"Accounting firm in Mexico","potentialAction":[{"@type":"SearchAction","target":{"@type":"EntryPoint","urlTemplate":"https:\/\/taxid.mx\/?s={search_term_string}"},"query-input":{"@type":"PropertyValueSpecification","valueRequired":true,"valueName":"search_term_string"}}],"inLanguage":"en-US"}]}},"_links":{"self":[{"href":"https:\/\/taxid.mx\/english\/wp-json\/wp\/v2\/pages\/93","targetHints":{"allow":["GET"]}}],"collection":[{"href":"https:\/\/taxid.mx\/english\/wp-json\/wp\/v2\/pages"}],"about":[{"href":"https:\/\/taxid.mx\/english\/wp-json\/wp\/v2\/types\/page"}],"author":[{"embeddable":true,"href":"https:\/\/taxid.mx\/english\/wp-json\/wp\/v2\/users\/2"}],"replies":[{"embeddable":true,"href":"https:\/\/taxid.mx\/english\/wp-json\/wp\/v2\/comments?post=93"}],"version-history":[{"count":0,"href":"https:\/\/taxid.mx\/english\/wp-json\/wp\/v2\/pages\/93\/revisions"}],"wp:attachment":[{"href":"https:\/\/taxid.mx\/english\/wp-json\/wp\/v2\/media?parent=93"}],"curies":[{"name":"wp","href":"https:\/\/api.w.org\/{rel}","templated":true}]}}