{"id":1122,"date":"2022-07-07T18:14:49","date_gmt":"2022-07-07T18:14:49","guid":{"rendered":"https:\/\/q1dapyf5zv.onrocket.site\/?post_type=product&#038;p=1122"},"modified":"2025-10-20T22:23:39","modified_gmt":"2025-10-21T04:23:39","slug":"constitucion-de-empresas-para-extranjeros","status":"publish","type":"product","link":"https:\/\/taxid.mx\/english\/tienda\/constitucion-de-empresas\/constitucion-de-empresas-para-extranjeros\/","title":{"rendered":"Company formation for foreigners"},"content":{"rendered":"<p>[et_pb_section fb_built=\u00bb1&#8243; _builder_version=\u00bb4.16&#8243; custom_padding=\u00bb0px||||false|false\u00bb global_colors_info=\u00bb{}\u00bb][et_pb_row _builder_version=\u00bb4.16&#8243; background_size=\u00bbinitial\u00bb background_position=\u00bbtop_left\u00bb background_repeat=\u00bbrepeat\u00bb width=\u00bb100%\u00bb custom_padding=\u00bb0px||0px||false|false\u00bb global_colors_info=\u00bb{}\u00bb][et_pb_column type=\u00bb4_4&#8243; _builder_version=\u00bb4.16&#8243; custom_padding=\u00bb|||\u00bb global_colors_info=\u00bb{}\u00bb custom_padding__hover=\u00bb|||\u00bb][et_pb_wc_breadcrumb _builder_version=\u00bb4.16&#8243; global_colors_info=\u00bb{}\u00bb][\/et_pb_wc_breadcrumb][et_pb_wc_cart_notice _builder_version=\u00bb4.16&#8243; global_colors_info=\u00bb{}\u00bb][\/et_pb_wc_cart_notice][\/et_pb_column][\/et_pb_row][et_pb_row column_structure=\u00bb1_2,1_2&#8243; _builder_version=\u00bb4.16&#8243; background_size=\u00bbinitial\u00bb background_position=\u00bbtop_left\u00bb background_repeat=\u00bbrepeat\u00bb width=\u00bb100%\u00bb custom_padding=\u00bb0px||||false|false\u00bb global_colors_info=\u00bb{}\u00bb][et_pb_column type=\u00bb1_2&#8243; _builder_version=\u00bb4.16&#8243; custom_padding=\u00bb|||\u00bb global_colors_info=\u00bb{}\u00bb custom_padding__hover=\u00bb|||\u00bb][et_pb_wc_images _builder_version=\u00bb4.16&#8243; global_colors_info=\u00bb{}\u00bb][\/et_pb_wc_images][\/et_pb_column][et_pb_column type=\u00bb1_2&#8243; _builder_version=\u00bb4.16&#8243; custom_padding=\u00bb|||\u00bb global_colors_info=\u00bb{}\u00bb custom_padding__hover=\u00bb|||\u00bb][et_pb_wc_title _builder_version=\u00bb4.17.4&#8243; header_font=\u00bb||||||||\u00bb header_text_align=\u00bbleft\u00bb header_text_color=\u00bb#000000&#8243; global_colors_info=\u00bb{}\u00bb][\/et_pb_wc_title][et_pb_wc_price _builder_version=\u00bb4.17.4&#8243; body_font=\u00bb|700|||||||\u00bb body_text_color=\u00bb#660066&#8243; global_colors_info=\u00bb{}\u00bb][\/et_pb_wc_price][et_pb_wc_add_to_cart _builder_version=\u00bb4.17.4&#8243; fields_background_color=\u00bb#1e385c\u00bb fields_text_color=\u00bb#FFFFFF\u00bb fields_focus_background_color=\u00bb#FFFFFF\u00bb fields_focus_text_color=\u00bb#FFFFFF\u00bb fields_custom_margin=\u00bb-8px||-8px||true|false\u00bb fields_font_size=\u00bb14px\u00bb custom_button=\u00bbon\u00bb button_text_size=\u00bb22px\u00bb button_text_color=\u00bb#ffb636&#8243; button_bg_color=\u00bb#FFFFFF\u00bb button_border_color=\u00bb#ffb636&#8243; global_colors_info=\u00bb{}\u00bb][\/et_pb_wc_add_to_cart][et_pb_wc_meta _builder_version=\u00bb4.16&#8243; global_colors_info=\u00bb{}\u00bb][\/et_pb_wc_meta][\/et_pb_column][\/et_pb_row][et_pb_row _builder_version=\u00bb4.16&#8243; background_size=\u00bbinitial\u00bb background_position=\u00bbtop_left\u00bb background_repeat=\u00bbrepeat\u00bb width=\u00bb100%\u00bb global_colors_info=\u00bb{}\u00bb][et_pb_column type=\u00bb4_4&#8243; _builder_version=\u00bb4.16&#8243; custom_padding=\u00bb|||\u00bb global_colors_info=\u00bb{}\u00bb custom_padding__hover=\u00bb|||\u00bb][et_pb_wc_tabs _builder_version=\u00bb4.16&#8243; global_colors_info=\u00bb{}\u00bb]\t\t\t\t\t[\/et_pb_wc_tabs][et_pb_wc_upsells _builder_version=\u00bb4.16&#8243; global_colors_info=\u00bb{}\u00bb][\/et_pb_wc_upsells][et_pb_wc_related_products _builder_version=\u00bb4.16&#8243; global_colors_info=\u00bb{}\u00bb][\/et_pb_wc_related_products][\/et_pb_column][\/et_pb_row][\/et_pb_section]<\/p>\n<span class=\"et_bloom_bottom_trigger\"><\/span>","protected":false},"excerpt":{"rendered":"<p><span data-sheets-value=\"{&quot;1&quot;:2,&quot;2&quot;:&quot;CONSTITUCI\u00d3N DE EMPRESA PARA EXTRANJEROS INCLUYE: ACTA CONSTITUTIVA INSCRITA EN INVERSI\u00d3N EXTRANJERA, IMPUESTOS NOTARIALES, INSCRIPCI\u00d3N AL RFC Y CUENTA BANCARIA &quot;}\" data-sheets-userformat=\"{&quot;2&quot;:829,&quot;3&quot;:{&quot;1&quot;:0},&quot;5&quot;:{&quot;1&quot;:[{&quot;1&quot;:2,&quot;2&quot;:0,&quot;5&quot;:{&quot;1&quot;:2,&quot;2&quot;:0}},{&quot;1&quot;:0,&quot;2&quot;:0,&quot;3&quot;:3},{&quot;1&quot;:1,&quot;2&quot;:0,&quot;4&quot;:1}]},&quot;6&quot;:{&quot;1&quot;:[{&quot;1&quot;:2,&quot;2&quot;:0,&quot;5&quot;:{&quot;1&quot;:2,&quot;2&quot;:0}},{&quot;1&quot;:0,&quot;2&quot;:0,&quot;3&quot;:3},{&quot;1&quot;:1,&quot;2&quot;:0,&quot;4&quot;:1}]},&quot;7&quot;:{&quot;1&quot;:[{&quot;1&quot;:2,&quot;2&quot;:0,&quot;5&quot;:{&quot;1&quot;:2,&quot;2&quot;:0}},{&quot;1&quot;:0,&quot;2&quot;:0,&quot;3&quot;:3},{&quot;1&quot;:1,&quot;2&quot;:0,&quot;4&quot;:1}]},&quot;8&quot;:{&quot;1&quot;:[{&quot;1&quot;:2,&quot;2&quot;:0,&quot;5&quot;:{&quot;1&quot;:2,&quot;2&quot;:0}},{&quot;1&quot;:0,&quot;2&quot;:0,&quot;3&quot;:3},{&quot;1&quot;:1,&quot;2&quot;:0,&quot;4&quot;:1}]},&quot;11&quot;:4,&quot;12&quot;:0}\">CONSTITUCI\u00d3N DE EMPRESA PARA EXTRANJEROS INCLUYE: ACTA CONSTITUTIVA INSCRITA EN INVERSI\u00d3N EXTRANJERA, IMPUESTOS NOTARIALES, INSCRIPCI\u00d3N AL RFC Y CUENTA BANCARIA <\/span><\/p>\n","protected":false},"featured_media":3682,"comment_status":"open","ping_status":"closed","template":"","meta":{"_et_pb_use_builder":"on","_et_pb_old_content":"<span data-sheets-value=\"{&quot;1&quot;:2,&quot;2&quot;:&quot;CONSTITUCI\u00d3N DE EMPRESA PARA EXTRANJEROS INCLUYE: ACTA CONSTITUTIVA INSCRITA EN INVERSI\u00d3N EXTRANJERA, IMPUESTOS NOTARIALES, INSCRIPCI\u00d3N AL RFC Y CUENTA BANCARIA &quot;}\" data-sheets-userformat=\"{&quot;2&quot;:829,&quot;3&quot;:{&quot;1&quot;:0},&quot;5&quot;:{&quot;1&quot;:[{&quot;1&quot;:2,&quot;2&quot;:0,&quot;5&quot;:{&quot;1&quot;:2,&quot;2&quot;:0}},{&quot;1&quot;:0,&quot;2&quot;:0,&quot;3&quot;:3},{&quot;1&quot;:1,&quot;2&quot;:0,&quot;4&quot;:1}]},&quot;6&quot;:{&quot;1&quot;:[{&quot;1&quot;:2,&quot;2&quot;:0,&quot;5&quot;:{&quot;1&quot;:2,&quot;2&quot;:0}},{&quot;1&quot;:0,&quot;2&quot;:0,&quot;3&quot;:3},{&quot;1&quot;:1,&quot;2&quot;:0,&quot;4&quot;:1}]},&quot;7&quot;:{&quot;1&quot;:[{&quot;1&quot;:2,&quot;2&quot;:0,&quot;5&quot;:{&quot;1&quot;:2,&quot;2&quot;:0}},{&quot;1&quot;:0,&quot;2&quot;:0,&quot;3&quot;:3},{&quot;1&quot;:1,&quot;2&quot;:0,&quot;4&quot;:1}]},&quot;8&quot;:{&quot;1&quot;:[{&quot;1&quot;:2,&quot;2&quot;:0,&quot;5&quot;:{&quot;1&quot;:2,&quot;2&quot;:0}},{&quot;1&quot;:0,&quot;2&quot;:0,&quot;3&quot;:3},{&quot;1&quot;:1,&quot;2&quot;:0,&quot;4&quot;:1}]},&quot;11&quot;:4,&quot;12&quot;:0}\">CONSTITUCI\u00d3N DE EMPRESA PARA EXTRANJEROS INCLUYE: ACTA CONSTITUTIVA INSCRITA EN INVERSI\u00d3N EXTRANJERA, IMPUESTOS NOTARIALES, INSCRIPCI\u00d3N AL RFC Y CUENTA BANCARIA <\/span>","_et_gb_content_width":"","_joinchat":[]},"product_brand":[],"product_cat":[35],"product_tag":[101,41,40,48,102,36,49,37,43,38,39,44,50,46,45,42,47],"class_list":{"0":"post-1122","1":"product","2":"type-product","3":"status-publish","4":"has-post-thumbnail","6":"product_cat-constitucion-de-empresas","7":"product_tag-abrir-una-empresa-en-mexico","8":"product_tag-acta","9":"product_tag-acta-constitutiva","10":"product_tag-actas","11":"product_tag-como-crear-una-empresa-en-mexico","12":"product_tag-constitucion","13":"product_tag-cuenta-bancaria","14":"product_tag-empresas","15":"product_tag-extranjera","16":"product_tag-extranjero","17":"product_tag-extranjeros","18":"product_tag-impuestos","19":"product_tag-impuestos-notariales","20":"product_tag-inscripcion","21":"product_tag-inscripcion-al-rfc","22":"product_tag-inversion","23":"product_tag-rfc","25":"first","26":"instock","27":"virtual","28":"purchasable","29":"product-type-simple"},"yoast_head":"<!-- This site is optimized with the Yoast SEO plugin v27.5 - https:\/\/yoast.com\/product\/yoast-seo-wordpress\/ -->\n<title>Constituci\u00f3n de empresas para extranjeros - TAX ID<\/title>\n<meta name=\"description\" content=\"Acta constitutiva inscrita en inversi\u00f3n extranjera, impuestos notariales, inscripci\u00f3n al RFC y cuenta bancaria.\" \/>\n<meta name=\"robots\" content=\"index, follow, max-snippet:-1, max-image-preview:large, max-video-preview:-1\" \/>\n<link rel=\"canonical\" href=\"https:\/\/taxid.mx\/english\/tienda\/constitucion-de-empresas\/constitucion-de-empresas-para-extranjeros\/\" \/>\n<meta property=\"og:locale\" content=\"en_US\" \/>\n<meta property=\"og:type\" content=\"article\" \/>\n<meta property=\"og:title\" content=\"Constituci\u00f3n de empresas para extranjeros - TAX ID\" \/>\n<meta property=\"og:description\" content=\"Acta constitutiva inscrita en inversi\u00f3n extranjera, impuestos notariales, inscripci\u00f3n al RFC y cuenta bancaria.\" \/>\n<meta property=\"og:url\" content=\"https:\/\/taxid.mx\/english\/tienda\/constitucion-de-empresas\/constitucion-de-empresas-para-extranjeros\/\" \/>\n<meta property=\"og:site_name\" content=\"TAX ID\" \/>\n<meta property=\"article:modified_time\" content=\"2025-10-21T04:23:39+00:00\" \/>\n<meta property=\"og:image\" content=\"https:\/\/taxid.mx\/wp-content\/uploads\/2022\/07\/CONSTITUCION-DE-EMPRESAS-PARA-EXTRANJEROS.png\" \/>\n\t<meta property=\"og:image:width\" content=\"2000\" \/>\n\t<meta property=\"og:image:height\" content=\"2000\" \/>\n\t<meta property=\"og:image:type\" content=\"image\/png\" \/>\n<meta name=\"twitter:card\" content=\"summary_large_image\" \/>\n<meta name=\"twitter:label1\" content=\"Est. reading time\" \/>\n\t<meta name=\"twitter:data1\" content=\"2 minutes\" \/>\n<script type=\"application\/ld+json\" class=\"yoast-schema-graph\">{\"@context\":\"https:\\\/\\\/schema.org\",\"@graph\":[{\"@type\":\"WebPage\",\"@id\":\"https:\\\/\\\/taxid.mx\\\/tienda\\\/constitucion-de-empresas\\\/constitucion-de-empresas-para-extranjeros\\\/\",\"url\":\"https:\\\/\\\/taxid.mx\\\/tienda\\\/constitucion-de-empresas\\\/constitucion-de-empresas-para-extranjeros\\\/\",\"name\":\"Constituci\u00f3n de empresas para extranjeros - TAX ID\",\"isPartOf\":{\"@id\":\"https:\\\/\\\/taxid.mx\\\/#website\"},\"primaryImageOfPage\":{\"@id\":\"https:\\\/\\\/taxid.mx\\\/tienda\\\/constitucion-de-empresas\\\/constitucion-de-empresas-para-extranjeros\\\/#primaryimage\"},\"image\":{\"@id\":\"https:\\\/\\\/taxid.mx\\\/tienda\\\/constitucion-de-empresas\\\/constitucion-de-empresas-para-extranjeros\\\/#primaryimage\"},\"thumbnailUrl\":\"https:\\\/\\\/taxid.mx\\\/wp-content\\\/uploads\\\/2022\\\/07\\\/CONSTITUCION-DE-EMPRESAS-PARA-EXTRANJEROS.png\",\"datePublished\":\"2022-07-07T18:14:49+00:00\",\"dateModified\":\"2025-10-21T04:23:39+00:00\",\"description\":\"Acta constitutiva inscrita en inversi\u00f3n extranjera, impuestos notariales, inscripci\u00f3n al RFC y cuenta bancaria.\",\"breadcrumb\":{\"@id\":\"https:\\\/\\\/taxid.mx\\\/tienda\\\/constitucion-de-empresas\\\/constitucion-de-empresas-para-extranjeros\\\/#breadcrumb\"},\"inLanguage\":\"en-US\",\"potentialAction\":[{\"@type\":\"ReadAction\",\"target\":[\"https:\\\/\\\/taxid.mx\\\/tienda\\\/constitucion-de-empresas\\\/constitucion-de-empresas-para-extranjeros\\\/\"]}]},{\"@type\":\"ImageObject\",\"inLanguage\":\"en-US\",\"@id\":\"https:\\\/\\\/taxid.mx\\\/tienda\\\/constitucion-de-empresas\\\/constitucion-de-empresas-para-extranjeros\\\/#primaryimage\",\"url\":\"https:\\\/\\\/taxid.mx\\\/wp-content\\\/uploads\\\/2022\\\/07\\\/CONSTITUCION-DE-EMPRESAS-PARA-EXTRANJEROS.png\",\"contentUrl\":\"https:\\\/\\\/taxid.mx\\\/wp-content\\\/uploads\\\/2022\\\/07\\\/CONSTITUCION-DE-EMPRESAS-PARA-EXTRANJEROS.png\",\"width\":2000,\"height\":2000},{\"@type\":\"BreadcrumbList\",\"@id\":\"https:\\\/\\\/taxid.mx\\\/tienda\\\/constitucion-de-empresas\\\/constitucion-de-empresas-para-extranjeros\\\/#breadcrumb\",\"itemListElement\":[{\"@type\":\"ListItem\",\"position\":1,\"name\":\"Portada\",\"item\":\"https:\\\/\\\/taxid.mx\\\/\"},{\"@type\":\"ListItem\",\"position\":2,\"name\":\"Tienda\",\"item\":\"https:\\\/\\\/taxid.mx\\\/tienda\\\/\"},{\"@type\":\"ListItem\",\"position\":3,\"name\":\"Constituci\u00f3n de empresas para extranjeros\"}]},{\"@type\":\"WebSite\",\"@id\":\"https:\\\/\\\/taxid.mx\\\/#website\",\"url\":\"https:\\\/\\\/taxid.mx\\\/\",\"name\":\"TAX ID\",\"description\":\"Despacho de contadores en M\u00e9xico\",\"potentialAction\":[{\"@type\":\"SearchAction\",\"target\":{\"@type\":\"EntryPoint\",\"urlTemplate\":\"https:\\\/\\\/taxid.mx\\\/?s={search_term_string}\"},\"query-input\":{\"@type\":\"PropertyValueSpecification\",\"valueRequired\":true,\"valueName\":\"search_term_string\"}}],\"inLanguage\":\"en-US\"}]}<\/script>\n<!-- \/ Yoast SEO plugin. -->","yoast_head_json":{"title":"Company formation for foreigners - TAX ID","description":"Articles of incorporation registered for foreign investment, notary fees, RFC registration, and bank account.","robots":{"index":"index","follow":"follow","max-snippet":"max-snippet:-1","max-image-preview":"max-image-preview:large","max-video-preview":"max-video-preview:-1"},"canonical":"https:\/\/taxid.mx\/english\/tienda\/constitucion-de-empresas\/constitucion-de-empresas-para-extranjeros\/","og_locale":"en_US","og_type":"article","og_title":"Constituci\u00f3n de empresas para extranjeros - TAX ID","og_description":"Acta constitutiva inscrita en inversi\u00f3n extranjera, impuestos notariales, inscripci\u00f3n al RFC y cuenta bancaria.","og_url":"https:\/\/taxid.mx\/english\/tienda\/constitucion-de-empresas\/constitucion-de-empresas-para-extranjeros\/","og_site_name":"TAX ID","article_modified_time":"2025-10-21T04:23:39+00:00","og_image":[{"width":2000,"height":2000,"url":"https:\/\/taxid.mx\/wp-content\/uploads\/2022\/07\/CONSTITUCION-DE-EMPRESAS-PARA-EXTRANJEROS.png","type":"image\/png"}],"twitter_card":"summary_large_image","twitter_misc":{"Est. reading time":"2 minutes"},"schema":{"@context":"https:\/\/schema.org","@graph":[{"@type":"WebPage","@id":"https:\/\/taxid.mx\/tienda\/constitucion-de-empresas\/constitucion-de-empresas-para-extranjeros\/","url":"https:\/\/taxid.mx\/tienda\/constitucion-de-empresas\/constitucion-de-empresas-para-extranjeros\/","name":"Company formation for foreigners - TAX ID","isPartOf":{"@id":"https:\/\/taxid.mx\/#website"},"primaryImageOfPage":{"@id":"https:\/\/taxid.mx\/tienda\/constitucion-de-empresas\/constitucion-de-empresas-para-extranjeros\/#primaryimage"},"image":{"@id":"https:\/\/taxid.mx\/tienda\/constitucion-de-empresas\/constitucion-de-empresas-para-extranjeros\/#primaryimage"},"thumbnailUrl":"https:\/\/taxid.mx\/wp-content\/uploads\/2022\/07\/CONSTITUCION-DE-EMPRESAS-PARA-EXTRANJEROS.png","datePublished":"2022-07-07T18:14:49+00:00","dateModified":"2025-10-21T04:23:39+00:00","description":"Articles of incorporation registered for foreign investment, notary fees, RFC registration, and bank account.","breadcrumb":{"@id":"https:\/\/taxid.mx\/tienda\/constitucion-de-empresas\/constitucion-de-empresas-para-extranjeros\/#breadcrumb"},"inLanguage":"en-US","potentialAction":[{"@type":"ReadAction","target":["https:\/\/taxid.mx\/tienda\/constitucion-de-empresas\/constitucion-de-empresas-para-extranjeros\/"]}]},{"@type":"ImageObject","inLanguage":"en-US","@id":"https:\/\/taxid.mx\/tienda\/constitucion-de-empresas\/constitucion-de-empresas-para-extranjeros\/#primaryimage","url":"https:\/\/taxid.mx\/wp-content\/uploads\/2022\/07\/CONSTITUCION-DE-EMPRESAS-PARA-EXTRANJEROS.png","contentUrl":"https:\/\/taxid.mx\/wp-content\/uploads\/2022\/07\/CONSTITUCION-DE-EMPRESAS-PARA-EXTRANJEROS.png","width":2000,"height":2000},{"@type":"BreadcrumbList","@id":"https:\/\/taxid.mx\/tienda\/constitucion-de-empresas\/constitucion-de-empresas-para-extranjeros\/#breadcrumb","itemListElement":[{"@type":"ListItem","position":1,"name":"Portada","item":"https:\/\/taxid.mx\/"},{"@type":"ListItem","position":2,"name":"Tienda","item":"https:\/\/taxid.mx\/tienda\/"},{"@type":"ListItem","position":3,"name":"Constituci\u00f3n de empresas para extranjeros"}]},{"@type":"WebSite","@id":"https:\/\/taxid.mx\/#website","url":"https:\/\/taxid.mx\/","name":"TAX-ID","description":"Accounting firm in Mexico","potentialAction":[{"@type":"SearchAction","target":{"@type":"EntryPoint","urlTemplate":"https:\/\/taxid.mx\/?s={search_term_string}"},"query-input":{"@type":"PropertyValueSpecification","valueRequired":true,"valueName":"search_term_string"}}],"inLanguage":"en-US"}]}},"_links":{"self":[{"href":"https:\/\/taxid.mx\/english\/wp-json\/wp\/v2\/product\/1122","targetHints":{"allow":["GET"]}}],"collection":[{"href":"https:\/\/taxid.mx\/english\/wp-json\/wp\/v2\/product"}],"about":[{"href":"https:\/\/taxid.mx\/english\/wp-json\/wp\/v2\/types\/product"}],"replies":[{"embeddable":true,"href":"https:\/\/taxid.mx\/english\/wp-json\/wp\/v2\/comments?post=1122"}],"wp:featuredmedia":[{"embeddable":true,"href":"https:\/\/taxid.mx\/english\/wp-json\/wp\/v2\/media\/3682"}],"wp:attachment":[{"href":"https:\/\/taxid.mx\/english\/wp-json\/wp\/v2\/media?parent=1122"}],"wp:term":[{"taxonomy":"product_brand","embeddable":true,"href":"https:\/\/taxid.mx\/english\/wp-json\/wp\/v2\/product_brand?post=1122"},{"taxonomy":"product_cat","embeddable":true,"href":"https:\/\/taxid.mx\/english\/wp-json\/wp\/v2\/product_cat?post=1122"},{"taxonomy":"product_tag","embeddable":true,"href":"https:\/\/taxid.mx\/english\/wp-json\/wp\/v2\/product_tag?post=1122"}],"curies":[{"name":"wp","href":"https:\/\/api.w.org\/{rel}","templated":true}]}}