{"id":1307,"date":"2022-07-19T21:12:42","date_gmt":"2022-07-19T21:12:42","guid":{"rendered":"https:\/\/q1dapyf5zv.onrocket.site\/?post_type=product&#038;p=1307"},"modified":"2025-10-20T22:22:25","modified_gmt":"2025-10-21T04:22:25","slug":"declaracion-anual-sueldos-y-salarios","status":"publish","type":"product","link":"https:\/\/taxid.mx\/english\/tienda\/papel-de-trabajo\/personas-fisicas-o-resico\/declaracion-anual-sueldos-y-salarios\/","title":{"rendered":"Annual statement wages and salaries."},"content":{"rendered":"<p>If you are a natural person in the wages and salaries regime and have some of the following deductions:<\/p>\n<p>Medical fees<br \/>\nOptical lenses<br \/>\nMedical expense insurance premiums Hospital expenses<br \/>\nTuition fees in private educational institutions<br \/>\nReal interest accrued and actually paid for mortgage loans,<br \/>\nComplementary retirement contributions made in the voluntary contributions subaccount of your personal retirement plans (Afore).<\/p>\n<p>You can obtain a credit balance if you present your deductions in your Annual Declaration.<\/p>\n<p>&nbsp;<\/p>\n<span class=\"et_bloom_bottom_trigger\"><\/span>","protected":false},"excerpt":{"rendered":"<p>Si eres persona f\u00edsica en el r\u00e9gimen de sueldos y salarios y tienes algunas de las siguientes deducciones: Honorarios m\u00e9dicos Lentes \u00f3pticos Primas por seguros de gastos m\u00e9dicos\u00a0 \u00a0 \u00a0 \u00a0 \u00a0 \u00a0 \u00a0 \u00a0 \u00a0 \u00a0 \u00a0 \u00a0 \u00a0 \u00a0 \u00a0 \u00a0 \u00a0 \u00a0 \u00a0 \u00a0 \u00a0 \u00a0 \u00a0 \u00a0 \u00a0 \u00a0 \u00a0 \u00a0 [&hellip;]<\/p>\n","protected":false},"featured_media":3670,"comment_status":"open","ping_status":"closed","template":"","meta":{"_et_pb_use_builder":"","_et_pb_old_content":"","_et_gb_content_width":"","_joinchat":[]},"product_brand":[],"product_cat":[106,159,74,157],"product_tag":[96,95,107,108,109],"class_list":{"0":"post-1307","1":"product","2":"type-product","3":"status-publish","4":"has-post-thumbnail","6":"product_cat-declaraciones-de-impuestos","7":"product_cat-herramientas-para-contadores","8":"product_cat-papel-de-trabajo","9":"product_cat-personas-fisicas-o-resico","10":"product_tag-declaracion-anual","11":"product_tag-declaracion-anual-persona-fisica","12":"product_tag-devolucion-saldo-a-favor","13":"product_tag-saldo-a-favor","14":"product_tag-saldo-a-favor-isr","16":"first","17":"instock","18":"virtual","19":"purchasable","20":"product-type-simple"},"yoast_head":"<!-- This site is optimized with the Yoast SEO plugin v27.5 - https:\/\/yoast.com\/product\/yoast-seo-wordpress\/ -->\n<title>Declaraci\u00f3n anual sueldos y salarios. - TAX ID<\/title>\n<meta name=\"description\" content=\"Si eres persona f\u00edsica en el r\u00e9gimen de sueldos y salarios y tienes algunas de las siguientes deducciones: Honorarios m\u00e9dicos \u00a0Lentes \u00f3pticos Primas por seguros de gastos m\u00e9dicos\u00a0 \u00a0 \u00a0 \u00a0 \u00a0 \u00a0 \u00a0 \u00a0 \u00a0 \u00a0 \u00a0 \u00a0 \u00a0 \u00a0 \u00a0 \u00a0 \u00a0 \u00a0 \u00a0 \u00a0 \u00a0 \u00a0 \u00a0 \u00a0 \u00a0 \u00a0 \u00a0 \u00a0 \u00a0 \u00a0 \u00a0 \u00a0 \u00a0 \u00a0 \u00a0 \u00a0 \u00a0 \u00a0 \u00a0 \u00a0 \u00a0 \u00a0 \u00a0 \u00a0 \u00a0 \u00a0 \u00a0 \u00a0 \u00a0 \u00a0 \u00a0 \u00a0 \u00a0 \u00a0 \u00a0 \u00a0 \u00a0 Gastos hospitalarios Colegiaturas en instituciones educativas privada Intereses reales devengados y efectivamente pagados por cr\u00e9ditos hipotecarios, Aportaciones complementarias de retiro realizadas en la subcuenta de aportaciones voluntarias de tus planes personales de retiro (Afore). Puedes obtener un saldo a favor, si presentas tus deducciones en tu Declaraci\u00f3n Anual.\" \/>\n<meta name=\"robots\" content=\"index, follow, max-snippet:-1, max-image-preview:large, max-video-preview:-1\" \/>\n<link rel=\"canonical\" href=\"https:\/\/taxid.mx\/english\/tienda\/papel-de-trabajo\/personas-fisicas-o-resico\/declaracion-anual-sueldos-y-salarios\/\" \/>\n<meta property=\"og:locale\" content=\"en_US\" \/>\n<meta property=\"og:type\" content=\"article\" \/>\n<meta property=\"og:title\" content=\"Declaraci\u00f3n anual sueldos y salarios. - TAX ID\" \/>\n<meta property=\"og:description\" content=\"Si eres persona f\u00edsica en el r\u00e9gimen de sueldos y salarios y tienes algunas de las siguientes deducciones: Honorarios m\u00e9dicos \u00a0Lentes \u00f3pticos Primas por seguros de gastos m\u00e9dicos\u00a0 \u00a0 \u00a0 \u00a0 \u00a0 \u00a0 \u00a0 \u00a0 \u00a0 \u00a0 \u00a0 \u00a0 \u00a0 \u00a0 \u00a0 \u00a0 \u00a0 \u00a0 \u00a0 \u00a0 \u00a0 \u00a0 \u00a0 \u00a0 \u00a0 \u00a0 \u00a0 \u00a0 \u00a0 \u00a0 \u00a0 \u00a0 \u00a0 \u00a0 \u00a0 \u00a0 \u00a0 \u00a0 \u00a0 \u00a0 \u00a0 \u00a0 \u00a0 \u00a0 \u00a0 \u00a0 \u00a0 \u00a0 \u00a0 \u00a0 \u00a0 \u00a0 \u00a0 \u00a0 \u00a0 \u00a0 \u00a0 Gastos hospitalarios Colegiaturas en instituciones educativas privada Intereses reales devengados y efectivamente pagados por cr\u00e9ditos hipotecarios, Aportaciones complementarias de retiro realizadas en la subcuenta de aportaciones voluntarias de tus planes personales de retiro (Afore). Puedes obtener un saldo a favor, si presentas tus deducciones en tu Declaraci\u00f3n Anual.\" \/>\n<meta property=\"og:url\" content=\"https:\/\/taxid.mx\/english\/tienda\/papel-de-trabajo\/personas-fisicas-o-resico\/declaracion-anual-sueldos-y-salarios\/\" \/>\n<meta property=\"og:site_name\" content=\"TAX ID\" \/>\n<meta property=\"article:modified_time\" content=\"2025-10-21T04:22:25+00:00\" \/>\n<meta property=\"og:image\" content=\"https:\/\/taxid.mx\/wp-content\/uploads\/2024\/09\/MANUAL-PARA-EL-TIMBRADO-DE-ANTICIPOS-DE-REMANENTES-PARA-UNA-SC-PANTALLA-DEL-SAT.png\" \/>\n\t<meta property=\"og:image:width\" content=\"2000\" \/>\n\t<meta property=\"og:image:height\" content=\"2000\" \/>\n\t<meta property=\"og:image:type\" content=\"image\/png\" \/>\n<meta name=\"twitter:card\" content=\"summary_large_image\" \/>\n<meta name=\"twitter:label1\" content=\"Est. reading time\" \/>\n\t<meta name=\"twitter:data1\" content=\"1 minute\" \/>\n<script type=\"application\/ld+json\" class=\"yoast-schema-graph\">{\"@context\":\"https:\\\/\\\/schema.org\",\"@graph\":[{\"@type\":\"WebPage\",\"@id\":\"https:\\\/\\\/taxid.mx\\\/tienda\\\/papel-de-trabajo\\\/personas-fisicas-o-resico\\\/declaracion-anual-sueldos-y-salarios\\\/\",\"url\":\"https:\\\/\\\/taxid.mx\\\/tienda\\\/papel-de-trabajo\\\/personas-fisicas-o-resico\\\/declaracion-anual-sueldos-y-salarios\\\/\",\"name\":\"Declaraci\u00f3n anual sueldos y salarios. - TAX ID\",\"isPartOf\":{\"@id\":\"https:\\\/\\\/taxid.mx\\\/#website\"},\"primaryImageOfPage\":{\"@id\":\"https:\\\/\\\/taxid.mx\\\/tienda\\\/papel-de-trabajo\\\/personas-fisicas-o-resico\\\/declaracion-anual-sueldos-y-salarios\\\/#primaryimage\"},\"image\":{\"@id\":\"https:\\\/\\\/taxid.mx\\\/tienda\\\/papel-de-trabajo\\\/personas-fisicas-o-resico\\\/declaracion-anual-sueldos-y-salarios\\\/#primaryimage\"},\"thumbnailUrl\":\"https:\\\/\\\/taxid.mx\\\/wp-content\\\/uploads\\\/2024\\\/09\\\/MANUAL-PARA-EL-TIMBRADO-DE-ANTICIPOS-DE-REMANENTES-PARA-UNA-SC-PANTALLA-DEL-SAT.png\",\"datePublished\":\"2022-07-19T21:12:42+00:00\",\"dateModified\":\"2025-10-21T04:22:25+00:00\",\"description\":\"Si eres persona f\u00edsica en el r\u00e9gimen de sueldos y salarios y tienes algunas de las siguientes deducciones: Honorarios m\u00e9dicos \u00a0Lentes \u00f3pticos Primas por seguros de gastos m\u00e9dicos\u00a0 \u00a0 \u00a0 \u00a0 \u00a0 \u00a0 \u00a0 \u00a0 \u00a0 \u00a0 \u00a0 \u00a0 \u00a0 \u00a0 \u00a0 \u00a0 \u00a0 \u00a0 \u00a0 \u00a0 \u00a0 \u00a0 \u00a0 \u00a0 \u00a0 \u00a0 \u00a0 \u00a0 \u00a0 \u00a0 \u00a0 \u00a0 \u00a0 \u00a0 \u00a0 \u00a0 \u00a0 \u00a0 \u00a0 \u00a0 \u00a0 \u00a0 \u00a0 \u00a0 \u00a0 \u00a0 \u00a0 \u00a0 \u00a0 \u00a0 \u00a0 \u00a0 \u00a0 \u00a0 \u00a0 \u00a0 \u00a0 Gastos hospitalarios Colegiaturas en instituciones educativas privada Intereses reales devengados y efectivamente pagados por cr\u00e9ditos hipotecarios, Aportaciones complementarias de retiro realizadas en la subcuenta de aportaciones voluntarias de tus planes personales de retiro (Afore). Puedes obtener un saldo a favor, si presentas tus deducciones en tu Declaraci\u00f3n Anual.\",\"breadcrumb\":{\"@id\":\"https:\\\/\\\/taxid.mx\\\/tienda\\\/papel-de-trabajo\\\/personas-fisicas-o-resico\\\/declaracion-anual-sueldos-y-salarios\\\/#breadcrumb\"},\"inLanguage\":\"en-US\",\"potentialAction\":[{\"@type\":\"ReadAction\",\"target\":[\"https:\\\/\\\/taxid.mx\\\/tienda\\\/papel-de-trabajo\\\/personas-fisicas-o-resico\\\/declaracion-anual-sueldos-y-salarios\\\/\"]}]},{\"@type\":\"ImageObject\",\"inLanguage\":\"en-US\",\"@id\":\"https:\\\/\\\/taxid.mx\\\/tienda\\\/papel-de-trabajo\\\/personas-fisicas-o-resico\\\/declaracion-anual-sueldos-y-salarios\\\/#primaryimage\",\"url\":\"https:\\\/\\\/taxid.mx\\\/wp-content\\\/uploads\\\/2024\\\/09\\\/MANUAL-PARA-EL-TIMBRADO-DE-ANTICIPOS-DE-REMANENTES-PARA-UNA-SC-PANTALLA-DEL-SAT.png\",\"contentUrl\":\"https:\\\/\\\/taxid.mx\\\/wp-content\\\/uploads\\\/2024\\\/09\\\/MANUAL-PARA-EL-TIMBRADO-DE-ANTICIPOS-DE-REMANENTES-PARA-UNA-SC-PANTALLA-DEL-SAT.png\",\"width\":2000,\"height\":2000},{\"@type\":\"BreadcrumbList\",\"@id\":\"https:\\\/\\\/taxid.mx\\\/tienda\\\/papel-de-trabajo\\\/personas-fisicas-o-resico\\\/declaracion-anual-sueldos-y-salarios\\\/#breadcrumb\",\"itemListElement\":[{\"@type\":\"ListItem\",\"position\":1,\"name\":\"Portada\",\"item\":\"https:\\\/\\\/taxid.mx\\\/\"},{\"@type\":\"ListItem\",\"position\":2,\"name\":\"Tienda\",\"item\":\"https:\\\/\\\/taxid.mx\\\/tienda\\\/\"},{\"@type\":\"ListItem\",\"position\":3,\"name\":\"Declaraci\u00f3n anual sueldos y salarios.\"}]},{\"@type\":\"WebSite\",\"@id\":\"https:\\\/\\\/taxid.mx\\\/#website\",\"url\":\"https:\\\/\\\/taxid.mx\\\/\",\"name\":\"TAX ID\",\"description\":\"Despacho de contadores en M\u00e9xico\",\"potentialAction\":[{\"@type\":\"SearchAction\",\"target\":{\"@type\":\"EntryPoint\",\"urlTemplate\":\"https:\\\/\\\/taxid.mx\\\/?s={search_term_string}\"},\"query-input\":{\"@type\":\"PropertyValueSpecification\",\"valueRequired\":true,\"valueName\":\"search_term_string\"}}],\"inLanguage\":\"en-US\"}]}<\/script>\n<!-- \/ Yoast SEO plugin. -->","yoast_head_json":{"title":"Annual salary and wage declaration - TAX ID","description":"If you are an individual under the salary and wage system and have any of the following deductions: Medical fees, optical lenses, health insurance premiums, hospital expenses, tuition at private educational institutions, actual interest accrued and actually paid on mortgage loans, and complementary retirement contributions made to the voluntary contributions subaccount of your personal retirement plans (Afore). You can obtain a credit balance if you present your deductions on your Annual Tax Return.","robots":{"index":"index","follow":"follow","max-snippet":"max-snippet:-1","max-image-preview":"max-image-preview:large","max-video-preview":"max-video-preview:-1"},"canonical":"https:\/\/taxid.mx\/english\/tienda\/papel-de-trabajo\/personas-fisicas-o-resico\/declaracion-anual-sueldos-y-salarios\/","og_locale":"en_US","og_type":"article","og_title":"Declaraci\u00f3n anual sueldos y salarios. - TAX ID","og_description":"Si eres persona f\u00edsica en el r\u00e9gimen de sueldos y salarios y tienes algunas de las siguientes deducciones: Honorarios m\u00e9dicos \u00a0Lentes \u00f3pticos Primas por seguros de gastos m\u00e9dicos\u00a0 \u00a0 \u00a0 \u00a0 \u00a0 \u00a0 \u00a0 \u00a0 \u00a0 \u00a0 \u00a0 \u00a0 \u00a0 \u00a0 \u00a0 \u00a0 \u00a0 \u00a0 \u00a0 \u00a0 \u00a0 \u00a0 \u00a0 \u00a0 \u00a0 \u00a0 \u00a0 \u00a0 \u00a0 \u00a0 \u00a0 \u00a0 \u00a0 \u00a0 \u00a0 \u00a0 \u00a0 \u00a0 \u00a0 \u00a0 \u00a0 \u00a0 \u00a0 \u00a0 \u00a0 \u00a0 \u00a0 \u00a0 \u00a0 \u00a0 \u00a0 \u00a0 \u00a0 \u00a0 \u00a0 \u00a0 \u00a0 Gastos hospitalarios Colegiaturas en instituciones educativas privada Intereses reales devengados y efectivamente pagados por cr\u00e9ditos hipotecarios, Aportaciones complementarias de retiro realizadas en la subcuenta de aportaciones voluntarias de tus planes personales de retiro (Afore). Puedes obtener un saldo a favor, si presentas tus deducciones en tu Declaraci\u00f3n Anual.","og_url":"https:\/\/taxid.mx\/english\/tienda\/papel-de-trabajo\/personas-fisicas-o-resico\/declaracion-anual-sueldos-y-salarios\/","og_site_name":"TAX ID","article_modified_time":"2025-10-21T04:22:25+00:00","og_image":[{"width":2000,"height":2000,"url":"https:\/\/taxid.mx\/wp-content\/uploads\/2024\/09\/MANUAL-PARA-EL-TIMBRADO-DE-ANTICIPOS-DE-REMANENTES-PARA-UNA-SC-PANTALLA-DEL-SAT.png","type":"image\/png"}],"twitter_card":"summary_large_image","twitter_misc":{"Est. reading time":"1 minute"},"schema":{"@context":"https:\/\/schema.org","@graph":[{"@type":"WebPage","@id":"https:\/\/taxid.mx\/tienda\/papel-de-trabajo\/personas-fisicas-o-resico\/declaracion-anual-sueldos-y-salarios\/","url":"https:\/\/taxid.mx\/tienda\/papel-de-trabajo\/personas-fisicas-o-resico\/declaracion-anual-sueldos-y-salarios\/","name":"Annual salary and wage declaration - TAX ID","isPartOf":{"@id":"https:\/\/taxid.mx\/#website"},"primaryImageOfPage":{"@id":"https:\/\/taxid.mx\/tienda\/papel-de-trabajo\/personas-fisicas-o-resico\/declaracion-anual-sueldos-y-salarios\/#primaryimage"},"image":{"@id":"https:\/\/taxid.mx\/tienda\/papel-de-trabajo\/personas-fisicas-o-resico\/declaracion-anual-sueldos-y-salarios\/#primaryimage"},"thumbnailUrl":"https:\/\/taxid.mx\/wp-content\/uploads\/2024\/09\/MANUAL-PARA-EL-TIMBRADO-DE-ANTICIPOS-DE-REMANENTES-PARA-UNA-SC-PANTALLA-DEL-SAT.png","datePublished":"2022-07-19T21:12:42+00:00","dateModified":"2025-10-21T04:22:25+00:00","description":"If you are an individual under the salary and wage system and have any of the following deductions: Medical fees, optical lenses, health insurance premiums, hospital expenses, tuition at private educational institutions, actual interest accrued and actually paid on mortgage loans, and complementary retirement contributions made to the voluntary contributions subaccount of your personal retirement plans (Afore). You can obtain a credit balance if you present your deductions on your Annual Tax Return.","breadcrumb":{"@id":"https:\/\/taxid.mx\/tienda\/papel-de-trabajo\/personas-fisicas-o-resico\/declaracion-anual-sueldos-y-salarios\/#breadcrumb"},"inLanguage":"en-US","potentialAction":[{"@type":"ReadAction","target":["https:\/\/taxid.mx\/tienda\/papel-de-trabajo\/personas-fisicas-o-resico\/declaracion-anual-sueldos-y-salarios\/"]}]},{"@type":"ImageObject","inLanguage":"en-US","@id":"https:\/\/taxid.mx\/tienda\/papel-de-trabajo\/personas-fisicas-o-resico\/declaracion-anual-sueldos-y-salarios\/#primaryimage","url":"https:\/\/taxid.mx\/wp-content\/uploads\/2024\/09\/MANUAL-PARA-EL-TIMBRADO-DE-ANTICIPOS-DE-REMANENTES-PARA-UNA-SC-PANTALLA-DEL-SAT.png","contentUrl":"https:\/\/taxid.mx\/wp-content\/uploads\/2024\/09\/MANUAL-PARA-EL-TIMBRADO-DE-ANTICIPOS-DE-REMANENTES-PARA-UNA-SC-PANTALLA-DEL-SAT.png","width":2000,"height":2000},{"@type":"BreadcrumbList","@id":"https:\/\/taxid.mx\/tienda\/papel-de-trabajo\/personas-fisicas-o-resico\/declaracion-anual-sueldos-y-salarios\/#breadcrumb","itemListElement":[{"@type":"ListItem","position":1,"name":"Portada","item":"https:\/\/taxid.mx\/"},{"@type":"ListItem","position":2,"name":"Tienda","item":"https:\/\/taxid.mx\/tienda\/"},{"@type":"ListItem","position":3,"name":"Declaraci\u00f3n anual sueldos y salarios."}]},{"@type":"WebSite","@id":"https:\/\/taxid.mx\/#website","url":"https:\/\/taxid.mx\/","name":"TAX-ID","description":"Accounting firm in Mexico","potentialAction":[{"@type":"SearchAction","target":{"@type":"EntryPoint","urlTemplate":"https:\/\/taxid.mx\/?s={search_term_string}"},"query-input":{"@type":"PropertyValueSpecification","valueRequired":true,"valueName":"search_term_string"}}],"inLanguage":"en-US"}]}},"_links":{"self":[{"href":"https:\/\/taxid.mx\/english\/wp-json\/wp\/v2\/product\/1307","targetHints":{"allow":["GET"]}}],"collection":[{"href":"https:\/\/taxid.mx\/english\/wp-json\/wp\/v2\/product"}],"about":[{"href":"https:\/\/taxid.mx\/english\/wp-json\/wp\/v2\/types\/product"}],"replies":[{"embeddable":true,"href":"https:\/\/taxid.mx\/english\/wp-json\/wp\/v2\/comments?post=1307"}],"wp:featuredmedia":[{"embeddable":true,"href":"https:\/\/taxid.mx\/english\/wp-json\/wp\/v2\/media\/3670"}],"wp:attachment":[{"href":"https:\/\/taxid.mx\/english\/wp-json\/wp\/v2\/media?parent=1307"}],"wp:term":[{"taxonomy":"product_brand","embeddable":true,"href":"https:\/\/taxid.mx\/english\/wp-json\/wp\/v2\/product_brand?post=1307"},{"taxonomy":"product_cat","embeddable":true,"href":"https:\/\/taxid.mx\/english\/wp-json\/wp\/v2\/product_cat?post=1307"},{"taxonomy":"product_tag","embeddable":true,"href":"https:\/\/taxid.mx\/english\/wp-json\/wp\/v2\/product_tag?post=1307"}],"curies":[{"name":"wp","href":"https:\/\/api.w.org\/{rel}","templated":true}]}}