{"id":3267,"date":"2024-09-03T19:35:38","date_gmt":"2024-09-04T01:35:38","guid":{"rendered":"https:\/\/q1dapyf5zv.onrocket.site\/?post_type=product&#038;p=3267"},"modified":"2025-10-20T22:19:48","modified_gmt":"2025-10-21T04:19:48","slug":"contrato-de-servicios-profesionales-en-formato","status":"publish","type":"product","link":"https:\/\/taxid.mx\/english\/tienda\/papel-de-trabajo\/personas-fisicas-o-resico\/contrato-de-servicios-profesionales-en-formato\/","title":{"rendered":"Professional services contract in Word format (Spanish and English)"},"content":{"rendered":"<p><strong>Professional Services Provision Contract Format (Spanish and English)<\/strong>: Optimize your agreements with this professional bilingual format in Word. It includes comprehensive clauses in Spanish and English that cover all key areas for the provision of services:<\/p>\n<ul>\n<li><strong>Declarations of the parties<\/strong>: Details the statements and commitments of both parties.<\/li>\n<li><strong>Purpose and duration<\/strong>: Clearly define the purpose of the contract and the period of validity.<\/li>\n<li><strong>Fee<\/strong>: Establishes payments and related conditions.<\/li>\n<li><strong>Obligations of the provider and the client<\/strong>: Specifies the responsibilities and duties of each party.<\/li>\n<li><strong>Confidentiality<\/strong>: Ensures the protection of sensitive information.<\/li>\n<li><strong>Travel expenses<\/strong>: Regulates expenses related to travel.<\/li>\n<li><strong>Causes for termination<\/strong>: Sets forth the reasons and conditions for terminating the contract.<\/li>\n<li><strong>Damages<\/strong>: Defines liability for damages and losses.<\/li>\n<li><strong>Absence of consensual vices<\/strong>: Guarantees the absence of errors or defects in the agreement.<\/li>\n<li><strong>Relationship between the parties<\/strong>: Clarifies the nature of the contractual relationship.<\/li>\n<li><strong>Assignment of rights<\/strong>: Establishes the conditions for the transfer of rights.<\/li>\n<li><strong>Addresses and personal data<\/strong>: Includes contact information and handling of personal data.<\/li>\n<li><strong>Applicable jurisdiction<\/strong>: Specifies the law and the competent courts in case of disputes.<\/li>\n<\/ul>\n<p><strong>Benefits of Having a Formal Contract<\/strong>:<\/p>\n<ul>\n<li><strong>Clarity and Precision<\/strong>: Avoid misunderstandings by clearly defining terms and conditions.<\/li>\n<li><strong>Legal Protection<\/strong>: Provides a legal framework that protects the interests of both parties.<\/li>\n<li><strong>Risk Management<\/strong>: Reduces the risk of conflict and facilitates dispute resolution.<\/li>\n<li><strong>Professionalism<\/strong>: Improves professional image and trust in business relationships.<\/li>\n<\/ul>\n<p>Ideal for professionals and companies looking to formalize agreements effectively. Buy now and secure your contracts with a clear and complete format!<\/p>\n<span class=\"et_bloom_bottom_trigger\"><\/span>","protected":false},"excerpt":{"rendered":"<p>Bilingual contract in Word that includes key clauses for the provision of professional services, ideal for formalizing agreements with clarity and precision.<\/p>","protected":false},"featured_media":3676,"comment_status":"open","ping_status":"closed","template":"","meta":{"_et_pb_use_builder":"","_et_pb_old_content":"","_et_gb_content_width":"","_joinchat":[]},"product_brand":[],"product_cat":[74,157,158],"product_tag":[195,189,190,193,194,192,191,196],"class_list":{"0":"post-3267","1":"product","2":"type-product","3":"status-publish","4":"has-post-thumbnail","6":"product_cat-papel-de-trabajo","7":"product_cat-personas-fisicas-o-resico","8":"product_cat-personas-morales","9":"product_tag-contrato-servicios-ingles","10":"product_tag-contrato-servicios-profesionales","11":"product_tag-contrato-servicios-word","12":"product_tag-formato-contrato-servicios","13":"product_tag-machote-contrato-servicios","14":"product_tag-prestacion-de-servicios-word","15":"product_tag-servicios-profesionales-contrato","16":"product_tag-word-servicios-ingles","18":"first","19":"instock","20":"downloadable","21":"virtual","22":"purchasable","23":"product-type-simple"},"yoast_head":"<!-- This site is optimized with the Yoast SEO plugin v27.5 - https:\/\/yoast.com\/product\/yoast-seo-wordpress\/ -->\n<title>Contrato de prestaci\u00f3n de Servicios Profesionales en Word<\/title>\n<meta name=\"description\" content=\"Obt\u00e9n un contrato biling\u00fce en Word que cubre todas las cl\u00e1usulas esenciales, incluyendo obligaciones, honorarios, confidencialidad, y m\u00e1s.\" \/>\n<meta name=\"robots\" content=\"index, follow, max-snippet:-1, max-image-preview:large, max-video-preview:-1\" \/>\n<link rel=\"canonical\" href=\"https:\/\/taxid.mx\/english\/tienda\/papel-de-trabajo\/personas-fisicas-o-resico\/contrato-de-servicios-profesionales-en-formato\/\" \/>\n<meta property=\"og:locale\" content=\"en_US\" \/>\n<meta property=\"og:type\" content=\"article\" \/>\n<meta property=\"og:title\" content=\"Contrato de prestaci\u00f3n de Servicios Profesionales en Word\" \/>\n<meta property=\"og:description\" content=\"Obt\u00e9n un contrato biling\u00fce en Word que cubre todas las cl\u00e1usulas esenciales, incluyendo obligaciones, honorarios, confidencialidad, y m\u00e1s.\" \/>\n<meta property=\"og:url\" content=\"https:\/\/taxid.mx\/english\/tienda\/papel-de-trabajo\/personas-fisicas-o-resico\/contrato-de-servicios-profesionales-en-formato\/\" \/>\n<meta property=\"og:site_name\" content=\"TAX ID\" \/>\n<meta property=\"article:modified_time\" content=\"2025-10-21T04:19:48+00:00\" \/>\n<meta property=\"og:image\" content=\"https:\/\/taxid.mx\/wp-content\/uploads\/2024\/09\/FORMATO-DE-WORD-ASAMBLEA-INCREMENTO-DE-CAPITAL.png\" \/>\n\t<meta property=\"og:image:width\" content=\"2000\" \/>\n\t<meta property=\"og:image:height\" content=\"2000\" \/>\n\t<meta property=\"og:image:type\" content=\"image\/png\" \/>\n<meta name=\"twitter:card\" content=\"summary_large_image\" \/>\n<meta name=\"twitter:label1\" content=\"Est. reading time\" \/>\n\t<meta name=\"twitter:data1\" content=\"1 minute\" \/>\n<script type=\"application\/ld+json\" class=\"yoast-schema-graph\">{\"@context\":\"https:\\\/\\\/schema.org\",\"@graph\":[{\"@type\":\"WebPage\",\"@id\":\"https:\\\/\\\/taxid.mx\\\/tienda\\\/papel-de-trabajo\\\/personas-fisicas-o-resico\\\/contrato-de-servicios-profesionales-en-formato\\\/\",\"url\":\"https:\\\/\\\/taxid.mx\\\/tienda\\\/papel-de-trabajo\\\/personas-fisicas-o-resico\\\/contrato-de-servicios-profesionales-en-formato\\\/\",\"name\":\"Contrato de prestaci\u00f3n de Servicios Profesionales en Word\",\"isPartOf\":{\"@id\":\"https:\\\/\\\/taxid.mx\\\/#website\"},\"primaryImageOfPage\":{\"@id\":\"https:\\\/\\\/taxid.mx\\\/tienda\\\/papel-de-trabajo\\\/personas-fisicas-o-resico\\\/contrato-de-servicios-profesionales-en-formato\\\/#primaryimage\"},\"image\":{\"@id\":\"https:\\\/\\\/taxid.mx\\\/tienda\\\/papel-de-trabajo\\\/personas-fisicas-o-resico\\\/contrato-de-servicios-profesionales-en-formato\\\/#primaryimage\"},\"thumbnailUrl\":\"https:\\\/\\\/taxid.mx\\\/wp-content\\\/uploads\\\/2024\\\/09\\\/FORMATO-DE-WORD-ASAMBLEA-INCREMENTO-DE-CAPITAL.png\",\"datePublished\":\"2024-09-04T01:35:38+00:00\",\"dateModified\":\"2025-10-21T04:19:48+00:00\",\"description\":\"Obt\u00e9n un contrato biling\u00fce en Word que cubre todas las cl\u00e1usulas esenciales, incluyendo obligaciones, honorarios, confidencialidad, y m\u00e1s.\",\"breadcrumb\":{\"@id\":\"https:\\\/\\\/taxid.mx\\\/tienda\\\/papel-de-trabajo\\\/personas-fisicas-o-resico\\\/contrato-de-servicios-profesionales-en-formato\\\/#breadcrumb\"},\"inLanguage\":\"en-US\",\"potentialAction\":[{\"@type\":\"ReadAction\",\"target\":[\"https:\\\/\\\/taxid.mx\\\/tienda\\\/papel-de-trabajo\\\/personas-fisicas-o-resico\\\/contrato-de-servicios-profesionales-en-formato\\\/\"]}]},{\"@type\":\"ImageObject\",\"inLanguage\":\"en-US\",\"@id\":\"https:\\\/\\\/taxid.mx\\\/tienda\\\/papel-de-trabajo\\\/personas-fisicas-o-resico\\\/contrato-de-servicios-profesionales-en-formato\\\/#primaryimage\",\"url\":\"https:\\\/\\\/taxid.mx\\\/wp-content\\\/uploads\\\/2024\\\/09\\\/FORMATO-DE-WORD-ASAMBLEA-INCREMENTO-DE-CAPITAL.png\",\"contentUrl\":\"https:\\\/\\\/taxid.mx\\\/wp-content\\\/uploads\\\/2024\\\/09\\\/FORMATO-DE-WORD-ASAMBLEA-INCREMENTO-DE-CAPITAL.png\",\"width\":2000,\"height\":2000},{\"@type\":\"BreadcrumbList\",\"@id\":\"https:\\\/\\\/taxid.mx\\\/tienda\\\/papel-de-trabajo\\\/personas-fisicas-o-resico\\\/contrato-de-servicios-profesionales-en-formato\\\/#breadcrumb\",\"itemListElement\":[{\"@type\":\"ListItem\",\"position\":1,\"name\":\"Portada\",\"item\":\"https:\\\/\\\/taxid.mx\\\/\"},{\"@type\":\"ListItem\",\"position\":2,\"name\":\"Tienda\",\"item\":\"https:\\\/\\\/taxid.mx\\\/tienda\\\/\"},{\"@type\":\"ListItem\",\"position\":3,\"name\":\"Contrato de servicios profesionales en formato word (Espa\u00f1ol e Ingles)\"}]},{\"@type\":\"WebSite\",\"@id\":\"https:\\\/\\\/taxid.mx\\\/#website\",\"url\":\"https:\\\/\\\/taxid.mx\\\/\",\"name\":\"TAX ID\",\"description\":\"Despacho de contadores en M\u00e9xico\",\"potentialAction\":[{\"@type\":\"SearchAction\",\"target\":{\"@type\":\"EntryPoint\",\"urlTemplate\":\"https:\\\/\\\/taxid.mx\\\/?s={search_term_string}\"},\"query-input\":{\"@type\":\"PropertyValueSpecification\",\"valueRequired\":true,\"valueName\":\"search_term_string\"}}],\"inLanguage\":\"en-US\"}]}<\/script>\n<!-- \/ Yoast SEO plugin. -->","yoast_head_json":{"title":"Contrato de prestaci\u00f3n de Servicios Profesionales en Word","description":"Obt\u00e9n un contrato biling\u00fce en Word que cubre todas las cl\u00e1usulas esenciales, incluyendo obligaciones, honorarios, confidencialidad, y m\u00e1s.","robots":{"index":"index","follow":"follow","max-snippet":"max-snippet:-1","max-image-preview":"max-image-preview:large","max-video-preview":"max-video-preview:-1"},"canonical":"https:\/\/taxid.mx\/english\/tienda\/papel-de-trabajo\/personas-fisicas-o-resico\/contrato-de-servicios-profesionales-en-formato\/","og_locale":"en_US","og_type":"article","og_title":"Contrato de prestaci\u00f3n de Servicios Profesionales en Word","og_description":"Obt\u00e9n un contrato biling\u00fce en Word que cubre todas las cl\u00e1usulas esenciales, incluyendo obligaciones, honorarios, confidencialidad, y m\u00e1s.","og_url":"https:\/\/taxid.mx\/english\/tienda\/papel-de-trabajo\/personas-fisicas-o-resico\/contrato-de-servicios-profesionales-en-formato\/","og_site_name":"TAX ID","article_modified_time":"2025-10-21T04:19:48+00:00","og_image":[{"width":2000,"height":2000,"url":"https:\/\/taxid.mx\/wp-content\/uploads\/2024\/09\/FORMATO-DE-WORD-ASAMBLEA-INCREMENTO-DE-CAPITAL.png","type":"image\/png"}],"twitter_card":"summary_large_image","twitter_misc":{"Est. reading time":"1 minute"},"schema":{"@context":"https:\/\/schema.org","@graph":[{"@type":"WebPage","@id":"https:\/\/taxid.mx\/tienda\/papel-de-trabajo\/personas-fisicas-o-resico\/contrato-de-servicios-profesionales-en-formato\/","url":"https:\/\/taxid.mx\/tienda\/papel-de-trabajo\/personas-fisicas-o-resico\/contrato-de-servicios-profesionales-en-formato\/","name":"Contrato de prestaci\u00f3n de Servicios Profesionales en Word","isPartOf":{"@id":"https:\/\/taxid.mx\/#website"},"primaryImageOfPage":{"@id":"https:\/\/taxid.mx\/tienda\/papel-de-trabajo\/personas-fisicas-o-resico\/contrato-de-servicios-profesionales-en-formato\/#primaryimage"},"image":{"@id":"https:\/\/taxid.mx\/tienda\/papel-de-trabajo\/personas-fisicas-o-resico\/contrato-de-servicios-profesionales-en-formato\/#primaryimage"},"thumbnailUrl":"https:\/\/taxid.mx\/wp-content\/uploads\/2024\/09\/FORMATO-DE-WORD-ASAMBLEA-INCREMENTO-DE-CAPITAL.png","datePublished":"2024-09-04T01:35:38+00:00","dateModified":"2025-10-21T04:19:48+00:00","description":"Obt\u00e9n un contrato biling\u00fce en Word que cubre todas las cl\u00e1usulas esenciales, incluyendo obligaciones, honorarios, confidencialidad, y m\u00e1s.","breadcrumb":{"@id":"https:\/\/taxid.mx\/tienda\/papel-de-trabajo\/personas-fisicas-o-resico\/contrato-de-servicios-profesionales-en-formato\/#breadcrumb"},"inLanguage":"en-US","potentialAction":[{"@type":"ReadAction","target":["https:\/\/taxid.mx\/tienda\/papel-de-trabajo\/personas-fisicas-o-resico\/contrato-de-servicios-profesionales-en-formato\/"]}]},{"@type":"ImageObject","inLanguage":"en-US","@id":"https:\/\/taxid.mx\/tienda\/papel-de-trabajo\/personas-fisicas-o-resico\/contrato-de-servicios-profesionales-en-formato\/#primaryimage","url":"https:\/\/taxid.mx\/wp-content\/uploads\/2024\/09\/FORMATO-DE-WORD-ASAMBLEA-INCREMENTO-DE-CAPITAL.png","contentUrl":"https:\/\/taxid.mx\/wp-content\/uploads\/2024\/09\/FORMATO-DE-WORD-ASAMBLEA-INCREMENTO-DE-CAPITAL.png","width":2000,"height":2000},{"@type":"BreadcrumbList","@id":"https:\/\/taxid.mx\/tienda\/papel-de-trabajo\/personas-fisicas-o-resico\/contrato-de-servicios-profesionales-en-formato\/#breadcrumb","itemListElement":[{"@type":"ListItem","position":1,"name":"Portada","item":"https:\/\/taxid.mx\/"},{"@type":"ListItem","position":2,"name":"Tienda","item":"https:\/\/taxid.mx\/tienda\/"},{"@type":"ListItem","position":3,"name":"Contrato de servicios profesionales en formato word (Espa\u00f1ol e Ingles)"}]},{"@type":"WebSite","@id":"https:\/\/taxid.mx\/#website","url":"https:\/\/taxid.mx\/","name":"TAX-ID","description":"Accounting firm in Mexico","potentialAction":[{"@type":"SearchAction","target":{"@type":"EntryPoint","urlTemplate":"https:\/\/taxid.mx\/?s={search_term_string}"},"query-input":{"@type":"PropertyValueSpecification","valueRequired":true,"valueName":"search_term_string"}}],"inLanguage":"en-US"}]}},"_links":{"self":[{"href":"https:\/\/taxid.mx\/english\/wp-json\/wp\/v2\/product\/3267","targetHints":{"allow":["GET"]}}],"collection":[{"href":"https:\/\/taxid.mx\/english\/wp-json\/wp\/v2\/product"}],"about":[{"href":"https:\/\/taxid.mx\/english\/wp-json\/wp\/v2\/types\/product"}],"replies":[{"embeddable":true,"href":"https:\/\/taxid.mx\/english\/wp-json\/wp\/v2\/comments?post=3267"}],"wp:featuredmedia":[{"embeddable":true,"href":"https:\/\/taxid.mx\/english\/wp-json\/wp\/v2\/media\/3676"}],"wp:attachment":[{"href":"https:\/\/taxid.mx\/english\/wp-json\/wp\/v2\/media?parent=3267"}],"wp:term":[{"taxonomy":"product_brand","embeddable":true,"href":"https:\/\/taxid.mx\/english\/wp-json\/wp\/v2\/product_brand?post=3267"},{"taxonomy":"product_cat","embeddable":true,"href":"https:\/\/taxid.mx\/english\/wp-json\/wp\/v2\/product_cat?post=3267"},{"taxonomy":"product_tag","embeddable":true,"href":"https:\/\/taxid.mx\/english\/wp-json\/wp\/v2\/product_tag?post=3267"}],"curies":[{"name":"wp","href":"https:\/\/api.w.org\/{rel}","templated":true}]}}