{"id":3272,"date":"2024-09-04T09:20:30","date_gmt":"2024-09-04T15:20:30","guid":{"rendered":"https:\/\/q1dapyf5zv.onrocket.site\/?post_type=product&#038;p=3272"},"modified":"2025-10-20T22:19:41","modified_gmt":"2025-10-21T04:19:41","slug":"contrato-individual-de-trabajo-por-tiempo-indeterminado-sujeto-a-un-periodo-de-prueba","status":"publish","type":"product","link":"https:\/\/taxid.mx\/english\/tienda\/papel-de-trabajo\/personas-morales\/contrato-individual-de-trabajo-por-tiempo-indeterminado-sujeto-a-un-periodo-de-prueba\/","title":{"rendered":"Individual employment contract for an indefinite period subject to a trial period"},"content":{"rendered":"<p>[et_pb_section fb_built=\u00bb1&#8243; _builder_version=\u00bb4.16&#8243; custom_padding=\u00bb0px||||false|false\u00bb global_colors_info=\u00bb{}\u00bb][et_pb_row _builder_version=\u00bb4.16&#8243; background_size=\u00bbinitial\u00bb background_position=\u00bbtop_left\u00bb background_repeat=\u00bbrepeat\u00bb width=\u00bb100%\u00bb custom_padding=\u00bb0px||0px||false|false\u00bb global_colors_info=\u00bb{}\u00bb][et_pb_column type=\u00bb4_4&#8243; _builder_version=\u00bb4.16&#8243; custom_padding=\u00bb|||\u00bb global_colors_info=\u00bb{}\u00bb custom_padding__hover=\u00bb|||\u00bb][et_pb_wc_breadcrumb _builder_version=\u00bb4.16&#8243; global_colors_info=\u00bb{}\u00bb][\/et_pb_wc_breadcrumb][et_pb_wc_cart_notice _builder_version=\u00bb4.16&#8243; global_colors_info=\u00bb{}\u00bb][\/et_pb_wc_cart_notice][et_pb_text _builder_version=\u00bb4.17.4&#8243; _module_preset=\u00bbdefault\u00bb header_font_size=\u00bb19px\u00bb global_colors_info=\u00bb{}\u00bb]<\/p>\n<div class=\"flex max-w-full flex-col flex-grow\">\n<div data-message-author-role=\"assistant\" data-message-id=\"26997c0f-be24-4bb4-89d4-898f76a29a85\" dir=\"auto\" class=\"min-h-[20px] text-message flex w-full flex-col items-end gap-2 whitespace-normal break-words [.text-message+&amp;]:mt-5\">\n<div class=\"flex w-full flex-col gap-1 empty:hidden first:pt-[3px]\">\n<div class=\"markdown prose w-full break-words dark:prose-invert light\">\n<h1><strong>Compra tus papeles de trabajo y rec\u00edbelos al instante en tu correo electr\u00f3nico, en formato digital.<\/strong><\/h1>\n<\/div>\n<\/div>\n<\/div>\n<\/div>\n<div class=\"mt-1 flex gap-3 empty:hidden -ml-2\">\n<div class=\"items-center justify-start rounded-xl p-1 flex\">\n<div class=\"flex items-center\">\n<p><span class=\"\" data-state=\"closed\"><button class=\"rounded-lg text-token-text-secondary hover:bg-token-main-surface-secondary\" aria-label=\"Read Aloud\" data-testid=\"voice-play-turn-action-button\"><span class=\"flex h-[30px] w-[30px] items-center justify-center\"><svg width=\"24\" height=\"24\" viewbox=\"0 0 24 24\" fill=\"none\" xmlns=\"http:\/\/www.w3.org\/2000\/svg\" class=\"icon-md-heavy\"><path fill-rule=\"evenodd\" clip-rule=\"evenodd\" d=\"M11 4.9099C11 4.47485 10.4828 4.24734 10.1621 4.54132L6.67572 7.7372C6.49129 7.90626 6.25019 8.00005 6 8.00005H4C3.44772 8.00005 3 8.44776 3 9.00005V15C3 15.5523 3.44772 16 4 16H6C6.25019 16 6.49129 16.0938 6.67572 16.2629L10.1621 19.4588C10.4828 19.7527 11 19.5252 11 19.0902V4.9099ZM8.81069 3.06701C10.4142 1.59714 13 2.73463 13 4.9099V19.0902C13 21.2655 10.4142 22.403 8.81069 20.9331L5.61102 18H4C2.34315 18 1 16.6569 1 15V9.00005C1 7.34319 2.34315 6.00005 4 6.00005H5.61102L8.81069 3.06701ZM20.3166 6.35665C20.8019 6.09313 21.409 6.27296 21.6725 6.75833C22.5191 8.3176 22.9996 10.1042 22.9996 12.0001C22.9996 13.8507 22.5418 15.5974 21.7323 17.1302C21.4744 17.6185 20.8695 17.8054 20.3811 17.5475C19.8927 17.2896 19.7059 16.6846 19.9638 16.1962C20.6249 14.9444 20.9996 13.5175 20.9996 12.0001C20.9996 10.4458 20.6064 8.98627 19.9149 7.71262C19.6514 7.22726 19.8312 6.62017 20.3166 6.35665ZM15.7994 7.90049C16.241 7.5688 16.8679 7.65789 17.1995 8.09947C18.0156 9.18593 18.4996 10.5379 18.4996 12.0001C18.4996 13.3127 18.1094 14.5372 17.4385 15.5604C17.1357 16.0222 16.5158 16.1511 16.0539 15.8483C15.5921 15.5455 15.4632 14.9255 15.766 14.4637C16.2298 13.7564 16.4996 12.9113 16.4996 12.0001C16.4996 10.9859 16.1653 10.0526 15.6004 9.30063C15.2687 8.85905 15.3578 8.23218 15.7994 7.90049Z\" fill=\"currentColor\"><\/path><\/svg><\/span><\/button><\/span><span class=\"\" data-state=\"closed\"><button class=\"rounded-lg text-token-text-secondary hover:bg-token-main-surface-secondary\" aria-label=\"Copiar\" data-testid=\"copy-turn-action-button\"><span class=\"flex h-[30px] w-[30px] items-center justify-center\"><svg width=\"24\" height=\"24\" viewbox=\"0 0 24 24\" fill=\"none\" xmlns=\"http:\/\/www.w3.org\/2000\/svg\" class=\"icon-md-heavy\"><path fill-rule=\"evenodd\" clip-rule=\"evenodd\" d=\"M7 5C7 3.34315 8.34315 2 10 2H19C20.6569 2 22 3.34315 22 5V14C22 15.6569 20.6569 17 19 17H17V19C17 20.6569 15.6569 22 14 22H5C3.34315 22 2 20.6569 2 19V10C2 8.34315 3.34315 7 5 7H7V5ZM9 7H14C15.6569 7 17 8.34315 17 10V15H19C19.5523 15 20 14.5523 20 14V5C20 4.44772 19.5523 4 19 4H10C9.44772 4 9 4.44772 9 5V7ZM5 9C4.44772 9 4 9.44772 4 10V19C4 19.5523 4.44772 20 5 20H14C14.5523 20 15 19.5523 15 19V10C15 9.44772 14.5523 9 14 9H5Z\" fill=\"currentColor\"><\/path><\/svg><\/span><\/button><\/span><\/p>\n<div class=\"flex\"><span class=\"\" data-state=\"closed\"><button class=\"rounded-lg text-token-text-secondary hover:bg-token-main-surface-secondary\" aria-label=\"Respuesta adecuada\" data-testid=\"good-response-turn-action-button\"><span class=\"flex h-[30px] w-[30px] items-center justify-center\"><svg width=\"24\" height=\"24\" viewbox=\"0 0 24 24\" fill=\"none\" xmlns=\"http:\/\/www.w3.org\/2000\/svg\" class=\"icon-md-heavy\"><path fill-rule=\"evenodd\" clip-rule=\"evenodd\" d=\"M12.1318 2.50389C12.3321 2.15338 12.7235 1.95768 13.124 2.00775L13.5778 2.06447C16.0449 2.37286 17.636 4.83353 16.9048 7.20993L16.354 8.99999H17.0722C19.7097 8.99999 21.6253 11.5079 20.9313 14.0525L19.5677 19.0525C19.0931 20.7927 17.5124 22 15.7086 22H6C4.34315 22 3 20.6568 3 19V12C3 10.3431 4.34315 8.99999 6 8.99999H8C8.25952 8.99999 8.49914 8.86094 8.6279 8.63561L12.1318 2.50389ZM10 20H15.7086C16.6105 20 17.4008 19.3964 17.6381 18.5262L19.0018 13.5262C19.3488 12.2539 18.391 11 17.0722 11H15C14.6827 11 14.3841 10.8494 14.1956 10.5941C14.0071 10.3388 13.9509 10.0092 14.0442 9.70591L14.9932 6.62175C15.3384 5.49984 14.6484 4.34036 13.5319 4.08468L10.3644 9.62789C10.0522 10.1742 9.56691 10.5859 9 10.8098V19C9 19.5523 9.44772 20 10 20ZM7 11V19C7 19.3506 7.06015 19.6872 7.17071 20H6C5.44772 20 5 19.5523 5 19V12C5 11.4477 5.44772 11 6 11H7Z\" fill=\"currentColor\"><\/path><\/svg><\/span><\/button><\/span><span class=\"\" data-state=\"closed\"><button class=\"rounded-lg text-token-text-secondary hover:bg-token-main-surface-secondary\" aria-label=\"Respuesta inadecuada\" data-testid=\"bad-response-turn-action-button\"><span class=\"flex h-[30px] w-[30px] items-center justify-center\"><svg width=\"24\" height=\"24\" viewbox=\"0 0 24 24\" fill=\"none\" xmlns=\"http:\/\/www.w3.org\/2000\/svg\" class=\"icon-md-heavy\"><path fill-rule=\"evenodd\" clip-rule=\"evenodd\" d=\"M11.8727 21.4961C11.6725 21.8466 11.2811 22.0423 10.8805 21.9922L10.4267 21.9355C7.95958 21.6271 6.36855 19.1665 7.09975 16.7901L7.65054 15H6.93226C4.29476 15 2.37923 12.4921 3.0732 9.94753L4.43684 4.94753C4.91145 3.20728 6.49209 2 8.29589 2H18.0045C19.6614 2 21.0045 3.34315 21.0045 5V12C21.0045 13.6569 19.6614 15 18.0045 15H16.0045C15.745 15 15.5054 15.1391 15.3766 15.3644L11.8727 21.4961ZM14.0045 4H8.29589C7.39399 4 6.60367 4.60364 6.36637 5.47376L5.00273 10.4738C4.65574 11.746 5.61351 13 6.93226 13H9.00451C9.32185 13 9.62036 13.1506 9.8089 13.4059C9.99743 13.6612 10.0536 13.9908 9.96028 14.2941L9.01131 17.3782C8.6661 18.5002 9.35608 19.6596 10.4726 19.9153L13.6401 14.3721C13.9523 13.8258 14.4376 13.4141 15.0045 13.1902V5C15.0045 4.44772 14.5568 4 14.0045 4ZM17.0045 13V5C17.0045 4.64937 16.9444 4.31278 16.8338 4H18.0045C18.5568 4 19.0045 4.44772 19.0045 5V12C19.0045 12.5523 18.5568 13 18.0045 13H17.0045Z\" fill=\"currentColor\"><\/path><\/svg><\/span><\/button><\/span><\/div>\n<div class=\"flex items-center pb-0\"><\/div>\n<\/div>\n<\/div>\n<\/div>\n<p>[\/et_pb_text][\/et_pb_column][\/et_pb_row][et_pb_row column_structure=\u00bb1_2,1_2&#8243; _builder_version=\u00bb4.16&#8243; background_size=\u00bbinitial\u00bb background_position=\u00bbtop_left\u00bb background_repeat=\u00bbrepeat\u00bb width=\u00bb100%\u00bb custom_padding=\u00bb0px||||false|false\u00bb global_colors_info=\u00bb{}\u00bb][et_pb_column type=\u00bb1_2&#8243; _builder_version=\u00bb4.16&#8243; custom_padding=\u00bb|||\u00bb global_colors_info=\u00bb{}\u00bb custom_padding__hover=\u00bb|||\u00bb][et_pb_wc_images _builder_version=\u00bb4.16&#8243; global_colors_info=\u00bb{}\u00bb][\/et_pb_wc_images][\/et_pb_column][et_pb_column type=\u00bb1_2&#8243; _builder_version=\u00bb4.16&#8243; custom_padding=\u00bb|||\u00bb global_colors_info=\u00bb{}\u00bb custom_padding__hover=\u00bb|||\u00bb][et_pb_wc_title _builder_version=\u00bb4.16&#8243; global_colors_info=\u00bb{}\u00bb][\/et_pb_wc_title][et_pb_wc_rating _builder_version=\u00bb4.16&#8243; global_colors_info=\u00bb{}\u00bb][\/et_pb_wc_rating][et_pb_wc_price _builder_version=\u00bb4.16&#8243; global_colors_info=\u00bb{}\u00bb][\/et_pb_wc_price][et_pb_wc_description _builder_version=\u00bb4.16&#8243; global_colors_info=\u00bb{}\u00bb][\/et_pb_wc_description][et_pb_wc_add_to_cart _builder_version=\u00bb4.16&#8243; global_colors_info=\u00bb{}\u00bb][\/et_pb_wc_add_to_cart][et_pb_wc_meta _builder_version=\u00bb4.16&#8243; global_colors_info=\u00bb{}\u00bb][\/et_pb_wc_meta][\/et_pb_column][\/et_pb_row][et_pb_row _builder_version=\u00bb4.16&#8243; background_size=\u00bbinitial\u00bb background_position=\u00bbtop_left\u00bb background_repeat=\u00bbrepeat\u00bb width=\u00bb100%\u00bb global_colors_info=\u00bb{}\u00bb][et_pb_column type=\u00bb4_4&#8243; _builder_version=\u00bb4.16&#8243; custom_padding=\u00bb|||\u00bb global_colors_info=\u00bb{}\u00bb custom_padding__hover=\u00bb|||\u00bb][et_pb_wc_tabs _builder_version=\u00bb4.16&#8243; global_colors_info=\u00bb{}\u00bb]\t\t\t\t\t[\/et_pb_wc_tabs][et_pb_wc_upsells _builder_version=\u00bb4.16&#8243; global_colors_info=\u00bb{}\u00bb][\/et_pb_wc_upsells][et_pb_wc_related_products _builder_version=\u00bb4.16&#8243; global_colors_info=\u00bb{}\u00bb][\/et_pb_wc_related_products][\/et_pb_column][\/et_pb_row][\/et_pb_section]<\/p>\n<span class=\"et_bloom_bottom_trigger\"><\/span>","protected":false},"excerpt":{"rendered":"<p><strong>Individual Employment Contract for an Indefinite Period with a Trial Period<\/strong><\/p>\n<p>Formalize the employment relationship with this comprehensive contract that includes a trial period. It protects the rights of both parties, clearly defines obligations, and allows you to assess the worker&#039;s adaptation to the position. Ideal for ensuring stability and legal compliance in your company.<\/p>","protected":false},"featured_media":3676,"comment_status":"open","ping_status":"closed","template":"","meta":{"_et_pb_use_builder":"on","_et_pb_old_content":"<strong>Contrato Individual de Trabajo por Tiempo Indeterminado Sujeto a un Periodo de Prueba<\/strong>\r\n\r\nEste contrato es una herramienta esencial para formalizar la relaci\u00f3n laboral entre empleador y trabajador, ofreciendo claridad y seguridad jur\u00eddica a ambas partes. A continuaci\u00f3n, destacamos los beneficios clave de este contrato y la relevancia del periodo de prueba:\r\n<h3><strong>Beneficios de Formalizar un Contrato Laboral<\/strong><\/h3>\r\n<ol>\r\n \t<li><strong>Claridad en las Expectativas:<\/strong> El contrato define claramente los derechos y obligaciones de ambas partes, evitando malentendidos y estableciendo una base s\u00f3lida para la relaci\u00f3n laboral.<\/li>\r\n \t<li><strong>Protecci\u00f3n Legal:<\/strong> Al contar con un contrato bien estructurado, tanto el empleador como el trabajador est\u00e1n protegidos ante posibles disputas legales, ya que las condiciones de empleo est\u00e1n claramente estipuladas.<\/li>\r\n \t<li><strong>Estabilidad para el Trabajador:<\/strong> Un contrato por tiempo indeterminado proporciona seguridad al trabajador, al garantizarle una fuente de ingresos continua, siempre que cumpla con las expectativas del puesto.<\/li>\r\n \t<li><strong>Cumplimiento Normativo:<\/strong> Este contrato asegura que la relaci\u00f3n laboral cumpla con la legislaci\u00f3n vigente, reduciendo riesgos de sanciones o conflictos laborales.<\/li>\r\n<\/ol>\r\n<h3><strong>Importancia del Periodo de Prueba<\/strong><\/h3>\r\nEl periodo de prueba es una cl\u00e1usula fundamental que beneficia a ambas partes:\r\n<ul>\r\n \t<li><strong>Para el Empleador:<\/strong> Permite evaluar las habilidades y el desempe\u00f1o del trabajador en un entorno real, asegur\u00e1ndose de que sea la persona adecuada para el puesto. Si el trabajador no cumple con las expectativas, el empleador tiene la posibilidad de rescindir el contrato sin comprometerse a largo plazo.<\/li>\r\n \t<li><strong>Para el Trabajador:<\/strong> Ofrece la oportunidad de adaptarse a las exigencias del puesto y al ambiente laboral. Adem\u00e1s, permite al trabajador evaluar si el empleo cumple con sus expectativas y necesidades personales y profesionales.<\/li>\r\n<\/ul>\r\n<h3><strong>Contenido del Contrato<\/strong><\/h3>\r\nEste contrato incluye, entre otros aspectos:\r\n<ul>\r\n \t<li><strong>Declaraciones del Patr\u00f3n y del Trabajador<\/strong><\/li>\r\n \t<li><strong>Tipo de Contrato y Periodo de Prueba<\/strong><\/li>\r\n \t<li><strong>Lugar de Trabajo y Puesto<\/strong><\/li>\r\n \t<li><strong>Jornada de Trabajo, D\u00edas de Descanso y Fechas de Pago<\/strong><\/li>\r\n \t<li><strong>Remuneraci\u00f3n Econ\u00f3mica y M\u00e9todo de Pago<\/strong><\/li>\r\n \t<li><strong>Capacitaci\u00f3n, Calidad en el Trabajo y Ex\u00e1menes M\u00e9dicos<\/strong><\/li>\r\n \t<li><strong>Resguardo de Secretos T\u00e9cnicos y Comerciales<\/strong><\/li>\r\n \t<li><strong>Prestaciones y Beneficiarios<\/strong><\/li>\r\n \t<li><strong>Tratamiento de Datos Personales<\/strong><\/li>\r\n<\/ul>\r\nEste contrato es ideal para empresas que desean formalizar nuevas relaciones laborales de manera profesional y con la flexibilidad necesaria para evaluar a los nuevos empleados durante un periodo de prueba.","_et_gb_content_width":"","_joinchat":[]},"product_brand":[],"product_cat":[158],"product_tag":[187,185,184,186,188],"class_list":{"0":"post-3272","1":"product","2":"type-product","3":"status-publish","4":"has-post-thumbnail","6":"product_cat-personas-morales","7":"product_tag-contrato-laboral-periodo-de-prueba","8":"product_tag-contrato-laboral-word","9":"product_tag-contrato-tiempo-ideterminado","10":"product_tag-contrato-trabajo-periodo-de-prueba","11":"product_tag-laboral-indeterminado-word","13":"first","14":"instock","15":"downloadable","16":"virtual","17":"purchasable","18":"product-type-simple"},"yoast_head":"<!-- This site is optimized with the Yoast SEO plugin v27.5 - https:\/\/yoast.com\/product\/yoast-seo-wordpress\/ -->\n<title>Contrato Individual de Trabajo por Tiempo Indeterminado<\/title>\n<meta name=\"description\" content=\"Este formato de Word te permitira realizar un Contrato Individual de Trabajo por Tiempo Indeterminado para cumplir con la regulaci\u00f3n vigente\" \/>\n<meta name=\"robots\" content=\"index, follow, max-snippet:-1, max-image-preview:large, max-video-preview:-1\" \/>\n<link rel=\"canonical\" href=\"https:\/\/taxid.mx\/english\/tienda\/papel-de-trabajo\/personas-morales\/contrato-individual-de-trabajo-por-tiempo-indeterminado-sujeto-a-un-periodo-de-prueba\/\" \/>\n<meta property=\"og:locale\" content=\"en_US\" \/>\n<meta property=\"og:type\" content=\"article\" \/>\n<meta property=\"og:title\" content=\"Contrato Individual de Trabajo por Tiempo Indeterminado\" \/>\n<meta property=\"og:description\" content=\"Este formato de Word te permitira realizar un Contrato Individual de Trabajo por Tiempo Indeterminado para cumplir con la regulaci\u00f3n vigente\" \/>\n<meta property=\"og:url\" content=\"https:\/\/taxid.mx\/english\/tienda\/papel-de-trabajo\/personas-morales\/contrato-individual-de-trabajo-por-tiempo-indeterminado-sujeto-a-un-periodo-de-prueba\/\" \/>\n<meta property=\"og:site_name\" content=\"TAX ID\" \/>\n<meta property=\"article:modified_time\" content=\"2025-10-21T04:19:41+00:00\" \/>\n<meta property=\"og:image\" content=\"https:\/\/taxid.mx\/wp-content\/uploads\/2024\/09\/FORMATO-DE-WORD-ASAMBLEA-INCREMENTO-DE-CAPITAL.png\" \/>\n\t<meta property=\"og:image:width\" content=\"2000\" \/>\n\t<meta property=\"og:image:height\" content=\"2000\" \/>\n\t<meta property=\"og:image:type\" content=\"image\/png\" \/>\n<meta name=\"twitter:card\" content=\"summary_large_image\" \/>\n<meta name=\"twitter:label1\" content=\"Est. reading time\" \/>\n\t<meta name=\"twitter:data1\" content=\"2 minutes\" \/>\n<script type=\"application\/ld+json\" class=\"yoast-schema-graph\">{\"@context\":\"https:\\\/\\\/schema.org\",\"@graph\":[{\"@type\":\"WebPage\",\"@id\":\"https:\\\/\\\/taxid.mx\\\/tienda\\\/papel-de-trabajo\\\/personas-morales\\\/contrato-individual-de-trabajo-por-tiempo-indeterminado-sujeto-a-un-periodo-de-prueba\\\/\",\"url\":\"https:\\\/\\\/taxid.mx\\\/tienda\\\/papel-de-trabajo\\\/personas-morales\\\/contrato-individual-de-trabajo-por-tiempo-indeterminado-sujeto-a-un-periodo-de-prueba\\\/\",\"name\":\"Contrato Individual de Trabajo por Tiempo Indeterminado\",\"isPartOf\":{\"@id\":\"https:\\\/\\\/taxid.mx\\\/#website\"},\"primaryImageOfPage\":{\"@id\":\"https:\\\/\\\/taxid.mx\\\/tienda\\\/papel-de-trabajo\\\/personas-morales\\\/contrato-individual-de-trabajo-por-tiempo-indeterminado-sujeto-a-un-periodo-de-prueba\\\/#primaryimage\"},\"image\":{\"@id\":\"https:\\\/\\\/taxid.mx\\\/tienda\\\/papel-de-trabajo\\\/personas-morales\\\/contrato-individual-de-trabajo-por-tiempo-indeterminado-sujeto-a-un-periodo-de-prueba\\\/#primaryimage\"},\"thumbnailUrl\":\"https:\\\/\\\/taxid.mx\\\/wp-content\\\/uploads\\\/2024\\\/09\\\/FORMATO-DE-WORD-ASAMBLEA-INCREMENTO-DE-CAPITAL.png\",\"datePublished\":\"2024-09-04T15:20:30+00:00\",\"dateModified\":\"2025-10-21T04:19:41+00:00\",\"description\":\"Este formato de Word te permitira realizar un Contrato Individual de Trabajo por Tiempo Indeterminado para cumplir con la regulaci\u00f3n vigente\",\"breadcrumb\":{\"@id\":\"https:\\\/\\\/taxid.mx\\\/tienda\\\/papel-de-trabajo\\\/personas-morales\\\/contrato-individual-de-trabajo-por-tiempo-indeterminado-sujeto-a-un-periodo-de-prueba\\\/#breadcrumb\"},\"inLanguage\":\"en-US\",\"potentialAction\":[{\"@type\":\"ReadAction\",\"target\":[\"https:\\\/\\\/taxid.mx\\\/tienda\\\/papel-de-trabajo\\\/personas-morales\\\/contrato-individual-de-trabajo-por-tiempo-indeterminado-sujeto-a-un-periodo-de-prueba\\\/\"]}]},{\"@type\":\"ImageObject\",\"inLanguage\":\"en-US\",\"@id\":\"https:\\\/\\\/taxid.mx\\\/tienda\\\/papel-de-trabajo\\\/personas-morales\\\/contrato-individual-de-trabajo-por-tiempo-indeterminado-sujeto-a-un-periodo-de-prueba\\\/#primaryimage\",\"url\":\"https:\\\/\\\/taxid.mx\\\/wp-content\\\/uploads\\\/2024\\\/09\\\/FORMATO-DE-WORD-ASAMBLEA-INCREMENTO-DE-CAPITAL.png\",\"contentUrl\":\"https:\\\/\\\/taxid.mx\\\/wp-content\\\/uploads\\\/2024\\\/09\\\/FORMATO-DE-WORD-ASAMBLEA-INCREMENTO-DE-CAPITAL.png\",\"width\":2000,\"height\":2000},{\"@type\":\"BreadcrumbList\",\"@id\":\"https:\\\/\\\/taxid.mx\\\/tienda\\\/papel-de-trabajo\\\/personas-morales\\\/contrato-individual-de-trabajo-por-tiempo-indeterminado-sujeto-a-un-periodo-de-prueba\\\/#breadcrumb\",\"itemListElement\":[{\"@type\":\"ListItem\",\"position\":1,\"name\":\"Portada\",\"item\":\"https:\\\/\\\/taxid.mx\\\/\"},{\"@type\":\"ListItem\",\"position\":2,\"name\":\"Tienda\",\"item\":\"https:\\\/\\\/taxid.mx\\\/tienda\\\/\"},{\"@type\":\"ListItem\",\"position\":3,\"name\":\"Contrato individual de trabajo por tiempo indeterminado sujeto a un periodo de prueba\"}]},{\"@type\":\"WebSite\",\"@id\":\"https:\\\/\\\/taxid.mx\\\/#website\",\"url\":\"https:\\\/\\\/taxid.mx\\\/\",\"name\":\"TAX ID\",\"description\":\"Despacho de contadores en M\u00e9xico\",\"potentialAction\":[{\"@type\":\"SearchAction\",\"target\":{\"@type\":\"EntryPoint\",\"urlTemplate\":\"https:\\\/\\\/taxid.mx\\\/?s={search_term_string}\"},\"query-input\":{\"@type\":\"PropertyValueSpecification\",\"valueRequired\":true,\"valueName\":\"search_term_string\"}}],\"inLanguage\":\"en-US\"}]}<\/script>\n<!-- \/ Yoast SEO plugin. -->","yoast_head_json":{"title":"Individual Employment Contract for an Indefinite Period","description":"Este formato de Word te permitira realizar un Contrato Individual de Trabajo por Tiempo Indeterminado para cumplir con la regulaci\u00f3n vigente","robots":{"index":"index","follow":"follow","max-snippet":"max-snippet:-1","max-image-preview":"max-image-preview:large","max-video-preview":"max-video-preview:-1"},"canonical":"https:\/\/taxid.mx\/english\/tienda\/papel-de-trabajo\/personas-morales\/contrato-individual-de-trabajo-por-tiempo-indeterminado-sujeto-a-un-periodo-de-prueba\/","og_locale":"en_US","og_type":"article","og_title":"Contrato Individual de Trabajo por Tiempo Indeterminado","og_description":"Este formato de Word te permitira realizar un Contrato Individual de Trabajo por Tiempo Indeterminado para cumplir con la regulaci\u00f3n vigente","og_url":"https:\/\/taxid.mx\/english\/tienda\/papel-de-trabajo\/personas-morales\/contrato-individual-de-trabajo-por-tiempo-indeterminado-sujeto-a-un-periodo-de-prueba\/","og_site_name":"TAX ID","article_modified_time":"2025-10-21T04:19:41+00:00","og_image":[{"width":2000,"height":2000,"url":"https:\/\/taxid.mx\/wp-content\/uploads\/2024\/09\/FORMATO-DE-WORD-ASAMBLEA-INCREMENTO-DE-CAPITAL.png","type":"image\/png"}],"twitter_card":"summary_large_image","twitter_misc":{"Est. reading time":"2 minutes"},"schema":{"@context":"https:\/\/schema.org","@graph":[{"@type":"WebPage","@id":"https:\/\/taxid.mx\/tienda\/papel-de-trabajo\/personas-morales\/contrato-individual-de-trabajo-por-tiempo-indeterminado-sujeto-a-un-periodo-de-prueba\/","url":"https:\/\/taxid.mx\/tienda\/papel-de-trabajo\/personas-morales\/contrato-individual-de-trabajo-por-tiempo-indeterminado-sujeto-a-un-periodo-de-prueba\/","name":"Individual Employment Contract for an Indefinite Period","isPartOf":{"@id":"https:\/\/taxid.mx\/#website"},"primaryImageOfPage":{"@id":"https:\/\/taxid.mx\/tienda\/papel-de-trabajo\/personas-morales\/contrato-individual-de-trabajo-por-tiempo-indeterminado-sujeto-a-un-periodo-de-prueba\/#primaryimage"},"image":{"@id":"https:\/\/taxid.mx\/tienda\/papel-de-trabajo\/personas-morales\/contrato-individual-de-trabajo-por-tiempo-indeterminado-sujeto-a-un-periodo-de-prueba\/#primaryimage"},"thumbnailUrl":"https:\/\/taxid.mx\/wp-content\/uploads\/2024\/09\/FORMATO-DE-WORD-ASAMBLEA-INCREMENTO-DE-CAPITAL.png","datePublished":"2024-09-04T15:20:30+00:00","dateModified":"2025-10-21T04:19:41+00:00","description":"Este formato de Word te permitira realizar un Contrato Individual de Trabajo por Tiempo Indeterminado para cumplir con la regulaci\u00f3n vigente","breadcrumb":{"@id":"https:\/\/taxid.mx\/tienda\/papel-de-trabajo\/personas-morales\/contrato-individual-de-trabajo-por-tiempo-indeterminado-sujeto-a-un-periodo-de-prueba\/#breadcrumb"},"inLanguage":"en-US","potentialAction":[{"@type":"ReadAction","target":["https:\/\/taxid.mx\/tienda\/papel-de-trabajo\/personas-morales\/contrato-individual-de-trabajo-por-tiempo-indeterminado-sujeto-a-un-periodo-de-prueba\/"]}]},{"@type":"ImageObject","inLanguage":"en-US","@id":"https:\/\/taxid.mx\/tienda\/papel-de-trabajo\/personas-morales\/contrato-individual-de-trabajo-por-tiempo-indeterminado-sujeto-a-un-periodo-de-prueba\/#primaryimage","url":"https:\/\/taxid.mx\/wp-content\/uploads\/2024\/09\/FORMATO-DE-WORD-ASAMBLEA-INCREMENTO-DE-CAPITAL.png","contentUrl":"https:\/\/taxid.mx\/wp-content\/uploads\/2024\/09\/FORMATO-DE-WORD-ASAMBLEA-INCREMENTO-DE-CAPITAL.png","width":2000,"height":2000},{"@type":"BreadcrumbList","@id":"https:\/\/taxid.mx\/tienda\/papel-de-trabajo\/personas-morales\/contrato-individual-de-trabajo-por-tiempo-indeterminado-sujeto-a-un-periodo-de-prueba\/#breadcrumb","itemListElement":[{"@type":"ListItem","position":1,"name":"Portada","item":"https:\/\/taxid.mx\/"},{"@type":"ListItem","position":2,"name":"Tienda","item":"https:\/\/taxid.mx\/tienda\/"},{"@type":"ListItem","position":3,"name":"Contrato individual de trabajo por tiempo indeterminado sujeto a un periodo de prueba"}]},{"@type":"WebSite","@id":"https:\/\/taxid.mx\/#website","url":"https:\/\/taxid.mx\/","name":"TAX-ID","description":"Accounting firm in Mexico","potentialAction":[{"@type":"SearchAction","target":{"@type":"EntryPoint","urlTemplate":"https:\/\/taxid.mx\/?s={search_term_string}"},"query-input":{"@type":"PropertyValueSpecification","valueRequired":true,"valueName":"search_term_string"}}],"inLanguage":"en-US"}]}},"_links":{"self":[{"href":"https:\/\/taxid.mx\/english\/wp-json\/wp\/v2\/product\/3272","targetHints":{"allow":["GET"]}}],"collection":[{"href":"https:\/\/taxid.mx\/english\/wp-json\/wp\/v2\/product"}],"about":[{"href":"https:\/\/taxid.mx\/english\/wp-json\/wp\/v2\/types\/product"}],"replies":[{"embeddable":true,"href":"https:\/\/taxid.mx\/english\/wp-json\/wp\/v2\/comments?post=3272"}],"wp:featuredmedia":[{"embeddable":true,"href":"https:\/\/taxid.mx\/english\/wp-json\/wp\/v2\/media\/3676"}],"wp:attachment":[{"href":"https:\/\/taxid.mx\/english\/wp-json\/wp\/v2\/media?parent=3272"}],"wp:term":[{"taxonomy":"product_brand","embeddable":true,"href":"https:\/\/taxid.mx\/english\/wp-json\/wp\/v2\/product_brand?post=3272"},{"taxonomy":"product_cat","embeddable":true,"href":"https:\/\/taxid.mx\/english\/wp-json\/wp\/v2\/product_cat?post=3272"},{"taxonomy":"product_tag","embeddable":true,"href":"https:\/\/taxid.mx\/english\/wp-json\/wp\/v2\/product_tag?post=3272"}],"curies":[{"name":"wp","href":"https:\/\/api.w.org\/{rel}","templated":true}]}}