{"id":4155,"date":"2024-12-30T14:06:34","date_gmt":"2024-12-30T20:06:34","guid":{"rendered":"https:\/\/q1dapyf5zv.onrocket.site\/?post_type=product&#038;p=4155"},"modified":"2025-10-20T21:27:43","modified_gmt":"2025-10-21T03:27:43","slug":"asesoria-en-la-elaboracion-de-la-declaracion-anual-2024","status":"publish","type":"product","link":"https:\/\/taxid.mx\/english\/tienda\/papel-de-trabajo\/personas-morales\/asesoria-en-la-elaboracion-de-la-declaracion-anual-2024\/","title":{"rendered":"Advice on the preparation of the 2024 annual declaration"},"content":{"rendered":"<div class=\"flex-shrink-0 flex flex-col relative items-end\">\n<div>\n<div class=\"pt-0\">\n<div class=\"gizmo-bot-avatar flex h-8 w-8 items-center justify-center overflow-hidden rounded-full\">\n<div class=\"relative p-1 rounded-sm flex items-center justify-center bg-token-main-surface-primary text-token-text-primary h-8 w-8\"><\/div>\n<\/div>\n<\/div>\n<\/div>\n<\/div>\n<div class=\"group\/conversation-turn relative flex w-full min-w-0 flex-col agent-turn\">\n<div class=\"flex-col gap-1 md:gap-3\">\n<div class=\"flex max-w-full flex-col flex-grow\">\n<div class=\"min-h-8 text-message flex w-full flex-col items-end gap-2 whitespace-normal break-words text-start [.text-message+&amp;]:mt-5\" dir=\"auto\" data-message-author-role=\"assistant\" data-message-id=\"434d6230-ab21-4e75-b673-bbaa55f86bbc\" data-message-model-slug=\"gpt-4o\">\n<div class=\"flex w-full flex-col gap-1 empty:hidden first:pt-[3px]\">\n<div class=\"markdown prose w-full break-words dark:prose-invert light\">\n<p><strong>Asesor\u00eda Especializada en la Declaraci\u00f3n Anual 2024 para Personas Morales<\/strong><\/p>\n<p>\u00bfTienes dudas sobre c\u00f3mo preparar y presentar tu declaraci\u00f3n anual? \u00a1Estamos aqu\u00ed para ayudarte!<\/p>\n<p><strong>\u00bfEn qu\u00e9 te apoyamos?<\/strong><br \/>\n\u2705 Resoluci\u00f3n de dudas sobre el llenado de la declaraci\u00f3n anual.<br \/>\n\u2705 Determinaci\u00f3n correcta del impuesto anual.<br \/>\n\u2705 C\u00e1lculo del ajuste anual por inflaci\u00f3n.<br \/>\n\u2705 Actualizaci\u00f3n precisa de la depreciaci\u00f3n de activos.<br \/>\n\u2705 Conciliaci\u00f3n del resultado contable con el fiscal.<br \/>\n\u2705 Soluci\u00f3n de discrepancias entre la determinaci\u00f3n fiscal y la conciliaci\u00f3n contable.<\/p>\n<p><strong>\u00bfPor qu\u00e9 elegirnos?<\/strong><br \/>\n<strong>Asesor\u00eda por hora<\/strong>: Costo de $1,500 + IVA, totalmente facturable y deducible.<br \/>\n<strong>Garant\u00eda de satisfacci\u00f3n<\/strong>: Si no resolvemos tus dudas, te devolvemos tu dinero.<br \/>\n<strong>Atenci\u00f3n remota y flexible<\/strong>: Con\u00e9ctate con nosotros v\u00eda Google Meet.<br \/>\n<strong>Expertos en tu equipo<\/strong>: Aseguramos que cumplas con tus obligaciones en tiempo y forma.<\/p>\n<p><strong>\u00bfC\u00f3mo agendar tu asesor\u00eda?<\/strong><\/p>\n<ol>\n<li><strong>Realiza tu pago.<\/strong><\/li>\n<li>Env\u00eda tu comprobante de pago a:\n<ul>\n<li><strong>Correo electr\u00f3nico<\/strong>: <a rel=\"noopener\">hgalicia@taxid.mx<\/a><\/li>\n<li><strong>WhatsApp<\/strong>: 3310235948<\/li>\n<\/ul>\n<\/li>\n<li>Te contactaremos para agendar tu sesi\u00f3n en el horario que m\u00e1s te convenga.<\/li>\n<\/ol>\n<p><strong>\u00bfTienes dudas antes de contratar?<\/strong><br \/>\nEscr\u00edbenos directamente por WhatsApp al <strong>3310235948<\/strong>, \u00a1estaremos encantados de ayudarte!<\/p>\n<p>No dejes pasar m\u00e1s tiempo y asegura una declaraci\u00f3n anual precisa y sin complicaciones. Recuerda que tienes hasta el <strong>31 de marzo de 2025<\/strong> para cumplir con esta obligaci\u00f3n fiscal.<\/p>\n<p><strong>\u00a1Agenda tu asesor\u00eda ahora y garantiza tu tranquilidad fiscal!<\/strong><\/p>\n<\/div>\n<\/div>\n<\/div>\n<\/div>\n<\/div>\n<\/div>\n<span class=\"et_bloom_bottom_trigger\"><\/span>","protected":false},"excerpt":{"rendered":"<p>Hire hourly tax advice for your 2024 annual declaration. We will answer your questions about filling out the forms, taxes and accounting reconciliation. Schedule now!<\/p>","protected":false},"featured_media":3676,"comment_status":"open","ping_status":"closed","template":"","meta":{"_et_pb_use_builder":"","_et_pb_old_content":"","_et_gb_content_width":"","_joinchat":[]},"product_brand":[],"product_cat":[58,74,158],"product_tag":[523,520,521,312,133,522],"class_list":{"0":"post-4155","1":"product","2":"type-product","3":"status-publish","4":"has-post-thumbnail","6":"product_cat-asesorias","7":"product_cat-papel-de-trabajo","8":"product_cat-personas-morales","9":"product_tag-anual-personas-morales","10":"product_tag-asesoria-anual-2024","11":"product_tag-asesoria-declracion-anual-2024","12":"product_tag-declaracion-anual-2024","13":"product_tag-declaracion-sat","14":"product_tag-como-hacer-mi-declracion-anual","16":"first","17":"instock","18":"virtual","19":"purchasable","20":"product-type-simple"},"yoast_head":"<!-- This site is optimized with the Yoast SEO plugin v27.5 - https:\/\/yoast.com\/product\/yoast-seo-wordpress\/ -->\n<title>Asesor\u00eda en la elaboraci\u00f3n de la declaraci\u00f3n anual 2024 - TAX ID<\/title>\n<meta name=\"description\" content=\"Contrata asesor\u00eda fiscal por hora para tu declaraci\u00f3n anual 2024. Resolvemos tus dudas sobre llenado, impuestos y conciliaci\u00f3n contable. \u00a1Agenda ahora!\" \/>\n<meta name=\"robots\" content=\"index, follow, max-snippet:-1, max-image-preview:large, max-video-preview:-1\" \/>\n<link rel=\"canonical\" href=\"https:\/\/taxid.mx\/english\/tienda\/papel-de-trabajo\/personas-morales\/asesoria-en-la-elaboracion-de-la-declaracion-anual-2024\/\" \/>\n<meta property=\"og:locale\" content=\"en_US\" \/>\n<meta property=\"og:type\" content=\"article\" \/>\n<meta property=\"og:title\" content=\"Asesor\u00eda en la elaboraci\u00f3n de la declaraci\u00f3n anual 2024 - TAX ID\" \/>\n<meta property=\"og:description\" content=\"Contrata asesor\u00eda fiscal por hora para tu declaraci\u00f3n anual 2024. Resolvemos tus dudas sobre llenado, impuestos y conciliaci\u00f3n contable. \u00a1Agenda ahora!\" \/>\n<meta property=\"og:url\" content=\"https:\/\/taxid.mx\/english\/tienda\/papel-de-trabajo\/personas-morales\/asesoria-en-la-elaboracion-de-la-declaracion-anual-2024\/\" \/>\n<meta property=\"og:site_name\" content=\"TAX ID\" \/>\n<meta property=\"article:modified_time\" content=\"2025-10-21T03:27:43+00:00\" \/>\n<meta property=\"og:image\" content=\"https:\/\/taxid.mx\/wp-content\/uploads\/2024\/09\/FORMATO-DE-WORD-ASAMBLEA-INCREMENTO-DE-CAPITAL.png\" \/>\n\t<meta property=\"og:image:width\" content=\"2000\" \/>\n\t<meta property=\"og:image:height\" content=\"2000\" \/>\n\t<meta property=\"og:image:type\" content=\"image\/png\" \/>\n<meta name=\"twitter:card\" content=\"summary_large_image\" \/>\n<meta name=\"twitter:label1\" content=\"Est. reading time\" \/>\n\t<meta name=\"twitter:data1\" content=\"1 minute\" \/>\n<script type=\"application\/ld+json\" class=\"yoast-schema-graph\">{\"@context\":\"https:\\\/\\\/schema.org\",\"@graph\":[{\"@type\":\"WebPage\",\"@id\":\"https:\\\/\\\/taxid.mx\\\/tienda\\\/papel-de-trabajo\\\/personas-morales\\\/asesoria-en-la-elaboracion-de-la-declaracion-anual-2024\\\/\",\"url\":\"https:\\\/\\\/taxid.mx\\\/tienda\\\/papel-de-trabajo\\\/personas-morales\\\/asesoria-en-la-elaboracion-de-la-declaracion-anual-2024\\\/\",\"name\":\"Asesor\u00eda en la elaboraci\u00f3n de la declaraci\u00f3n anual 2024 - TAX ID\",\"isPartOf\":{\"@id\":\"https:\\\/\\\/taxid.mx\\\/#website\"},\"primaryImageOfPage\":{\"@id\":\"https:\\\/\\\/taxid.mx\\\/tienda\\\/papel-de-trabajo\\\/personas-morales\\\/asesoria-en-la-elaboracion-de-la-declaracion-anual-2024\\\/#primaryimage\"},\"image\":{\"@id\":\"https:\\\/\\\/taxid.mx\\\/tienda\\\/papel-de-trabajo\\\/personas-morales\\\/asesoria-en-la-elaboracion-de-la-declaracion-anual-2024\\\/#primaryimage\"},\"thumbnailUrl\":\"https:\\\/\\\/taxid.mx\\\/wp-content\\\/uploads\\\/2024\\\/09\\\/FORMATO-DE-WORD-ASAMBLEA-INCREMENTO-DE-CAPITAL.png\",\"datePublished\":\"2024-12-30T20:06:34+00:00\",\"dateModified\":\"2025-10-21T03:27:43+00:00\",\"description\":\"Contrata asesor\u00eda fiscal por hora para tu declaraci\u00f3n anual 2024. Resolvemos tus dudas sobre llenado, impuestos y conciliaci\u00f3n contable. \u00a1Agenda ahora!\",\"breadcrumb\":{\"@id\":\"https:\\\/\\\/taxid.mx\\\/tienda\\\/papel-de-trabajo\\\/personas-morales\\\/asesoria-en-la-elaboracion-de-la-declaracion-anual-2024\\\/#breadcrumb\"},\"inLanguage\":\"en-US\",\"potentialAction\":[{\"@type\":\"ReadAction\",\"target\":[\"https:\\\/\\\/taxid.mx\\\/tienda\\\/papel-de-trabajo\\\/personas-morales\\\/asesoria-en-la-elaboracion-de-la-declaracion-anual-2024\\\/\"]}]},{\"@type\":\"ImageObject\",\"inLanguage\":\"en-US\",\"@id\":\"https:\\\/\\\/taxid.mx\\\/tienda\\\/papel-de-trabajo\\\/personas-morales\\\/asesoria-en-la-elaboracion-de-la-declaracion-anual-2024\\\/#primaryimage\",\"url\":\"https:\\\/\\\/taxid.mx\\\/wp-content\\\/uploads\\\/2024\\\/09\\\/FORMATO-DE-WORD-ASAMBLEA-INCREMENTO-DE-CAPITAL.png\",\"contentUrl\":\"https:\\\/\\\/taxid.mx\\\/wp-content\\\/uploads\\\/2024\\\/09\\\/FORMATO-DE-WORD-ASAMBLEA-INCREMENTO-DE-CAPITAL.png\",\"width\":2000,\"height\":2000},{\"@type\":\"BreadcrumbList\",\"@id\":\"https:\\\/\\\/taxid.mx\\\/tienda\\\/papel-de-trabajo\\\/personas-morales\\\/asesoria-en-la-elaboracion-de-la-declaracion-anual-2024\\\/#breadcrumb\",\"itemListElement\":[{\"@type\":\"ListItem\",\"position\":1,\"name\":\"Portada\",\"item\":\"https:\\\/\\\/taxid.mx\\\/\"},{\"@type\":\"ListItem\",\"position\":2,\"name\":\"Tienda\",\"item\":\"https:\\\/\\\/taxid.mx\\\/tienda\\\/\"},{\"@type\":\"ListItem\",\"position\":3,\"name\":\"Asesor\u00eda en la elaboraci\u00f3n de la declaraci\u00f3n anual 2024\"}]},{\"@type\":\"WebSite\",\"@id\":\"https:\\\/\\\/taxid.mx\\\/#website\",\"url\":\"https:\\\/\\\/taxid.mx\\\/\",\"name\":\"TAX ID\",\"description\":\"Despacho de contadores en M\u00e9xico\",\"potentialAction\":[{\"@type\":\"SearchAction\",\"target\":{\"@type\":\"EntryPoint\",\"urlTemplate\":\"https:\\\/\\\/taxid.mx\\\/?s={search_term_string}\"},\"query-input\":{\"@type\":\"PropertyValueSpecification\",\"valueRequired\":true,\"valueName\":\"search_term_string\"}}],\"inLanguage\":\"en-US\"}]}<\/script>\n<!-- \/ Yoast SEO plugin. -->","yoast_head_json":{"title":"Advice on preparing the 2024 annual return - TAX ID","description":"Hire hourly tax advice for your 2024 annual declaration. We will answer your questions about filling out the forms, taxes and accounting reconciliation. Schedule now!","robots":{"index":"index","follow":"follow","max-snippet":"max-snippet:-1","max-image-preview":"max-image-preview:large","max-video-preview":"max-video-preview:-1"},"canonical":"https:\/\/taxid.mx\/english\/tienda\/papel-de-trabajo\/personas-morales\/asesoria-en-la-elaboracion-de-la-declaracion-anual-2024\/","og_locale":"en_US","og_type":"article","og_title":"Asesor\u00eda en la elaboraci\u00f3n de la declaraci\u00f3n anual 2024 - TAX ID","og_description":"Contrata asesor\u00eda fiscal por hora para tu declaraci\u00f3n anual 2024. Resolvemos tus dudas sobre llenado, impuestos y conciliaci\u00f3n contable. \u00a1Agenda ahora!","og_url":"https:\/\/taxid.mx\/english\/tienda\/papel-de-trabajo\/personas-morales\/asesoria-en-la-elaboracion-de-la-declaracion-anual-2024\/","og_site_name":"TAX ID","article_modified_time":"2025-10-21T03:27:43+00:00","og_image":[{"width":2000,"height":2000,"url":"https:\/\/taxid.mx\/wp-content\/uploads\/2024\/09\/FORMATO-DE-WORD-ASAMBLEA-INCREMENTO-DE-CAPITAL.png","type":"image\/png"}],"twitter_card":"summary_large_image","twitter_misc":{"Est. reading time":"1 minute"},"schema":{"@context":"https:\/\/schema.org","@graph":[{"@type":"WebPage","@id":"https:\/\/taxid.mx\/tienda\/papel-de-trabajo\/personas-morales\/asesoria-en-la-elaboracion-de-la-declaracion-anual-2024\/","url":"https:\/\/taxid.mx\/tienda\/papel-de-trabajo\/personas-morales\/asesoria-en-la-elaboracion-de-la-declaracion-anual-2024\/","name":"Advice on preparing the 2024 annual return - TAX ID","isPartOf":{"@id":"https:\/\/taxid.mx\/#website"},"primaryImageOfPage":{"@id":"https:\/\/taxid.mx\/tienda\/papel-de-trabajo\/personas-morales\/asesoria-en-la-elaboracion-de-la-declaracion-anual-2024\/#primaryimage"},"image":{"@id":"https:\/\/taxid.mx\/tienda\/papel-de-trabajo\/personas-morales\/asesoria-en-la-elaboracion-de-la-declaracion-anual-2024\/#primaryimage"},"thumbnailUrl":"https:\/\/taxid.mx\/wp-content\/uploads\/2024\/09\/FORMATO-DE-WORD-ASAMBLEA-INCREMENTO-DE-CAPITAL.png","datePublished":"2024-12-30T20:06:34+00:00","dateModified":"2025-10-21T03:27:43+00:00","description":"Hire hourly tax advice for your 2024 annual declaration. We will answer your questions about filling out the forms, taxes and accounting reconciliation. Schedule now!","breadcrumb":{"@id":"https:\/\/taxid.mx\/tienda\/papel-de-trabajo\/personas-morales\/asesoria-en-la-elaboracion-de-la-declaracion-anual-2024\/#breadcrumb"},"inLanguage":"en-US","potentialAction":[{"@type":"ReadAction","target":["https:\/\/taxid.mx\/tienda\/papel-de-trabajo\/personas-morales\/asesoria-en-la-elaboracion-de-la-declaracion-anual-2024\/"]}]},{"@type":"ImageObject","inLanguage":"en-US","@id":"https:\/\/taxid.mx\/tienda\/papel-de-trabajo\/personas-morales\/asesoria-en-la-elaboracion-de-la-declaracion-anual-2024\/#primaryimage","url":"https:\/\/taxid.mx\/wp-content\/uploads\/2024\/09\/FORMATO-DE-WORD-ASAMBLEA-INCREMENTO-DE-CAPITAL.png","contentUrl":"https:\/\/taxid.mx\/wp-content\/uploads\/2024\/09\/FORMATO-DE-WORD-ASAMBLEA-INCREMENTO-DE-CAPITAL.png","width":2000,"height":2000},{"@type":"BreadcrumbList","@id":"https:\/\/taxid.mx\/tienda\/papel-de-trabajo\/personas-morales\/asesoria-en-la-elaboracion-de-la-declaracion-anual-2024\/#breadcrumb","itemListElement":[{"@type":"ListItem","position":1,"name":"Portada","item":"https:\/\/taxid.mx\/"},{"@type":"ListItem","position":2,"name":"Tienda","item":"https:\/\/taxid.mx\/tienda\/"},{"@type":"ListItem","position":3,"name":"Asesor\u00eda en la elaboraci\u00f3n de la declaraci\u00f3n anual 2024"}]},{"@type":"WebSite","@id":"https:\/\/taxid.mx\/#website","url":"https:\/\/taxid.mx\/","name":"TAX-ID","description":"Accounting firm in Mexico","potentialAction":[{"@type":"SearchAction","target":{"@type":"EntryPoint","urlTemplate":"https:\/\/taxid.mx\/?s={search_term_string}"},"query-input":{"@type":"PropertyValueSpecification","valueRequired":true,"valueName":"search_term_string"}}],"inLanguage":"en-US"}]}},"_links":{"self":[{"href":"https:\/\/taxid.mx\/english\/wp-json\/wp\/v2\/product\/4155","targetHints":{"allow":["GET"]}}],"collection":[{"href":"https:\/\/taxid.mx\/english\/wp-json\/wp\/v2\/product"}],"about":[{"href":"https:\/\/taxid.mx\/english\/wp-json\/wp\/v2\/types\/product"}],"replies":[{"embeddable":true,"href":"https:\/\/taxid.mx\/english\/wp-json\/wp\/v2\/comments?post=4155"}],"wp:featuredmedia":[{"embeddable":true,"href":"https:\/\/taxid.mx\/english\/wp-json\/wp\/v2\/media\/3676"}],"wp:attachment":[{"href":"https:\/\/taxid.mx\/english\/wp-json\/wp\/v2\/media?parent=4155"}],"wp:term":[{"taxonomy":"product_brand","embeddable":true,"href":"https:\/\/taxid.mx\/english\/wp-json\/wp\/v2\/product_brand?post=4155"},{"taxonomy":"product_cat","embeddable":true,"href":"https:\/\/taxid.mx\/english\/wp-json\/wp\/v2\/product_cat?post=4155"},{"taxonomy":"product_tag","embeddable":true,"href":"https:\/\/taxid.mx\/english\/wp-json\/wp\/v2\/product_tag?post=4155"}],"curies":[{"name":"wp","href":"https:\/\/api.w.org\/{rel}","templated":true}]}}