{"id":4187,"date":"2025-01-07T18:57:55","date_gmt":"2025-01-08T00:57:55","guid":{"rendered":"https:\/\/q1dapyf5zv.onrocket.site\/?post_type=product&#038;p=4187"},"modified":"2025-10-20T21:26:33","modified_gmt":"2025-10-21T03:26:33","slug":"calculadora-de-nomina-mexico-2025","status":"publish","type":"product","link":"https:\/\/taxid.mx\/english\/tienda\/papel-de-trabajo\/papeles-de-trabajo-fisica\/calculadora-de-nomina-mexico-2025\/","title":{"rendered":"Mexico Payroll Calculator 2025"},"content":{"rendered":"<p>This <strong>Payroll Calculator 2025<\/strong> is designed to facilitate and automate payroll calculations in companies, accounting firms and human resources professionals. Its intuitive design and complete functionality allow you to perform accurate calculations in accordance with current 2025 regulations, ensuring tax and labor compliance.<\/p>\n<h4>You can find out the cost before hiring. Make the right decision.<\/h4>\n<h4><strong>Main Functions:<\/strong><\/h4>\n<ol>\n<li><strong>Determination of Gross and Net Salary:<\/strong>\n<ul>\n<li>Get the gross salary without including additional concepts (bonuses, loans, food vouchers, etc.) by entering the amount in the cell <strong>\u201cB8\u201d<\/strong>.<\/li>\n<li>Automatically calculates net salary, including extras such as punctuality bonuses, attendance, food vouchers and loans.<\/li>\n<\/ul>\n<\/li>\n<li><strong>Custom Settings:<\/strong>\n<ul>\n<li>Modify the parameters of <strong>vacation days<\/strong> (cell <strong>\u201cB15\u201d<\/strong>), <strong>Christmas bonus<\/strong> (cell <strong>\u201cB16\u201d<\/strong>) and <strong>fiscal days<\/strong> (cell <strong>\u201cB18\u201d<\/strong>) to customize calculations according to the conditions of the employment contract.<\/li>\n<li>Customize additional concepts such as <strong>attendance bonus<\/strong> (<strong>\u201cB21\u201d<\/strong>), <strong>punctuality bonus<\/strong> (<strong>\u201cB22\u201d<\/strong>), <strong>loans<\/strong> (<strong>\u201cB23\u201d<\/strong>) and <strong>food vouchers<\/strong> (**\u201cB24\u201d or <strong>\u201cB25\u201d<\/strong>).<\/li>\n<\/ul>\n<\/li>\n<li><strong>Detailed Calculations of Tax and Labor Obligations:<\/strong>\n<ul>\n<li>IMSS employer contributions, including detailed breakdowns.<\/li>\n<li>Income Tax (ISR) with calculation based on the updated tables and rates for 2025.<\/li>\n<li>Payroll Tax (ISN), adjusted according to the rates applicable in each state.<\/li>\n<\/ul>\n<\/li>\n<li><strong>Flexible Update:<\/strong>\n<ul>\n<li>Allows modifications to be made in case of increases in the <strong>UMA<\/strong> or the <strong>minimum wage<\/strong>, adapting to changes in regulations.<\/li>\n<\/ul>\n<\/li>\n<li><strong>Easy to Use:<\/strong>\n<ul>\n<li>To get the final results, you just need to position yourself on an empty cell and press <strong>Ctrl + D<\/strong>, after entering the necessary information.<\/li>\n<\/ul>\n<\/li>\n<\/ol>\n<h4><strong>Benefits of the Calculator:<\/strong><\/h4>\n<ul>\n<li><strong>Precision:<\/strong> Avoid manual errors and ensure accurate, compliant calculations.<\/li>\n<li><strong>Time saving:<\/strong> Perform payroll calculations in minutes, without the need for complex formulas.<\/li>\n<li><strong>Adaptability:<\/strong> Customize parameters such as vacation days, bonuses, and other specific concepts for each worker.<\/li>\n<li><strong>Tax Compliance:<\/strong> Ensures that tax and fee calculations comply with current Mexican laws.<\/li>\n<li><strong>Simplicity:<\/strong> Ideal for both accounting experts and users with basic knowledge.<\/li>\n<\/ul>\n<h4><strong>Who Can Use It?<\/strong><\/h4>\n<ul>\n<li>Accountants and accounting firms that manage company payrolls.<\/li>\n<li>Human Resources for small, medium and large companies.<\/li>\n<li>Business owners who want to understand and monitor their payroll calculations.<\/li>\n<li>Independent professionals in charge of managing payrolls.<\/li>\n<\/ul>\n<h4><strong>Basic Instructions:<\/strong><\/h4>\n<ol>\n<li><strong>Check out the instruction video<\/strong> included to learn how to take advantage of all the calculator&#039;s features.<\/li>\n<li>Enter the data in the corresponding cells:\n<ul>\n<li><strong>B8<\/strong>: Gross salary without extras.<\/li>\n<li><strong>B15<\/strong> to <strong>B25<\/strong>: Customize vacation days, Christmas bonuses, bonuses and other concepts.<\/li>\n<\/ul>\n<\/li>\n<li><strong>Get final results<\/strong> by positioning yourself on an empty cell and pressing <strong>Ctrl + D<\/strong>.<\/li>\n<\/ol>\n<h4><strong>Includes:<\/strong><\/h4>\n<ul>\n<li>Step-by-step instruction video.<\/li>\n<li>Fully editable Excel template.<\/li>\n<li>Calculations ready to print and present in labor and tax reports.<\/li>\n<\/ul>\n<p>Don&#039;t waste time with manual and complex processes. With this calculator, you can automate your payroll calculations and focus on other areas of your business. Get the <strong>Payroll Calculator 2025<\/strong> today and take your management to the next level!<\/p>\n<span class=\"et_bloom_bottom_trigger\"><\/span>","protected":false},"excerpt":{"rendered":"<p>Payroll Calculator 2025 in Excel: calculate gross salary, net salary, ISR, IMSS and payroll taxes accurately and customizable. Optimize your payroll management easily!<\/p>","protected":false},"featured_media":3673,"comment_status":"open","ping_status":"closed","template":"","meta":{"_et_pb_use_builder":"","_et_pb_old_content":"","_et_gb_content_width":"","_joinchat":[]},"product_brand":[],"product_cat":[159,160,564,74,156,158],"product_tag":[],"class_list":{"0":"post-4187","1":"product","2":"type-product","3":"status-publish","4":"has-post-thumbnail","6":"product_cat-herramientas-para-contadores","7":"product_cat-herramientas-para-empresarios","8":"product_cat-nomina","9":"product_cat-papel-de-trabajo","10":"product_cat-papeles-de-trabajo-fisica","11":"product_cat-personas-morales","13":"first","14":"instock","15":"downloadable","16":"virtual","17":"purchasable","18":"product-type-simple"},"yoast_head":"<!-- This site is optimized with the Yoast SEO plugin v27.5 - https:\/\/yoast.com\/product\/yoast-seo-wordpress\/ -->\n<title>C\u00e1lculadora de n\u00f3mina M\u00e9xico 2025 - TAX ID<\/title>\n<meta name=\"description\" content=\"Calculadora de N\u00f3mina 2025 en Excel: calcula sueldo bruto, neto, ISR, IMSS e impuestos sobre n\u00f3mina de forma precisa y personalizable.\" \/>\n<meta name=\"robots\" content=\"index, follow, max-snippet:-1, max-image-preview:large, max-video-preview:-1\" \/>\n<link rel=\"canonical\" href=\"https:\/\/taxid.mx\/english\/tienda\/papel-de-trabajo\/papeles-de-trabajo-fisica\/calculadora-de-nomina-mexico-2025\/\" \/>\n<meta property=\"og:locale\" content=\"en_US\" \/>\n<meta property=\"og:type\" content=\"article\" \/>\n<meta property=\"og:title\" content=\"C\u00e1lculadora de n\u00f3mina M\u00e9xico 2025 - TAX ID\" \/>\n<meta property=\"og:description\" content=\"Calculadora de N\u00f3mina 2025 en Excel: calcula sueldo bruto, neto, ISR, IMSS e impuestos sobre n\u00f3mina de forma precisa y personalizable.\" \/>\n<meta property=\"og:url\" content=\"https:\/\/taxid.mx\/english\/tienda\/papel-de-trabajo\/papeles-de-trabajo-fisica\/calculadora-de-nomina-mexico-2025\/\" \/>\n<meta property=\"og:site_name\" content=\"TAX ID\" \/>\n<meta property=\"article:modified_time\" content=\"2025-10-21T03:26:33+00:00\" \/>\n<meta property=\"og:image\" content=\"https:\/\/taxid.mx\/wp-content\/uploads\/2024\/09\/ESTADO-DE-SITUACION-FINANCIERA-EXCEL.png\" \/>\n\t<meta property=\"og:image:width\" content=\"2000\" \/>\n\t<meta property=\"og:image:height\" content=\"2000\" \/>\n\t<meta property=\"og:image:type\" content=\"image\/png\" \/>\n<meta name=\"twitter:card\" content=\"summary_large_image\" \/>\n<meta name=\"twitter:label1\" content=\"Est. reading time\" \/>\n\t<meta name=\"twitter:data1\" content=\"3 minutes\" \/>\n<script type=\"application\/ld+json\" class=\"yoast-schema-graph\">{\"@context\":\"https:\\\/\\\/schema.org\",\"@graph\":[{\"@type\":\"WebPage\",\"@id\":\"https:\\\/\\\/taxid.mx\\\/tienda\\\/papel-de-trabajo\\\/papeles-de-trabajo-fisica\\\/calculadora-de-nomina-mexico-2025\\\/\",\"url\":\"https:\\\/\\\/taxid.mx\\\/tienda\\\/papel-de-trabajo\\\/papeles-de-trabajo-fisica\\\/calculadora-de-nomina-mexico-2025\\\/\",\"name\":\"C\u00e1lculadora de n\u00f3mina M\u00e9xico 2025 - TAX ID\",\"isPartOf\":{\"@id\":\"https:\\\/\\\/taxid.mx\\\/#website\"},\"primaryImageOfPage\":{\"@id\":\"https:\\\/\\\/taxid.mx\\\/tienda\\\/papel-de-trabajo\\\/papeles-de-trabajo-fisica\\\/calculadora-de-nomina-mexico-2025\\\/#primaryimage\"},\"image\":{\"@id\":\"https:\\\/\\\/taxid.mx\\\/tienda\\\/papel-de-trabajo\\\/papeles-de-trabajo-fisica\\\/calculadora-de-nomina-mexico-2025\\\/#primaryimage\"},\"thumbnailUrl\":\"https:\\\/\\\/taxid.mx\\\/wp-content\\\/uploads\\\/2024\\\/09\\\/ESTADO-DE-SITUACION-FINANCIERA-EXCEL.png\",\"datePublished\":\"2025-01-08T00:57:55+00:00\",\"dateModified\":\"2025-10-21T03:26:33+00:00\",\"description\":\"Calculadora de N\u00f3mina 2025 en Excel: calcula sueldo bruto, neto, ISR, IMSS e impuestos sobre n\u00f3mina de forma precisa y personalizable.\",\"breadcrumb\":{\"@id\":\"https:\\\/\\\/taxid.mx\\\/tienda\\\/papel-de-trabajo\\\/papeles-de-trabajo-fisica\\\/calculadora-de-nomina-mexico-2025\\\/#breadcrumb\"},\"inLanguage\":\"en-US\",\"potentialAction\":[{\"@type\":\"ReadAction\",\"target\":[\"https:\\\/\\\/taxid.mx\\\/tienda\\\/papel-de-trabajo\\\/papeles-de-trabajo-fisica\\\/calculadora-de-nomina-mexico-2025\\\/\"]}]},{\"@type\":\"ImageObject\",\"inLanguage\":\"en-US\",\"@id\":\"https:\\\/\\\/taxid.mx\\\/tienda\\\/papel-de-trabajo\\\/papeles-de-trabajo-fisica\\\/calculadora-de-nomina-mexico-2025\\\/#primaryimage\",\"url\":\"https:\\\/\\\/taxid.mx\\\/wp-content\\\/uploads\\\/2024\\\/09\\\/ESTADO-DE-SITUACION-FINANCIERA-EXCEL.png\",\"contentUrl\":\"https:\\\/\\\/taxid.mx\\\/wp-content\\\/uploads\\\/2024\\\/09\\\/ESTADO-DE-SITUACION-FINANCIERA-EXCEL.png\",\"width\":2000,\"height\":2000},{\"@type\":\"BreadcrumbList\",\"@id\":\"https:\\\/\\\/taxid.mx\\\/tienda\\\/papel-de-trabajo\\\/papeles-de-trabajo-fisica\\\/calculadora-de-nomina-mexico-2025\\\/#breadcrumb\",\"itemListElement\":[{\"@type\":\"ListItem\",\"position\":1,\"name\":\"Portada\",\"item\":\"https:\\\/\\\/taxid.mx\\\/\"},{\"@type\":\"ListItem\",\"position\":2,\"name\":\"Tienda\",\"item\":\"https:\\\/\\\/taxid.mx\\\/tienda\\\/\"},{\"@type\":\"ListItem\",\"position\":3,\"name\":\"C\u00e1lculadora de n\u00f3mina M\u00e9xico 2025\"}]},{\"@type\":\"WebSite\",\"@id\":\"https:\\\/\\\/taxid.mx\\\/#website\",\"url\":\"https:\\\/\\\/taxid.mx\\\/\",\"name\":\"TAX ID\",\"description\":\"Despacho de contadores en M\u00e9xico\",\"potentialAction\":[{\"@type\":\"SearchAction\",\"target\":{\"@type\":\"EntryPoint\",\"urlTemplate\":\"https:\\\/\\\/taxid.mx\\\/?s={search_term_string}\"},\"query-input\":{\"@type\":\"PropertyValueSpecification\",\"valueRequired\":true,\"valueName\":\"search_term_string\"}}],\"inLanguage\":\"en-US\"}]}<\/script>\n<!-- \/ Yoast SEO plugin. -->","yoast_head_json":{"title":"C\u00e1lculadora de n\u00f3mina M\u00e9xico 2025 - TAX ID","description":"Calculadora de N\u00f3mina 2025 en Excel: calcula sueldo bruto, neto, ISR, IMSS e impuestos sobre n\u00f3mina de forma precisa y personalizable.","robots":{"index":"index","follow":"follow","max-snippet":"max-snippet:-1","max-image-preview":"max-image-preview:large","max-video-preview":"max-video-preview:-1"},"canonical":"https:\/\/taxid.mx\/english\/tienda\/papel-de-trabajo\/papeles-de-trabajo-fisica\/calculadora-de-nomina-mexico-2025\/","og_locale":"en_US","og_type":"article","og_title":"C\u00e1lculadora de n\u00f3mina M\u00e9xico 2025 - TAX ID","og_description":"Calculadora de N\u00f3mina 2025 en Excel: calcula sueldo bruto, neto, ISR, IMSS e impuestos sobre n\u00f3mina de forma precisa y personalizable.","og_url":"https:\/\/taxid.mx\/english\/tienda\/papel-de-trabajo\/papeles-de-trabajo-fisica\/calculadora-de-nomina-mexico-2025\/","og_site_name":"TAX ID","article_modified_time":"2025-10-21T03:26:33+00:00","og_image":[{"width":2000,"height":2000,"url":"https:\/\/taxid.mx\/wp-content\/uploads\/2024\/09\/ESTADO-DE-SITUACION-FINANCIERA-EXCEL.png","type":"image\/png"}],"twitter_card":"summary_large_image","twitter_misc":{"Est. reading time":"3 minutes"},"schema":{"@context":"https:\/\/schema.org","@graph":[{"@type":"WebPage","@id":"https:\/\/taxid.mx\/tienda\/papel-de-trabajo\/papeles-de-trabajo-fisica\/calculadora-de-nomina-mexico-2025\/","url":"https:\/\/taxid.mx\/tienda\/papel-de-trabajo\/papeles-de-trabajo-fisica\/calculadora-de-nomina-mexico-2025\/","name":"C\u00e1lculadora de n\u00f3mina M\u00e9xico 2025 - TAX ID","isPartOf":{"@id":"https:\/\/taxid.mx\/#website"},"primaryImageOfPage":{"@id":"https:\/\/taxid.mx\/tienda\/papel-de-trabajo\/papeles-de-trabajo-fisica\/calculadora-de-nomina-mexico-2025\/#primaryimage"},"image":{"@id":"https:\/\/taxid.mx\/tienda\/papel-de-trabajo\/papeles-de-trabajo-fisica\/calculadora-de-nomina-mexico-2025\/#primaryimage"},"thumbnailUrl":"https:\/\/taxid.mx\/wp-content\/uploads\/2024\/09\/ESTADO-DE-SITUACION-FINANCIERA-EXCEL.png","datePublished":"2025-01-08T00:57:55+00:00","dateModified":"2025-10-21T03:26:33+00:00","description":"Calculadora de N\u00f3mina 2025 en Excel: calcula sueldo bruto, neto, ISR, IMSS e impuestos sobre n\u00f3mina de forma precisa y personalizable.","breadcrumb":{"@id":"https:\/\/taxid.mx\/tienda\/papel-de-trabajo\/papeles-de-trabajo-fisica\/calculadora-de-nomina-mexico-2025\/#breadcrumb"},"inLanguage":"en-US","potentialAction":[{"@type":"ReadAction","target":["https:\/\/taxid.mx\/tienda\/papel-de-trabajo\/papeles-de-trabajo-fisica\/calculadora-de-nomina-mexico-2025\/"]}]},{"@type":"ImageObject","inLanguage":"en-US","@id":"https:\/\/taxid.mx\/tienda\/papel-de-trabajo\/papeles-de-trabajo-fisica\/calculadora-de-nomina-mexico-2025\/#primaryimage","url":"https:\/\/taxid.mx\/wp-content\/uploads\/2024\/09\/ESTADO-DE-SITUACION-FINANCIERA-EXCEL.png","contentUrl":"https:\/\/taxid.mx\/wp-content\/uploads\/2024\/09\/ESTADO-DE-SITUACION-FINANCIERA-EXCEL.png","width":2000,"height":2000},{"@type":"BreadcrumbList","@id":"https:\/\/taxid.mx\/tienda\/papel-de-trabajo\/papeles-de-trabajo-fisica\/calculadora-de-nomina-mexico-2025\/#breadcrumb","itemListElement":[{"@type":"ListItem","position":1,"name":"Portada","item":"https:\/\/taxid.mx\/"},{"@type":"ListItem","position":2,"name":"Tienda","item":"https:\/\/taxid.mx\/tienda\/"},{"@type":"ListItem","position":3,"name":"C\u00e1lculadora de n\u00f3mina M\u00e9xico 2025"}]},{"@type":"WebSite","@id":"https:\/\/taxid.mx\/#website","url":"https:\/\/taxid.mx\/","name":"TAX-ID","description":"Accounting firm in Mexico","potentialAction":[{"@type":"SearchAction","target":{"@type":"EntryPoint","urlTemplate":"https:\/\/taxid.mx\/?s={search_term_string}"},"query-input":{"@type":"PropertyValueSpecification","valueRequired":true,"valueName":"search_term_string"}}],"inLanguage":"en-US"}]}},"_links":{"self":[{"href":"https:\/\/taxid.mx\/english\/wp-json\/wp\/v2\/product\/4187","targetHints":{"allow":["GET"]}}],"collection":[{"href":"https:\/\/taxid.mx\/english\/wp-json\/wp\/v2\/product"}],"about":[{"href":"https:\/\/taxid.mx\/english\/wp-json\/wp\/v2\/types\/product"}],"replies":[{"embeddable":true,"href":"https:\/\/taxid.mx\/english\/wp-json\/wp\/v2\/comments?post=4187"}],"wp:featuredmedia":[{"embeddable":true,"href":"https:\/\/taxid.mx\/english\/wp-json\/wp\/v2\/media\/3673"}],"wp:attachment":[{"href":"https:\/\/taxid.mx\/english\/wp-json\/wp\/v2\/media?parent=4187"}],"wp:term":[{"taxonomy":"product_brand","embeddable":true,"href":"https:\/\/taxid.mx\/english\/wp-json\/wp\/v2\/product_brand?post=4187"},{"taxonomy":"product_cat","embeddable":true,"href":"https:\/\/taxid.mx\/english\/wp-json\/wp\/v2\/product_cat?post=4187"},{"taxonomy":"product_tag","embeddable":true,"href":"https:\/\/taxid.mx\/english\/wp-json\/wp\/v2\/product_tag?post=4187"}],"curies":[{"name":"wp","href":"https:\/\/api.w.org\/{rel}","templated":true}]}}