{"id":4205,"date":"2025-01-10T12:39:27","date_gmt":"2025-01-10T18:39:27","guid":{"rendered":"https:\/\/q1dapyf5zv.onrocket.site\/?post_type=product&#038;p=4205"},"modified":"2025-10-20T21:26:29","modified_gmt":"2025-10-21T03:26:29","slug":"2025-papel-de-trabajo-para-el-calculo-de-impuestos-persona-fisica-con-actividad-empresarial-y-profesional","status":"publish","type":"product","link":"https:\/\/taxid.mx\/english\/tienda\/papel-de-trabajo\/papeles-de-trabajo-fisica\/2025-papel-de-trabajo-para-el-calculo-de-impuestos-persona-fisica-con-actividad-empresarial-y-profesional\/","title":{"rendered":"2025 Working paper for calculating taxes for individuals with business and professional activity"},"content":{"rendered":"<p>[et_pb_section fb_built=\u00bb1&#8243; _builder_version=\u00bb4.16&#8243; custom_padding=\u00bb0px||||false|false\u00bb global_colors_info=\u00bb{}\u00bb][et_pb_row _builder_version=\u00bb4.16&#8243; background_size=\u00bbinitial\u00bb background_position=\u00bbtop_left\u00bb background_repeat=\u00bbrepeat\u00bb width=\u00bb100%\u00bb custom_padding=\u00bb0px||0px||false|false\u00bb global_colors_info=\u00bb{}\u00bb][et_pb_column type=\u00bb4_4&#8243; _builder_version=\u00bb4.16&#8243; custom_padding=\u00bb|||\u00bb global_colors_info=\u00bb{}\u00bb custom_padding__hover=\u00bb|||\u00bb][et_pb_wc_breadcrumb _builder_version=\u00bb4.16&#8243; global_colors_info=\u00bb{}\u00bb][\/et_pb_wc_breadcrumb][et_pb_wc_cart_notice _builder_version=\u00bb4.16&#8243; global_colors_info=\u00bb{}\u00bb][\/et_pb_wc_cart_notice][\/et_pb_column][\/et_pb_row][et_pb_row column_structure=\u00bb1_2,1_2&#8243; _builder_version=\u00bb4.16&#8243; background_size=\u00bbinitial\u00bb background_position=\u00bbtop_left\u00bb background_repeat=\u00bbrepeat\u00bb width=\u00bb100%\u00bb custom_padding=\u00bb0px||||false|false\u00bb global_colors_info=\u00bb{}\u00bb][et_pb_column type=\u00bb1_2&#8243; _builder_version=\u00bb4.16&#8243; custom_padding=\u00bb|||\u00bb global_colors_info=\u00bb{}\u00bb custom_padding__hover=\u00bb|||\u00bb][et_pb_wc_images _builder_version=\u00bb4.16&#8243; global_colors_info=\u00bb{}\u00bb][\/et_pb_wc_images][\/et_pb_column][et_pb_column type=\u00bb1_2&#8243; _builder_version=\u00bb4.16&#8243; custom_padding=\u00bb|||\u00bb global_colors_info=\u00bb{}\u00bb custom_padding__hover=\u00bb|||\u00bb][et_pb_wc_title _builder_version=\u00bb4.17.4&#8243; header_text_color=\u00bb#000000&#8243; global_colors_info=\u00bb{}\u00bb][\/et_pb_wc_title][et_pb_wc_price _builder_version=\u00bb4.17.4&#8243; body_font=\u00bb|700|||||||\u00bb body_text_color=\u00bb#1e385c\u00bb global_colors_info=\u00bb{}\u00bb][\/et_pb_wc_price][et_pb_wc_description _builder_version=\u00bb4.16&#8243; global_colors_info=\u00bb{}\u00bb][\/et_pb_wc_description][et_pb_wc_add_to_cart _builder_version=\u00bb4.17.4&#8243; fields_background_color=\u00bb#ffb636&#8243; fields_text_color=\u00bb#FFFFFF\u00bb custom_button=\u00bbon\u00bb button_text_color=\u00bb#660066&#8243; button_border_color=\u00bb#660066&#8243; global_colors_info=\u00bb{}\u00bb][\/et_pb_wc_add_to_cart][et_pb_wc_meta _builder_version=\u00bb4.16&#8243; global_colors_info=\u00bb{}\u00bb][\/et_pb_wc_meta][\/et_pb_column][\/et_pb_row][et_pb_row _builder_version=\u00bb4.16&#8243; background_size=\u00bbinitial\u00bb background_position=\u00bbtop_left\u00bb background_repeat=\u00bbrepeat\u00bb width=\u00bb100%\u00bb global_colors_info=\u00bb{}\u00bb][et_pb_column type=\u00bb4_4&#8243; _builder_version=\u00bb4.16&#8243; custom_padding=\u00bb|||\u00bb global_colors_info=\u00bb{}\u00bb custom_padding__hover=\u00bb|||\u00bb][et_pb_wc_tabs _builder_version=\u00bb4.16&#8243; global_colors_info=\u00bb{}\u00bb] [\/et_pb_wc_tabs][et_pb_wc_upsells _builder_version=\u00bb4.16&#8243; global_colors_info=\u00bb{}\u00bb][\/et_pb_wc_upsells][et_pb_wc_related_products _builder_version=\u00bb4.16&#8243; global_colors_info=\u00bb{}\u00bb][\/et_pb_wc_related_products][\/et_pb_column][\/et_pb_row][\/et_pb_section]<\/p>\n<span class=\"et_bloom_bottom_trigger\"><\/span>","protected":false},"excerpt":{"rendered":"<p>Optimize your tax obligations with our Excel work paper, designed for individuals with business activity in Mexico. Automatically calculate ISR and VAT, reduce errors and save time with an intuitive interface. Request more information.<\/p>","protected":false},"featured_media":3671,"comment_status":"open","ping_status":"closed","template":"","meta":{"_et_pb_use_builder":"on","_et_pb_old_content":"<strong>Descripci\u00f3n del Producto:<a href=\"https:\/\/taxid.mx\/wp-admin\/post.php?post=2970&amp;action=edit\"> Papel de Trabajo en Excel para el C\u00e1lculo de ISR e IVA en M\u00e9xico<\/a> - Personas F\u00edsicas con Actividad Empresarial<\/strong>\r\n\r\nEste papel de trabajo en Excel ha sido dise\u00f1ado espec\u00edficamente para personas f\u00edsicas con actividad empresarial en M\u00e9xico que necesitan cumplir con sus obligaciones fiscales de manera precisa y eficiente. Nuestra plantilla facilita el c\u00e1lculo del Impuesto Sobre la Renta (ISR) y el Impuesto al Valor Agregado (IVA), brindando una herramienta esencial para la gesti\u00f3n financiera y fiscal de tu negocio.\r\n\r\n<strong>Caracter\u00edsticas del Producto:<\/strong>\r\n<ul>\r\n \t<li><strong>C\u00e1lculo de ISR e IVA:<\/strong> Simplifica el proceso de c\u00e1lculo con f\u00f3rmulas automatizadas que aseguran la exactitud de tus obligaciones fiscales, \u00fanicamente captura las celdas en amarillo y los c\u00e1clculos son automaticos.<\/li>\r\n \t<li><strong>Interfaz Intuitiva:<\/strong> Dise\u00f1o f\u00e1cil de usar, pensado para usuarios con diferentes niveles de experiencia en Excel<\/li>\r\n<\/ul>\r\n<strong>Beneficios:<\/strong>\r\n<ul>\r\n \t<li><strong>Ahorro de Tiempo:<\/strong> Reduce significativamente el tiempo dedicado a la preparaci\u00f3n de declaraciones fiscales.<\/li>\r\n \t<li><strong>Reducci\u00f3n de Errores:<\/strong> Minimiza el riesgo de errores humanos en los c\u00e1lculos.<\/li>\r\n \t<li><strong>Cumplimiento Fiscal:<\/strong> Asegura el cumplimiento con la normativa fiscal vigente, evitando sanciones y multas.<\/li>\r\n<\/ul>\r\n<strong>\u00bfQui\u00e9nes pueden beneficiarse de esta herramienta?<\/strong>\r\n<ul>\r\n \t<li>Profesionales independientes con actividad empresarial.<\/li>\r\n \t<li>Peque\u00f1os empresarios y emprendedores.<\/li>\r\n \t<li>Contadores que gestionan las finanzas de sus clientes.<\/li>\r\n<\/ul>\r\n<strong>Compra Ahora y Optimiza tu Gesti\u00f3n Fiscal<\/strong>\r\n\r\nAdquiere nuestro papel de trabajo en Excel y lleva tu gesti\u00f3n fiscal al siguiente nivel. Con esta herramienta, tendr\u00e1s la confianza de que tus c\u00e1lculos son precisos y est\u00e1s cumpliendo con todas tus obligaciones fiscales de manera eficiente.\r\n\r\n&nbsp;\r\n\r\n[embed]https:\/\/vimeo.com\/1127647147?share=copy&amp;fl=sv&amp;fe=ci[\/embed]","_et_gb_content_width":"","_joinchat":[]},"product_brand":[],"product_cat":[74,156,157],"product_tag":[80,81,82,75,76,79,78,83,84,77],"class_list":{"0":"post-4205","1":"product","2":"type-product","3":"status-publish","4":"has-post-thumbnail","6":"product_cat-papel-de-trabajo","7":"product_cat-papeles-de-trabajo-fisica","8":"product_cat-personas-fisicas-o-resico","9":"product_tag-hoja-de-trabajo","10":"product_tag-hoja-de-trabajo-para-persona-fisica","11":"product_tag-hoja-de-trabajo-para-personas-fisica","12":"product_tag-papel","13":"product_tag-papel-de-trabajo","14":"product_tag-papel-de-trabajo-para-persona-fisica","15":"product_tag-papel-de-trabajo-persona-fisica","16":"product_tag-persona-fisica","17":"product_tag-personas-fisicas","18":"product_tag-trabajo","20":"first","21":"instock","22":"downloadable","23":"virtual","24":"purchasable","25":"product-type-simple"},"yoast_head":"<!-- This site is optimized with the Yoast SEO plugin v27.5 - https:\/\/yoast.com\/product\/yoast-seo-wordpress\/ -->\n<title>Papel de trabajo para el c\u00e1lculo de impuestos personas f\u00edsicas.<\/title>\n<meta name=\"description\" content=\"Papel de trabajo para el c\u00e1lculo de impuestos personas fiscas con actividad empresarial en hojas de Excel formuladas. Ahorra tiempo en tus c\u00e1lculos.\" \/>\n<meta name=\"robots\" content=\"index, follow, max-snippet:-1, max-image-preview:large, max-video-preview:-1\" \/>\n<link rel=\"canonical\" href=\"https:\/\/taxid.mx\/english\/tienda\/papel-de-trabajo\/papeles-de-trabajo-fisica\/2025-papel-de-trabajo-para-el-calculo-de-impuestos-persona-fisica-con-actividad-empresarial-y-profesional\/\" \/>\n<meta property=\"og:locale\" content=\"en_US\" \/>\n<meta property=\"og:type\" content=\"article\" \/>\n<meta property=\"og:title\" content=\"Papel de trabajo para el c\u00e1lculo de impuestos personas f\u00edsicas.\" \/>\n<meta property=\"og:description\" content=\"Papel de trabajo para el c\u00e1lculo de impuestos personas fiscas con actividad empresarial en hojas de Excel formuladas. Ahorra tiempo en tus c\u00e1lculos.\" \/>\n<meta property=\"og:url\" content=\"https:\/\/taxid.mx\/english\/tienda\/papel-de-trabajo\/papeles-de-trabajo-fisica\/2025-papel-de-trabajo-para-el-calculo-de-impuestos-persona-fisica-con-actividad-empresarial-y-profesional\/\" \/>\n<meta property=\"og:site_name\" content=\"TAX ID\" \/>\n<meta property=\"article:modified_time\" content=\"2025-10-21T03:26:29+00:00\" \/>\n<meta property=\"og:image\" content=\"https:\/\/taxid.mx\/wp-content\/uploads\/2024\/09\/ESTADO-DE-FLUJO-DE-EFECTIVO-EXCEL.png\" \/>\n\t<meta property=\"og:image:width\" content=\"2000\" \/>\n\t<meta property=\"og:image:height\" content=\"2000\" \/>\n\t<meta property=\"og:image:type\" content=\"image\/png\" \/>\n<meta name=\"twitter:card\" content=\"summary_large_image\" \/>\n<meta name=\"twitter:label1\" content=\"Est. reading time\" \/>\n\t<meta name=\"twitter:data1\" content=\"2 minutes\" \/>\n<script type=\"application\/ld+json\" class=\"yoast-schema-graph\">{\"@context\":\"https:\\\/\\\/schema.org\",\"@graph\":[{\"@type\":\"WebPage\",\"@id\":\"https:\\\/\\\/taxid.mx\\\/tienda\\\/papel-de-trabajo\\\/papeles-de-trabajo-fisica\\\/2025-papel-de-trabajo-para-el-calculo-de-impuestos-persona-fisica-con-actividad-empresarial-y-profesional\\\/\",\"url\":\"https:\\\/\\\/taxid.mx\\\/tienda\\\/papel-de-trabajo\\\/papeles-de-trabajo-fisica\\\/2025-papel-de-trabajo-para-el-calculo-de-impuestos-persona-fisica-con-actividad-empresarial-y-profesional\\\/\",\"name\":\"Papel de trabajo para el c\u00e1lculo de impuestos personas f\u00edsicas.\",\"isPartOf\":{\"@id\":\"https:\\\/\\\/taxid.mx\\\/#website\"},\"primaryImageOfPage\":{\"@id\":\"https:\\\/\\\/taxid.mx\\\/tienda\\\/papel-de-trabajo\\\/papeles-de-trabajo-fisica\\\/2025-papel-de-trabajo-para-el-calculo-de-impuestos-persona-fisica-con-actividad-empresarial-y-profesional\\\/#primaryimage\"},\"image\":{\"@id\":\"https:\\\/\\\/taxid.mx\\\/tienda\\\/papel-de-trabajo\\\/papeles-de-trabajo-fisica\\\/2025-papel-de-trabajo-para-el-calculo-de-impuestos-persona-fisica-con-actividad-empresarial-y-profesional\\\/#primaryimage\"},\"thumbnailUrl\":\"https:\\\/\\\/taxid.mx\\\/wp-content\\\/uploads\\\/2024\\\/09\\\/ESTADO-DE-FLUJO-DE-EFECTIVO-EXCEL.png\",\"datePublished\":\"2025-01-10T18:39:27+00:00\",\"dateModified\":\"2025-10-21T03:26:29+00:00\",\"description\":\"Papel de trabajo para el c\u00e1lculo de impuestos personas fiscas con actividad empresarial en hojas de Excel formuladas. Ahorra tiempo en tus c\u00e1lculos.\",\"breadcrumb\":{\"@id\":\"https:\\\/\\\/taxid.mx\\\/tienda\\\/papel-de-trabajo\\\/papeles-de-trabajo-fisica\\\/2025-papel-de-trabajo-para-el-calculo-de-impuestos-persona-fisica-con-actividad-empresarial-y-profesional\\\/#breadcrumb\"},\"inLanguage\":\"en-US\",\"potentialAction\":[{\"@type\":\"ReadAction\",\"target\":[\"https:\\\/\\\/taxid.mx\\\/tienda\\\/papel-de-trabajo\\\/papeles-de-trabajo-fisica\\\/2025-papel-de-trabajo-para-el-calculo-de-impuestos-persona-fisica-con-actividad-empresarial-y-profesional\\\/\"]}]},{\"@type\":\"ImageObject\",\"inLanguage\":\"en-US\",\"@id\":\"https:\\\/\\\/taxid.mx\\\/tienda\\\/papel-de-trabajo\\\/papeles-de-trabajo-fisica\\\/2025-papel-de-trabajo-para-el-calculo-de-impuestos-persona-fisica-con-actividad-empresarial-y-profesional\\\/#primaryimage\",\"url\":\"https:\\\/\\\/taxid.mx\\\/wp-content\\\/uploads\\\/2024\\\/09\\\/ESTADO-DE-FLUJO-DE-EFECTIVO-EXCEL.png\",\"contentUrl\":\"https:\\\/\\\/taxid.mx\\\/wp-content\\\/uploads\\\/2024\\\/09\\\/ESTADO-DE-FLUJO-DE-EFECTIVO-EXCEL.png\",\"width\":2000,\"height\":2000},{\"@type\":\"BreadcrumbList\",\"@id\":\"https:\\\/\\\/taxid.mx\\\/tienda\\\/papel-de-trabajo\\\/papeles-de-trabajo-fisica\\\/2025-papel-de-trabajo-para-el-calculo-de-impuestos-persona-fisica-con-actividad-empresarial-y-profesional\\\/#breadcrumb\",\"itemListElement\":[{\"@type\":\"ListItem\",\"position\":1,\"name\":\"Portada\",\"item\":\"https:\\\/\\\/taxid.mx\\\/\"},{\"@type\":\"ListItem\",\"position\":2,\"name\":\"Tienda\",\"item\":\"https:\\\/\\\/taxid.mx\\\/tienda\\\/\"},{\"@type\":\"ListItem\",\"position\":3,\"name\":\"2025 Papel de trabajo para el c\u00e1lculo de impuestos persona f\u00edsica con actividad empresarial y profesional\"}]},{\"@type\":\"WebSite\",\"@id\":\"https:\\\/\\\/taxid.mx\\\/#website\",\"url\":\"https:\\\/\\\/taxid.mx\\\/\",\"name\":\"TAX ID\",\"description\":\"Despacho de contadores en M\u00e9xico\",\"potentialAction\":[{\"@type\":\"SearchAction\",\"target\":{\"@type\":\"EntryPoint\",\"urlTemplate\":\"https:\\\/\\\/taxid.mx\\\/?s={search_term_string}\"},\"query-input\":{\"@type\":\"PropertyValueSpecification\",\"valueRequired\":true,\"valueName\":\"search_term_string\"}}],\"inLanguage\":\"en-US\"}]}<\/script>\n<!-- \/ Yoast SEO plugin. -->","yoast_head_json":{"title":"Working paper for calculating personal taxes.","description":"Working paper for calculating business tax in Excel spreadsheets. Save time on your calculations.","robots":{"index":"index","follow":"follow","max-snippet":"max-snippet:-1","max-image-preview":"max-image-preview:large","max-video-preview":"max-video-preview:-1"},"canonical":"https:\/\/taxid.mx\/english\/tienda\/papel-de-trabajo\/papeles-de-trabajo-fisica\/2025-papel-de-trabajo-para-el-calculo-de-impuestos-persona-fisica-con-actividad-empresarial-y-profesional\/","og_locale":"en_US","og_type":"article","og_title":"Papel de trabajo para el c\u00e1lculo de impuestos personas f\u00edsicas.","og_description":"Papel de trabajo para el c\u00e1lculo de impuestos personas fiscas con actividad empresarial en hojas de Excel formuladas. Ahorra tiempo en tus c\u00e1lculos.","og_url":"https:\/\/taxid.mx\/english\/tienda\/papel-de-trabajo\/papeles-de-trabajo-fisica\/2025-papel-de-trabajo-para-el-calculo-de-impuestos-persona-fisica-con-actividad-empresarial-y-profesional\/","og_site_name":"TAX ID","article_modified_time":"2025-10-21T03:26:29+00:00","og_image":[{"width":2000,"height":2000,"url":"https:\/\/taxid.mx\/wp-content\/uploads\/2024\/09\/ESTADO-DE-FLUJO-DE-EFECTIVO-EXCEL.png","type":"image\/png"}],"twitter_card":"summary_large_image","twitter_misc":{"Est. reading time":"2 minutes"},"schema":{"@context":"https:\/\/schema.org","@graph":[{"@type":"WebPage","@id":"https:\/\/taxid.mx\/tienda\/papel-de-trabajo\/papeles-de-trabajo-fisica\/2025-papel-de-trabajo-para-el-calculo-de-impuestos-persona-fisica-con-actividad-empresarial-y-profesional\/","url":"https:\/\/taxid.mx\/tienda\/papel-de-trabajo\/papeles-de-trabajo-fisica\/2025-papel-de-trabajo-para-el-calculo-de-impuestos-persona-fisica-con-actividad-empresarial-y-profesional\/","name":"Working paper for calculating personal taxes.","isPartOf":{"@id":"https:\/\/taxid.mx\/#website"},"primaryImageOfPage":{"@id":"https:\/\/taxid.mx\/tienda\/papel-de-trabajo\/papeles-de-trabajo-fisica\/2025-papel-de-trabajo-para-el-calculo-de-impuestos-persona-fisica-con-actividad-empresarial-y-profesional\/#primaryimage"},"image":{"@id":"https:\/\/taxid.mx\/tienda\/papel-de-trabajo\/papeles-de-trabajo-fisica\/2025-papel-de-trabajo-para-el-calculo-de-impuestos-persona-fisica-con-actividad-empresarial-y-profesional\/#primaryimage"},"thumbnailUrl":"https:\/\/taxid.mx\/wp-content\/uploads\/2024\/09\/ESTADO-DE-FLUJO-DE-EFECTIVO-EXCEL.png","datePublished":"2025-01-10T18:39:27+00:00","dateModified":"2025-10-21T03:26:29+00:00","description":"Working paper for calculating business tax in Excel spreadsheets. Save time on your calculations.","breadcrumb":{"@id":"https:\/\/taxid.mx\/tienda\/papel-de-trabajo\/papeles-de-trabajo-fisica\/2025-papel-de-trabajo-para-el-calculo-de-impuestos-persona-fisica-con-actividad-empresarial-y-profesional\/#breadcrumb"},"inLanguage":"en-US","potentialAction":[{"@type":"ReadAction","target":["https:\/\/taxid.mx\/tienda\/papel-de-trabajo\/papeles-de-trabajo-fisica\/2025-papel-de-trabajo-para-el-calculo-de-impuestos-persona-fisica-con-actividad-empresarial-y-profesional\/"]}]},{"@type":"ImageObject","inLanguage":"en-US","@id":"https:\/\/taxid.mx\/tienda\/papel-de-trabajo\/papeles-de-trabajo-fisica\/2025-papel-de-trabajo-para-el-calculo-de-impuestos-persona-fisica-con-actividad-empresarial-y-profesional\/#primaryimage","url":"https:\/\/taxid.mx\/wp-content\/uploads\/2024\/09\/ESTADO-DE-FLUJO-DE-EFECTIVO-EXCEL.png","contentUrl":"https:\/\/taxid.mx\/wp-content\/uploads\/2024\/09\/ESTADO-DE-FLUJO-DE-EFECTIVO-EXCEL.png","width":2000,"height":2000},{"@type":"BreadcrumbList","@id":"https:\/\/taxid.mx\/tienda\/papel-de-trabajo\/papeles-de-trabajo-fisica\/2025-papel-de-trabajo-para-el-calculo-de-impuestos-persona-fisica-con-actividad-empresarial-y-profesional\/#breadcrumb","itemListElement":[{"@type":"ListItem","position":1,"name":"Portada","item":"https:\/\/taxid.mx\/"},{"@type":"ListItem","position":2,"name":"Tienda","item":"https:\/\/taxid.mx\/tienda\/"},{"@type":"ListItem","position":3,"name":"2025 Papel de trabajo para el c\u00e1lculo de impuestos persona f\u00edsica con actividad empresarial y profesional"}]},{"@type":"WebSite","@id":"https:\/\/taxid.mx\/#website","url":"https:\/\/taxid.mx\/","name":"TAX-ID","description":"Accounting firm in Mexico","potentialAction":[{"@type":"SearchAction","target":{"@type":"EntryPoint","urlTemplate":"https:\/\/taxid.mx\/?s={search_term_string}"},"query-input":{"@type":"PropertyValueSpecification","valueRequired":true,"valueName":"search_term_string"}}],"inLanguage":"en-US"}]}},"_links":{"self":[{"href":"https:\/\/taxid.mx\/english\/wp-json\/wp\/v2\/product\/4205","targetHints":{"allow":["GET"]}}],"collection":[{"href":"https:\/\/taxid.mx\/english\/wp-json\/wp\/v2\/product"}],"about":[{"href":"https:\/\/taxid.mx\/english\/wp-json\/wp\/v2\/types\/product"}],"replies":[{"embeddable":true,"href":"https:\/\/taxid.mx\/english\/wp-json\/wp\/v2\/comments?post=4205"}],"wp:featuredmedia":[{"embeddable":true,"href":"https:\/\/taxid.mx\/english\/wp-json\/wp\/v2\/media\/3671"}],"wp:attachment":[{"href":"https:\/\/taxid.mx\/english\/wp-json\/wp\/v2\/media?parent=4205"}],"wp:term":[{"taxonomy":"product_brand","embeddable":true,"href":"https:\/\/taxid.mx\/english\/wp-json\/wp\/v2\/product_brand?post=4205"},{"taxonomy":"product_cat","embeddable":true,"href":"https:\/\/taxid.mx\/english\/wp-json\/wp\/v2\/product_cat?post=4205"},{"taxonomy":"product_tag","embeddable":true,"href":"https:\/\/taxid.mx\/english\/wp-json\/wp\/v2\/product_tag?post=4205"}],"curies":[{"name":"wp","href":"https:\/\/api.w.org\/{rel}","templated":true}]}}