{"id":6018,"date":"2025-08-14T17:06:31","date_gmt":"2025-08-14T23:06:31","guid":{"rendered":"https:\/\/q1dapyf5zv.onrocket.site\/?post_type=product&#038;p=6018"},"modified":"2026-01-22T12:38:03","modified_gmt":"2026-01-22T18:38:03","slug":"todos-los-papeles-de-trabajo-taxid","status":"publish","type":"product","link":"https:\/\/taxid.mx\/english\/tienda\/papel-de-trabajo\/papeles-de-trabajo-fisica\/todos-los-papeles-de-trabajo-taxid\/","title":{"rendered":"All TaxID working papers"},"content":{"rendered":"<p data-start=\"107\" data-end=\"396\">The ultimate tool for accountants, law firms, and entrepreneurs!<br data-start=\"207\" data-end=\"210\" \/>With this <strong data-start=\"219\" data-end=\"254\">exclusive TAX ID mega package<\/strong> you will have access to <strong data-start=\"272\" data-end=\"346\">All our working papers, calculators, forms and templates<\/strong>, in a single product and at an unbeatable price.<br \/>\nEditable Excel and Word 100% files.<\/p>\n<p>Great promotion: Get it in 12 installments of $999 MXN. Download immediately.<br \/>\nWith this package, you&#039;ll have everything you need to work efficiently, professionally, and in compliance with all your tax obligations.<\/p>\n<p data-start=\"398\" data-end=\"450\"><strong>Resources:<\/strong><\/p>\n<ul>\n<li data-start=\"73\" data-end=\"123\">\n<p data-start=\"76\" data-end=\"123\">Provisional Payments General Regime Title II<\/p>\n<\/li>\n<li data-start=\"124\" data-end=\"207\">\n<p data-start=\"127\" data-end=\"207\">Working paper Annual Declaration 2024 General Regime for Legal Entities (SAT)<\/p>\n<\/li>\n<li data-start=\"208\" data-end=\"286\">\n<p data-start=\"211\" data-end=\"286\">Free letter to inform the SAT about the deduction of uncollectible accounts<\/p>\n<\/li>\n<li data-start=\"287\" data-end=\"376\">\n<p data-start=\"290\" data-end=\"376\">RESICO 2022: Tax benefits and obligations before the SAT \u2013 Thursday, September 8<\/p>\n<\/li>\n<li data-start=\"377\" data-end=\"440\">\n<p data-start=\"380\" data-end=\"440\">Digital Platforms (Calculation of ISR provisional payments)<\/p>\n<\/li>\n<li data-start=\"441\" data-end=\"500\">\n<p data-start=\"444\" data-end=\"500\">Working paper for calculating the Christmas bonus (Excel)<\/p>\n<\/li>\n<li data-start=\"501\" data-end=\"548\">\n<p data-start=\"504\" data-end=\"548\">Tax Loss Update (Excel)<\/p>\n<\/li>\n<li data-start=\"549\" data-end=\"619\">\n<p data-start=\"552\" data-end=\"619\">Working paper provisional payments for leasing of a natural person<\/p>\n<\/li>\n<li data-start=\"620\" data-end=\"685\">\n<p data-start=\"623\" data-end=\"685\">Working Paper Provisional Payments RESICO Legal Entities<\/p>\n<\/li>\n<li data-start=\"686\" data-end=\"747\">\n<p data-start=\"690\" data-end=\"747\">Advice on the preparation of the 2024 annual declaration<\/p>\n<\/li>\n<li data-start=\"748\" data-end=\"836\">\n<p data-start=\"752\" data-end=\"836\">Manual for stamping advances of surpluses for a SC (SAT screens)<\/p>\n<\/li>\n<li data-start=\"837\" data-end=\"879\">\n<p data-start=\"841\" data-end=\"879\">Cash Flow Statement (Excel)<\/p>\n<\/li>\n<li data-start=\"880\" data-end=\"923\">\n<p data-start=\"884\" data-end=\"923\">Comprehensive income statement (Excel)<\/p>\n<\/li>\n<li data-start=\"924\" data-end=\"968\">\n<p data-start=\"928\" data-end=\"968\">Statement of financial position (Excel)<\/p>\n<\/li>\n<li data-start=\"969\" data-end=\"1036\">\n<p data-start=\"973\" data-end=\"1036\">Free written request for a reduction of fines to the SAT<\/p>\n<\/li>\n<li data-start=\"1037\" data-end=\"1088\">\n<p data-start=\"1041\" data-end=\"1088\">SAT Updates and Surcharges Calculator<\/p>\n<\/li>\n<li data-start=\"1089\" data-end=\"1147\">\n<p data-start=\"1093\" data-end=\"1147\">RESICO Fee Withholding Calculator<\/p>\n<\/li>\n<li data-start=\"1148\" data-end=\"1176\">\n<p data-start=\"1152\" data-end=\"1176\">2024 Fiscal Calendar<\/p>\n<\/li>\n<li data-start=\"1177\" data-end=\"1301\">\n<p data-start=\"1181\" data-end=\"1301\">2024 Working Paper Annual Declaration for Individuals with Business and Professional Activity (to be submitted in 2025)<\/p>\n<\/li>\n<li data-start=\"1302\" data-end=\"1393\">\n<p data-start=\"1306\" data-end=\"1393\">Power of Attorney Form for Incorporation of a Mexican Company (Embassy\/Consulate)<\/p>\n<\/li>\n<li data-start=\"1394\" data-end=\"1480\">\n<p data-start=\"1398\" data-end=\"1480\">Excel Worksheet for Calculating PTU 2024 (Profit Sharing)<\/p>\n<\/li>\n<li data-start=\"1481\" data-end=\"1593\">\n<p data-start=\"1485\" data-end=\"1593\">Working Paper for the 2024 Annual Declaration of Individuals (Salaries and Wages, to be Submitted in 2025)<\/p>\n<\/li>\n<li data-start=\"1594\" data-end=\"1650\">\n<p data-start=\"1598\" data-end=\"1650\">Job descriptions for an accounting firm<\/p>\n<\/li>\n<li data-start=\"1651\" data-end=\"1728\">\n<p data-start=\"1655\" data-end=\"1728\">Checklist for Starting Operations, KPIs, and Positions in an Accounting Firm<\/p>\n<\/li>\n<li data-start=\"1729\" data-end=\"1758\">\n<p data-start=\"1733\" data-end=\"1758\">Jes\u00fas Guerrero Consulting<\/p>\n<\/li>\n<li data-start=\"1759\" data-end=\"1782\">\n<p data-start=\"1763\" data-end=\"1782\">Letter Opinion LLC<\/p>\n<\/li>\n<li data-start=\"1783\" data-end=\"1839\">\n<p data-start=\"1787\" data-end=\"1839\">IMSS pension calculator in 2025 (Law 73)<\/p>\n<\/li>\n<li data-start=\"1840\" data-end=\"1894\">\n<p data-start=\"1844\" data-end=\"1894\">Amortization table and annual interest calculation<\/p>\n<\/li>\n<li data-start=\"1895\" data-end=\"1973\">\n<p data-start=\"1899\" data-end=\"1973\">2025 Batch Load Package for Fiscal Year 2025 and Fiscal Year prior to 2025<\/p>\n<\/li>\n<li data-start=\"1974\" data-end=\"2036\">\n<p data-start=\"1978\" data-end=\"2036\">New DIOT Batch Load for 2024 and previous years<\/p>\n<\/li>\n<li data-start=\"2037\" data-end=\"2138\">\n<p data-start=\"2041\" data-end=\"2138\">Free written RFC statement and effective control of the company to obtain EFIRMA 2025<\/p>\n<\/li>\n<li data-start=\"2139\" data-end=\"2172\">\n<p data-start=\"2143\" data-end=\"2172\">New DIOT 2025 Batch Load<\/p>\n<\/li>\n<li data-start=\"2173\" data-end=\"2246\">\n<p data-start=\"2177\" data-end=\"2246\">Excel Workpaper Package for Corporate Taxes<\/p>\n<\/li>\n<li data-start=\"2247\" data-end=\"2289\">\n<p data-start=\"2251\" data-end=\"2289\">Depreciation Calculator in Excel<\/p>\n<\/li>\n<li data-start=\"2290\" data-end=\"2401\">\n<p data-start=\"2294\" data-end=\"2401\">2025 Working paper for calculating taxes for individuals with business and professional activity<\/p>\n<\/li>\n<li data-start=\"2402\" data-end=\"2441\">\n<p data-start=\"2406\" data-end=\"2441\">Mexico Payroll Calculator 2025<\/p>\n<\/li>\n<li data-start=\"2456\" data-end=\"2529\">\n<p data-start=\"2460\" data-end=\"2529\">Working paper for the preparation of basic financial statements<\/p>\n<\/li>\n<li data-start=\"2530\" data-end=\"2590\">\n<p data-start=\"2534\" data-end=\"2590\">Hourly cost calculator for accounting services<\/p>\n<\/li>\n<li data-start=\"2591\" data-end=\"2692\">\n<p data-start=\"2595\" data-end=\"2692\">Work papers for the response to IVA credit balance requests<\/p>\n<\/li>\n<li data-start=\"2693\" data-end=\"2786\">\n<p data-start=\"2697\" data-end=\"2786\">Working papers for the annual declaration of a legal entity 2023 and 2022 RESICO and general regime<\/p>\n<\/li>\n<li data-start=\"2844\" data-end=\"2903\">\n<p data-start=\"2848\" data-end=\"2903\">Constitution of a Simplified Stock Company (SAS)<\/p>\n<\/li>\n<li data-start=\"2904\" data-end=\"2946\">\n<p data-start=\"2908\" data-end=\"2946\">Annual declaration of salaries and wages<\/p>\n<\/li>\n<li data-start=\"2947\" data-end=\"2966\">\n<p data-start=\"2951\" data-end=\"2966\">opinion letter<\/p>\n<\/li>\n<li data-start=\"2967\" data-end=\"3040\">\n<p data-start=\"2971\" data-end=\"3040\">Free writing for change of RESICO PM to Title II (General Law)<\/p>\n<\/li>\n<li data-start=\"3041\" data-end=\"3152\">\n<p data-start=\"3045\" data-end=\"3152\">Working paper: annual declaration of individual business and professional activity 2023 (version $799)<\/p>\n<\/li>\n<li data-start=\"3153\" data-end=\"3264\">\n<p data-start=\"3157\" data-end=\"3264\">Working paper: annual declaration of individual business and professional activity 2023 (version $649)<\/p>\n<\/li>\n<li data-start=\"3265\" data-end=\"3371\">\n<p data-start=\"3269\" data-end=\"3371\">Working paper for calculating taxes for individuals with business and professional activity<\/p>\n<\/li>\n<li data-start=\"3444\" data-end=\"3500\">\n<p data-start=\"3448\" data-end=\"3500\">Company formation for Mexican citizens<\/p>\n<\/li>\n<li data-start=\"3501\" data-end=\"3550\">\n<p data-start=\"3505\" data-end=\"3550\">Checklist for accounting and tax closing in Excel<\/p>\n<\/li>\n<li data-start=\"3551\" data-end=\"3603\">\n<p data-start=\"3555\" data-end=\"3603\">Word Format Assembly Capital Increase<\/p>\n<\/li>\n<li data-start=\"3604\" data-end=\"3670\">\n<p data-start=\"3608\" data-end=\"3670\">Free Written Request for Payment in SAT Installments<\/p>\n<\/li>\n<li data-start=\"3671\" data-end=\"3739\">\n<p data-start=\"3675\" data-end=\"3739\">Individual Employment Contract for an Indefinite Period (Word)<\/p>\n<\/li>\n<li data-start=\"3740\" data-end=\"3831\">\n<p data-start=\"3744\" data-end=\"3831\">Individual employment contract for an indefinite period subject to a trial period<\/p>\n<\/li>\n<li data-start=\"3832\" data-end=\"3908\">\n<p data-start=\"3836\" data-end=\"3908\">Professional services contract in Word format (Spanish and English)<\/p>\n<\/li>\n<li data-start=\"3909\" data-end=\"3954\">\n<p data-start=\"3913\" data-end=\"3954\">AGAPES 2024 Dividend Calculator<\/p>\n<\/li>\n<li data-start=\"3955\" data-end=\"4000\">\n<p data-start=\"3959\" data-end=\"4000\">AGAPES Annual and Monthly Working Paper<\/p>\n<\/li>\n<li data-start=\"4001\" data-end=\"4066\">\n<p data-start=\"4005\" data-end=\"4066\">Format of minutes of the dividend meeting before and after 2014<\/p>\n<\/li>\n<li data-start=\"4067\" data-end=\"4114\">\n<p data-start=\"4071\" data-end=\"4114\">Company formation for foreigners<\/p>\n<\/li>\n<li data-start=\"4115\" data-end=\"4211\">\n<p data-start=\"4119\" data-end=\"4211\">ISR Working Paper and Monthly Advances 2024 for Civil Societies (SC) (Title II)<\/p>\n<\/li>\n<li data-start=\"4212\" data-end=\"4256\">\n<p data-start=\"4216\" data-end=\"4256\">Accounting Policies Format in Word<\/p>\n<\/li>\n<li data-start=\"4257\" data-end=\"4313\">\n<p data-start=\"4261\" data-end=\"4313\">Excel format for petty cash audit<\/p>\n<\/li>\n<li data-start=\"4314\" data-end=\"4350\">\n<p data-start=\"4318\" data-end=\"4350\">Bank Reconciliation in Excel<\/p>\n<\/li>\n<li data-start=\"4351\" data-end=\"4403\">\n<p data-start=\"4355\" data-end=\"4403\">Working paper for calculating ISR RESICO<\/p>\n<\/li>\n<li data-start=\"4404\" data-end=\"4472\">\n<p data-start=\"4408\" data-end=\"4472\">Loan Agreement Format with Interest (Spanish and English)<\/p>\n<\/li>\n<li data-start=\"4473\" data-end=\"4539\">\n<p data-start=\"4477\" data-end=\"4539\">Package of Writings to Answer SAT Invitation Letters<\/p>\n<\/li>\n<\/ul>\n<p data-start=\"934\" data-end=\"1082\">\n<span class=\"et_bloom_bottom_trigger\"><\/span>","protected":false},"excerpt":{"rendered":"<p data-start=\"107\" data-end=\"396\"><strong data-start=\"75\" data-end=\"110\">Take advantage of this great promotion!<br \/>\n<\/strong>Get <strong data-start=\"119\" data-end=\"175\">all our working papers in one package<\/strong> for only <strong data-start=\"185\" data-end=\"209\">12 payments of $999 MXN<\/strong>.<br data-start=\"210\" data-end=\"213\" data-is-only-node=\"\" \/>More than 50 tools in Excel, Word formats, and calculators to facilitate your accounting, comply with tax obligations, and optimize financial management.<br data-start=\"374\" data-end=\"377\" \/>Ideal for accountants, law firms, businesses, and entrepreneurs.<\/p>","protected":false},"featured_media":6017,"comment_status":"open","ping_status":"closed","template":"","meta":{"_et_pb_use_builder":"","_et_pb_old_content":"","_et_gb_content_width":"","_joinchat":[]},"product_brand":[],"product_cat":[74,156,157,158,34],"product_tag":[],"class_list":{"0":"post-6018","1":"product","2":"type-product","3":"status-publish","4":"has-post-thumbnail","6":"product_cat-papel-de-trabajo","7":"product_cat-papeles-de-trabajo-fisica","8":"product_cat-personas-fisicas-o-resico","9":"product_cat-personas-morales","10":"product_cat-todos-los-servicios","12":"first","13":"instock","14":"sale","15":"downloadable","16":"virtual","17":"purchasable","18":"product-type-simple"},"yoast_head":"<!-- This site is optimized with the Yoast SEO plugin v27.5 - https:\/\/yoast.com\/product\/yoast-seo-wordpress\/ -->\n<title>Todos los papeles de trabajo TaxID - TAX ID<\/title>\n<meta name=\"description\" content=\"Obt\u00e9n todos los papeles de trabajo de TAX ID en un solo paquete. M\u00e1s de 30 herramientas y formatos listos para descarga. P\u00e1galo en 12 pagos de $999 MXN.\" \/>\n<meta name=\"robots\" content=\"index, follow, max-snippet:-1, max-image-preview:large, max-video-preview:-1\" \/>\n<link rel=\"canonical\" href=\"https:\/\/taxid.mx\/english\/tienda\/papel-de-trabajo\/papeles-de-trabajo-fisica\/todos-los-papeles-de-trabajo-taxid\/\" \/>\n<meta property=\"og:locale\" content=\"en_US\" \/>\n<meta property=\"og:type\" content=\"article\" \/>\n<meta property=\"og:title\" content=\"Todos los papeles de trabajo TaxID - TAX ID\" \/>\n<meta property=\"og:description\" content=\"Obt\u00e9n todos los papeles de trabajo de TAX ID en un solo paquete. M\u00e1s de 30 herramientas y formatos listos para descarga. P\u00e1galo en 12 pagos de $999 MXN.\" \/>\n<meta property=\"og:url\" content=\"https:\/\/taxid.mx\/english\/tienda\/papel-de-trabajo\/papeles-de-trabajo-fisica\/todos-los-papeles-de-trabajo-taxid\/\" \/>\n<meta property=\"og:site_name\" content=\"TAX ID\" \/>\n<meta property=\"article:modified_time\" content=\"2026-01-22T18:38:03+00:00\" \/>\n<meta property=\"og:image\" content=\"https:\/\/taxid.mx\/wp-content\/uploads\/2025\/08\/tax-id-descuentos-1-1.png\" \/>\n\t<meta property=\"og:image:width\" content=\"1200\" \/>\n\t<meta property=\"og:image:height\" content=\"1200\" \/>\n\t<meta property=\"og:image:type\" content=\"image\/png\" \/>\n<meta name=\"twitter:card\" content=\"summary_large_image\" \/>\n<meta name=\"twitter:label1\" content=\"Est. reading time\" \/>\n\t<meta name=\"twitter:data1\" content=\"4 minutes\" \/>\n<script type=\"application\/ld+json\" class=\"yoast-schema-graph\">{\"@context\":\"https:\\\/\\\/schema.org\",\"@graph\":[{\"@type\":\"WebPage\",\"@id\":\"https:\\\/\\\/taxid.mx\\\/tienda\\\/papel-de-trabajo\\\/papeles-de-trabajo-fisica\\\/todos-los-papeles-de-trabajo-taxid\\\/\",\"url\":\"https:\\\/\\\/taxid.mx\\\/tienda\\\/papel-de-trabajo\\\/papeles-de-trabajo-fisica\\\/todos-los-papeles-de-trabajo-taxid\\\/\",\"name\":\"Todos los papeles de trabajo TaxID - TAX ID\",\"isPartOf\":{\"@id\":\"https:\\\/\\\/taxid.mx\\\/#website\"},\"primaryImageOfPage\":{\"@id\":\"https:\\\/\\\/taxid.mx\\\/tienda\\\/papel-de-trabajo\\\/papeles-de-trabajo-fisica\\\/todos-los-papeles-de-trabajo-taxid\\\/#primaryimage\"},\"image\":{\"@id\":\"https:\\\/\\\/taxid.mx\\\/tienda\\\/papel-de-trabajo\\\/papeles-de-trabajo-fisica\\\/todos-los-papeles-de-trabajo-taxid\\\/#primaryimage\"},\"thumbnailUrl\":\"https:\\\/\\\/taxid.mx\\\/wp-content\\\/uploads\\\/2025\\\/08\\\/tax-id-descuentos-1-1.png\",\"datePublished\":\"2025-08-14T23:06:31+00:00\",\"dateModified\":\"2026-01-22T18:38:03+00:00\",\"description\":\"Obt\u00e9n todos los papeles de trabajo de TAX ID en un solo paquete. M\u00e1s de 30 herramientas y formatos listos para descarga. P\u00e1galo en 12 pagos de $999 MXN.\",\"breadcrumb\":{\"@id\":\"https:\\\/\\\/taxid.mx\\\/tienda\\\/papel-de-trabajo\\\/papeles-de-trabajo-fisica\\\/todos-los-papeles-de-trabajo-taxid\\\/#breadcrumb\"},\"inLanguage\":\"en-US\",\"potentialAction\":[{\"@type\":\"ReadAction\",\"target\":[\"https:\\\/\\\/taxid.mx\\\/tienda\\\/papel-de-trabajo\\\/papeles-de-trabajo-fisica\\\/todos-los-papeles-de-trabajo-taxid\\\/\"]}]},{\"@type\":\"ImageObject\",\"inLanguage\":\"en-US\",\"@id\":\"https:\\\/\\\/taxid.mx\\\/tienda\\\/papel-de-trabajo\\\/papeles-de-trabajo-fisica\\\/todos-los-papeles-de-trabajo-taxid\\\/#primaryimage\",\"url\":\"https:\\\/\\\/taxid.mx\\\/wp-content\\\/uploads\\\/2025\\\/08\\\/tax-id-descuentos-1-1.png\",\"contentUrl\":\"https:\\\/\\\/taxid.mx\\\/wp-content\\\/uploads\\\/2025\\\/08\\\/tax-id-descuentos-1-1.png\",\"width\":1200,\"height\":1200,\"caption\":\"Declraci\u00f3n anual 2025 PM\"},{\"@type\":\"BreadcrumbList\",\"@id\":\"https:\\\/\\\/taxid.mx\\\/tienda\\\/papel-de-trabajo\\\/papeles-de-trabajo-fisica\\\/todos-los-papeles-de-trabajo-taxid\\\/#breadcrumb\",\"itemListElement\":[{\"@type\":\"ListItem\",\"position\":1,\"name\":\"Portada\",\"item\":\"https:\\\/\\\/taxid.mx\\\/\"},{\"@type\":\"ListItem\",\"position\":2,\"name\":\"Tienda\",\"item\":\"https:\\\/\\\/taxid.mx\\\/tienda\\\/\"},{\"@type\":\"ListItem\",\"position\":3,\"name\":\"Todos los papeles de trabajo TaxID\"}]},{\"@type\":\"WebSite\",\"@id\":\"https:\\\/\\\/taxid.mx\\\/#website\",\"url\":\"https:\\\/\\\/taxid.mx\\\/\",\"name\":\"TAX ID\",\"description\":\"Despacho de contadores en M\u00e9xico\",\"potentialAction\":[{\"@type\":\"SearchAction\",\"target\":{\"@type\":\"EntryPoint\",\"urlTemplate\":\"https:\\\/\\\/taxid.mx\\\/?s={search_term_string}\"},\"query-input\":{\"@type\":\"PropertyValueSpecification\",\"valueRequired\":true,\"valueName\":\"search_term_string\"}}],\"inLanguage\":\"en-US\"}]}<\/script>\n<!-- \/ Yoast SEO plugin. -->","yoast_head_json":{"title":"All TaxID - TAX ID working papers","description":"Get all your TAX ID worksheets in one package. More than 30 tools and forms ready to download. Pay in 12 installments of $999 MXN.","robots":{"index":"index","follow":"follow","max-snippet":"max-snippet:-1","max-image-preview":"max-image-preview:large","max-video-preview":"max-video-preview:-1"},"canonical":"https:\/\/taxid.mx\/english\/tienda\/papel-de-trabajo\/papeles-de-trabajo-fisica\/todos-los-papeles-de-trabajo-taxid\/","og_locale":"en_US","og_type":"article","og_title":"Todos los papeles de trabajo TaxID - TAX ID","og_description":"Obt\u00e9n todos los papeles de trabajo de TAX ID en un solo paquete. M\u00e1s de 30 herramientas y formatos listos para descarga. P\u00e1galo en 12 pagos de $999 MXN.","og_url":"https:\/\/taxid.mx\/english\/tienda\/papel-de-trabajo\/papeles-de-trabajo-fisica\/todos-los-papeles-de-trabajo-taxid\/","og_site_name":"TAX ID","article_modified_time":"2026-01-22T18:38:03+00:00","og_image":[{"width":1200,"height":1200,"url":"https:\/\/taxid.mx\/wp-content\/uploads\/2025\/08\/tax-id-descuentos-1-1.png","type":"image\/png"}],"twitter_card":"summary_large_image","twitter_misc":{"Est. reading time":"4 minutes"},"schema":{"@context":"https:\/\/schema.org","@graph":[{"@type":"WebPage","@id":"https:\/\/taxid.mx\/tienda\/papel-de-trabajo\/papeles-de-trabajo-fisica\/todos-los-papeles-de-trabajo-taxid\/","url":"https:\/\/taxid.mx\/tienda\/papel-de-trabajo\/papeles-de-trabajo-fisica\/todos-los-papeles-de-trabajo-taxid\/","name":"All TaxID - TAX ID working papers","isPartOf":{"@id":"https:\/\/taxid.mx\/#website"},"primaryImageOfPage":{"@id":"https:\/\/taxid.mx\/tienda\/papel-de-trabajo\/papeles-de-trabajo-fisica\/todos-los-papeles-de-trabajo-taxid\/#primaryimage"},"image":{"@id":"https:\/\/taxid.mx\/tienda\/papel-de-trabajo\/papeles-de-trabajo-fisica\/todos-los-papeles-de-trabajo-taxid\/#primaryimage"},"thumbnailUrl":"https:\/\/taxid.mx\/wp-content\/uploads\/2025\/08\/tax-id-descuentos-1-1.png","datePublished":"2025-08-14T23:06:31+00:00","dateModified":"2026-01-22T18:38:03+00:00","description":"Get all your TAX ID worksheets in one package. More than 30 tools and forms ready to download. Pay in 12 installments of $999 MXN.","breadcrumb":{"@id":"https:\/\/taxid.mx\/tienda\/papel-de-trabajo\/papeles-de-trabajo-fisica\/todos-los-papeles-de-trabajo-taxid\/#breadcrumb"},"inLanguage":"en-US","potentialAction":[{"@type":"ReadAction","target":["https:\/\/taxid.mx\/tienda\/papel-de-trabajo\/papeles-de-trabajo-fisica\/todos-los-papeles-de-trabajo-taxid\/"]}]},{"@type":"ImageObject","inLanguage":"en-US","@id":"https:\/\/taxid.mx\/tienda\/papel-de-trabajo\/papeles-de-trabajo-fisica\/todos-los-papeles-de-trabajo-taxid\/#primaryimage","url":"https:\/\/taxid.mx\/wp-content\/uploads\/2025\/08\/tax-id-descuentos-1-1.png","contentUrl":"https:\/\/taxid.mx\/wp-content\/uploads\/2025\/08\/tax-id-descuentos-1-1.png","width":1200,"height":1200,"caption":"Declraci\u00f3n anual 2025 PM"},{"@type":"BreadcrumbList","@id":"https:\/\/taxid.mx\/tienda\/papel-de-trabajo\/papeles-de-trabajo-fisica\/todos-los-papeles-de-trabajo-taxid\/#breadcrumb","itemListElement":[{"@type":"ListItem","position":1,"name":"Portada","item":"https:\/\/taxid.mx\/"},{"@type":"ListItem","position":2,"name":"Tienda","item":"https:\/\/taxid.mx\/tienda\/"},{"@type":"ListItem","position":3,"name":"Todos los papeles de trabajo TaxID"}]},{"@type":"WebSite","@id":"https:\/\/taxid.mx\/#website","url":"https:\/\/taxid.mx\/","name":"TAX-ID","description":"Accounting firm in Mexico","potentialAction":[{"@type":"SearchAction","target":{"@type":"EntryPoint","urlTemplate":"https:\/\/taxid.mx\/?s={search_term_string}"},"query-input":{"@type":"PropertyValueSpecification","valueRequired":true,"valueName":"search_term_string"}}],"inLanguage":"en-US"}]}},"_links":{"self":[{"href":"https:\/\/taxid.mx\/english\/wp-json\/wp\/v2\/product\/6018","targetHints":{"allow":["GET"]}}],"collection":[{"href":"https:\/\/taxid.mx\/english\/wp-json\/wp\/v2\/product"}],"about":[{"href":"https:\/\/taxid.mx\/english\/wp-json\/wp\/v2\/types\/product"}],"replies":[{"embeddable":true,"href":"https:\/\/taxid.mx\/english\/wp-json\/wp\/v2\/comments?post=6018"}],"wp:featuredmedia":[{"embeddable":true,"href":"https:\/\/taxid.mx\/english\/wp-json\/wp\/v2\/media\/6017"}],"wp:attachment":[{"href":"https:\/\/taxid.mx\/english\/wp-json\/wp\/v2\/media?parent=6018"}],"wp:term":[{"taxonomy":"product_brand","embeddable":true,"href":"https:\/\/taxid.mx\/english\/wp-json\/wp\/v2\/product_brand?post=6018"},{"taxonomy":"product_cat","embeddable":true,"href":"https:\/\/taxid.mx\/english\/wp-json\/wp\/v2\/product_cat?post=6018"},{"taxonomy":"product_tag","embeddable":true,"href":"https:\/\/taxid.mx\/english\/wp-json\/wp\/v2\/product_tag?post=6018"}],"curies":[{"name":"wp","href":"https:\/\/api.w.org\/{rel}","templated":true}]}}